{"id":979,"date":"2024-08-26T09:38:53","date_gmt":"2024-08-26T07:38:53","guid":{"rendered":"https:\/\/gala-laudenklos.de\/?page_id=979"},"modified":"2024-09-26T11:41:06","modified_gmt":"2024-09-26T09:41:06","slug":"spielgeraetebau","status":"publish","type":"page","link":"https:\/\/gala-laudenklos.de\/index.php\/spielgeraetebau\/","title":{"rendered":"Spielger\u00e4tebau"},"content":{"rendered":"\t\t<div data-elementor-type=\"wp-page\" data-elementor-id=\"979\" class=\"elementor elementor-979\">\n\t\t\t\t\t\t\t\t\t<div class=\"elementor-section elementor-top-section elementor-element elementor-element-f867604 elementor-section-full_width elementor-section-height-default elementor-section-height-default\" data-id=\"f867604\" data-element_type=\"section\" data-settings=\"{&quot;background_background&quot;:&quot;gradient&quot;}\">\n\t\t\t\t\t\t<div class=\"elementor-container elementor-column-gap-no\">\n\t\t\t\t\t<div class=\"elementor-column elementor-col-100 elementor-top-column elementor-element elementor-element-298cf43\" data-id=\"298cf43\" data-element_type=\"column\" data-settings=\"{&quot;background_background&quot;:&quot;classic&quot;}\">\n\t\t\t<div class=\"elementor-widget-wrap elementor-element-populated\">\n\t\t\t\t\t<div class=\"elementor-background-overlay\"><\/div>\n\t\t\t\t\t\t\t\t<div class=\"elementor-element elementor-element-4c5d573 elementor-widget__width-initial elementor-widget-tablet__width-initial elementor-widget-mobile__width-inherit elementor-widget elementor-widget-heading\" data-id=\"4c5d573\" data-element_type=\"widget\" data-widget_type=\"heading.default\">\n\t\t\t\t<div class=\"elementor-widget-container\">\n\t\t\t<style>\/*! elementor - v3.15.0 - 02-08-2023 *\/\n.elementor-heading-title{padding:0;margin:0;line-height:1}.elementor-widget-heading .elementor-heading-title[class*=elementor-size-]>a{color:inherit;font-size:inherit;line-height:inherit}.elementor-widget-heading .elementor-heading-title.elementor-size-small{font-size:15px}.elementor-widget-heading .elementor-heading-title.elementor-size-medium{font-size:19px}.elementor-widget-heading .elementor-heading-title.elementor-size-large{font-size:29px}.elementor-widget-heading .elementor-heading-title.elementor-size-xl{font-size:39px}.elementor-widget-heading .elementor-heading-title.elementor-size-xxl{font-size:59px}<\/style><h1 class=\"elementor-heading-title elementor-size-default\">Spielger\u00e4tebau<\/h1>\t\t<\/div>\n\t\t\t\t<\/div>\n\t\t\t\t\t<\/div>\n\t\t<\/div>\n\t\t\t\t\t\t\t<\/div>\n\t\t<\/div>\n\t\t\t\t<div class=\"elementor-section elementor-top-section elementor-element elementor-element-4fce43f elementor-section-boxed elementor-section-height-default elementor-section-height-default\" data-id=\"4fce43f\" data-element_type=\"section\">\n\t\t\t\t\t\t<div class=\"elementor-container elementor-column-gap-default\">\n\t\t\t\t\t<div class=\"elementor-column elementor-col-100 elementor-top-column elementor-element elementor-element-3f38a1d\" data-id=\"3f38a1d\" data-element_type=\"column\">\n\t\t\t<div class=\"elementor-widget-wrap elementor-element-populated\">\n\t\t\t\t\t\t\t\t<div class=\"elementor-element elementor-element-b23dbe0 elementor-widget elementor-widget-image\" data-id=\"b23dbe0\" data-element_type=\"widget\" data-widget_type=\"image.default\">\n\t\t\t\t<div class=\"elementor-widget-container\">\n\t\t\t<style>\/*! elementor - v3.15.0 - 02-08-2023 *\/\n.elementor-widget-image{text-align:center}.elementor-widget-image a{display:inline-block}.elementor-widget-image a img[src$=\".svg\"]{width:48px}.elementor-widget-image img{vertical-align:middle;display:inline-block}<\/style>\t\t\t\t\t\t\t\t\t\t\t\t<img loading=\"lazy\" decoding=\"async\" width=\"2560\" height=\"1578\" src=\"https:\/\/gala-laudenklos.de\/wp-content\/uploads\/2024\/08\/playground-park-against-sky-scaled-e1724658481845.jpg\" class=\"attachment-full size-full wp-image-985\" alt=\"\" srcset=\"https:\/\/gala-laudenklos.de\/wp-content\/uploads\/2024\/08\/playground-park-against-sky-scaled-e1724658481845.jpg 2560w, https:\/\/gala-laudenklos.de\/wp-content\/uploads\/2024\/08\/playground-park-against-sky-scaled-e1724658481845-300x185.jpg 300w, https:\/\/gala-laudenklos.de\/wp-content\/uploads\/2024\/08\/playground-park-against-sky-scaled-e1724658481845-1024x631.jpg 1024w, https:\/\/gala-laudenklos.de\/wp-content\/uploads\/2024\/08\/playground-park-against-sky-scaled-e1724658481845-768x473.jpg 768w, https:\/\/gala-laudenklos.de\/wp-content\/uploads\/2024\/08\/playground-park-against-sky-scaled-e1724658481845-1536x947.jpg 1536w, https:\/\/gala-laudenklos.de\/wp-content\/uploads\/2024\/08\/playground-park-against-sky-scaled-e1724658481845-2048x1262.jpg 2048w, https:\/\/gala-laudenklos.de\/wp-content\/uploads\/2024\/08\/playground-park-against-sky-scaled-e1724658481845-650x401.jpg 650w\" sizes=\"auto, (max-width: 2560px) 100vw, 2560px\" \/>\t\t\t\t\t\t\t\t\t\t\t\t\t\t\t<\/div>\n\t\t\t\t<\/div>\n\t\t\t\t\t<\/div>\n\t\t<\/div>\n\t\t\t\t\t\t\t<\/div>\n\t\t<\/div>\n\t\t\t\t<div class=\"elementor-section elementor-top-section elementor-element elementor-element-93b2a89 elementor-section-boxed elementor-section-height-default elementor-section-height-default\" data-id=\"93b2a89\" data-element_type=\"section\">\n\t\t\t\t\t\t<div class=\"elementor-container elementor-column-gap-default\">\n\t\t\t\t\t<div class=\"elementor-column elementor-col-100 elementor-top-column elementor-element elementor-element-479fc15\" data-id=\"479fc15\" data-element_type=\"column\">\n\t\t\t<div class=\"elementor-widget-wrap elementor-element-populated\">\n\t\t\t\t\t\t\t\t<div class=\"elementor-element elementor-element-34728c5 elementor-widget__width-initial elementor-widget-tablet__width-initial elementor-widget-mobile__width-inherit elementor-widget elementor-widget-heading\" data-id=\"34728c5\" data-element_type=\"widget\" data-widget_type=\"heading.default\">\n\t\t\t\t<div class=\"elementor-widget-container\">\n\t\t\t<h2 class=\"elementor-heading-title elementor-size-default\">Sicheres Spielvergn\u00fcgen \u2013 Ma\u00dfgeschneiderte Spielger\u00e4te f\u00fcr jede Anlage<\/h2>\t\t<\/div>\n\t\t\t\t<\/div>\n\t\t\t\t<section class=\"elementor-section elementor-inner-section elementor-element elementor-element-cda5ba0 elementor-section-boxed elementor-section-height-default elementor-section-height-default\" data-id=\"cda5ba0\" data-element_type=\"section\">\n\t\t\t\t\t\t<div class=\"elementor-container elementor-column-gap-no\">\n\t\t\t\t\t<div class=\"elementor-column elementor-col-50 elementor-inner-column elementor-element elementor-element-e9e7914\" data-id=\"e9e7914\" data-element_type=\"column\">\n\t\t\t<div class=\"elementor-widget-wrap elementor-element-populated\">\n\t\t\t\t\t\t\t\t<div class=\"elementor-element elementor-element-571cd4a e-transform elementor-widget elementor-widget-text-editor\" data-id=\"571cd4a\" data-element_type=\"widget\" data-settings=\"{&quot;_transform_translateX_effect&quot;:{&quot;unit&quot;:&quot;px&quot;,&quot;size&quot;:&quot;&quot;,&quot;sizes&quot;:[]},&quot;_transform_translateX_effect_tablet&quot;:{&quot;unit&quot;:&quot;px&quot;,&quot;size&quot;:&quot;&quot;,&quot;sizes&quot;:[]},&quot;_transform_translateX_effect_mobile&quot;:{&quot;unit&quot;:&quot;px&quot;,&quot;size&quot;:&quot;&quot;,&quot;sizes&quot;:[]},&quot;_transform_translateY_effect&quot;:{&quot;unit&quot;:&quot;px&quot;,&quot;size&quot;:&quot;&quot;,&quot;sizes&quot;:[]},&quot;_transform_translateY_effect_tablet&quot;:{&quot;unit&quot;:&quot;px&quot;,&quot;size&quot;:&quot;&quot;,&quot;sizes&quot;:[]},&quot;_transform_translateY_effect_mobile&quot;:{&quot;unit&quot;:&quot;px&quot;,&quot;size&quot;:&quot;&quot;,&quot;sizes&quot;:[]}}\" data-widget_type=\"text-editor.default\">\n\t\t\t\t<div class=\"elementor-widget-container\">\n\t\t\t<style>\/*! elementor - v3.15.0 - 02-08-2023 *\/\n.elementor-widget-text-editor.elementor-drop-cap-view-stacked .elementor-drop-cap{background-color:#69727d;color:#fff}.elementor-widget-text-editor.elementor-drop-cap-view-framed .elementor-drop-cap{color:#69727d;border:3px solid;background-color:transparent}.elementor-widget-text-editor:not(.elementor-drop-cap-view-default) .elementor-drop-cap{margin-top:8px}.elementor-widget-text-editor:not(.elementor-drop-cap-view-default) .elementor-drop-cap-letter{width:1em;height:1em}.elementor-widget-text-editor .elementor-drop-cap{float:left;text-align:center;line-height:1;font-size:50px}.elementor-widget-text-editor .elementor-drop-cap-letter{display:inline-block}<\/style>\t\t\t\t<div class=\"flex-shrink-0 flex flex-col relative items-end\"><div class=\"pt-0\"><div class=\"gizmo-bot-avatar flex h-8 w-8 items-center justify-center overflow-hidden rounded-full\"><div class=\"flex-shrink-0 flex flex-col relative items-end\"><div class=\"pt-0\"><div class=\"flex-shrink-0 flex flex-col relative items-end\"><div class=\"pt-0\"><div class=\"gizmo-bot-avatar flex h-8 w-8 items-center justify-center overflow-hidden rounded-full\"><div><div class=\"flex-shrink-0 flex flex-col relative items-end\"><div><div class=\"pt-0\"><div class=\"gizmo-bot-avatar flex h-8 w-8 items-center justify-center overflow-hidden rounded-full\"><div>Wir bieten individuellen Spielger\u00e4tebau im Rhein-Neckar-Kreis, perfekt abgestimmt auf Ihre Anforderungen. <span style=\"color: #84b317;\">Ob Kletterger\u00fcste, Schaukeln oder Sonderanfertigungen \u2013 unsere L\u00f6sungen sind sicher, langlebig und hochwertig.<\/span> Von der Planung bis zur Montage sorgen wir daf\u00fcr, dass Ihre Spielpl\u00e4tze sowohl kreativ als auch funktional gestaltet sind.<\/div><\/div><\/div><\/div><\/div><\/div><\/div><\/div><\/div><\/div><\/div><\/div><\/div><\/div>\t\t\t\t\t\t<\/div>\n\t\t\t\t<\/div>\n\t\t\t\t\t<\/div>\n\t\t<\/div>\n\t\t\t\t<div class=\"elementor-column elementor-col-50 elementor-inner-column elementor-element elementor-element-cdd7e57\" data-id=\"cdd7e57\" data-element_type=\"column\">\n\t\t\t<div class=\"elementor-widget-wrap elementor-element-populated\">\n\t\t\t\t\t\t\t\t<div class=\"elementor-element elementor-element-68af259 elementor-widget elementor-widget-text-editor\" data-id=\"68af259\" data-element_type=\"widget\" data-widget_type=\"text-editor.default\">\n\t\t\t\t<div class=\"elementor-widget-container\">\n\t\t\t\t\t\t\t<p>Unser Unternehmen bietet Ihnen im Rhein-Neckar-Kreis ma\u00dfgeschneiderte L\u00f6sungen im Bereich Spielger\u00e4tebau. Egal ob Kletterger\u00fcste, Schaukeln, Rutschen oder individuelle Spielger\u00e4te \u2013 wir planen und realisieren sichere und langlebige Spielanlagen, die perfekt auf Ihre W\u00fcnsche und Anforderungen abgestimmt sind. Mit unserer Erfahrung im Garten- und Landschaftsbau wissen wir genau, worauf es bei der Gestaltung von Spielpl\u00e4tzen ankommt.<\/p>\t\t\t\t\t\t<\/div>\n\t\t\t\t<\/div>\n\t\t\t\t<div class=\"elementor-element elementor-element-cc7f1a7 elementor-widget elementor-widget-text-editor\" data-id=\"cc7f1a7\" data-element_type=\"widget\" data-widget_type=\"text-editor.default\">\n\t\t\t\t<div class=\"elementor-widget-container\">\n\t\t\t\t\t\t\t<p>Sicherheit steht f\u00fcr uns dabei an erster Stelle. Deshalb verwenden wir nur hochwertige Materialien und achten auf eine fachgerechte Installation, die den aktuellen Sicherheitsstandards entspricht. Ob in privaten G\u00e4rten, auf \u00f6ffentlichen Pl\u00e4tzen oder in Kinderg\u00e4rten \u2013 wir gestalten kreative und funktionale Spielger\u00e4te, die Kinderaugen zum Leuchten bringen und gleichzeitig den h\u00f6chsten Sicherheitsanspr\u00fcchen gen\u00fcgen.<\/p>\t\t\t\t\t\t<\/div>\n\t\t\t\t<\/div>\n\t\t\t\t<div class=\"elementor-element elementor-element-460df2e elementor-widget elementor-widget-text-editor\" data-id=\"460df2e\" data-element_type=\"widget\" data-widget_type=\"text-editor.default\">\n\t\t\t\t<div class=\"elementor-widget-container\">\n\t\t\t\t\t\t\t<p>Wir stehen Ihnen von der Planung \u00fcber die Auswahl der Materialien bis hin zur Montage zur Seite, um eine ma\u00dfgeschneiderte L\u00f6sung f\u00fcr Ihren Spielplatz zu schaffen. Vertrauen Sie auf unsere Expertise im Spielger\u00e4tebau, um eine sichere und spannende Spielumgebung zu gestalten. Lassen Sie uns gemeinsam einen Spielplatz planen, der Kinder begeistert und gleichzeitig Ihre Anforderungen erf\u00fcllt \u2013 von klassischen Spielger\u00e4ten bis hin zu individuellen Sonderanfertigungen.<\/p>\t\t\t\t\t\t<\/div>\n\t\t\t\t<\/div>\n\t\t\t\t\t<\/div>\n\t\t<\/div>\n\t\t\t\t\t\t\t<\/div>\n\t\t<\/section>\n\t\t\t\t\t<\/div>\n\t\t<\/div>\n\t\t\t\t\t\t\t<\/div>\n\t\t<\/div>\n\t\t\t\t<section class=\"elementor-section elementor-top-section elementor-element elementor-element-0ae5c77 elementor-section-full_width elementor-section-height-default elementor-section-height-default\" data-id=\"0ae5c77\" data-element_type=\"section\">\n\t\t\t\t\t\t<div class=\"elementor-container elementor-column-gap-default\">\n\t\t\t\t\t<div class=\"elementor-column elementor-col-33 elementor-top-column elementor-element elementor-element-010a849\" data-id=\"010a849\" data-element_type=\"column\">\n\t\t\t<div class=\"elementor-widget-wrap elementor-element-populated\">\n\t\t\t\t\t\t\t\t<div class=\"elementor-element elementor-element-53c8c31 animated-slow elementor-invisible elementor-widget elementor-widget-image\" data-id=\"53c8c31\" data-element_type=\"widget\" data-settings=\"{&quot;_animation&quot;:&quot;fadeIn&quot;}\" data-widget_type=\"image.default\">\n\t\t\t\t<div class=\"elementor-widget-container\">\n\t\t\t\t\t\t\t\t\t\t\t\t\t\t\t<img loading=\"lazy\" decoding=\"async\" width=\"2560\" height=\"1707\" src=\"https:\/\/gala-laudenklos.de\/wp-content\/uploads\/2024\/08\/garden-surrounded-by-greenery-blue-red-swings-sunlight-huatulco-mexico-scaled.jpg\" class=\"attachment-full size-full wp-image-986\" alt=\"\" srcset=\"https:\/\/gala-laudenklos.de\/wp-content\/uploads\/2024\/08\/garden-surrounded-by-greenery-blue-red-swings-sunlight-huatulco-mexico-scaled.jpg 2560w, https:\/\/gala-laudenklos.de\/wp-content\/uploads\/2024\/08\/garden-surrounded-by-greenery-blue-red-swings-sunlight-huatulco-mexico-300x200.jpg 300w, https:\/\/gala-laudenklos.de\/wp-content\/uploads\/2024\/08\/garden-surrounded-by-greenery-blue-red-swings-sunlight-huatulco-mexico-1024x683.jpg 1024w, https:\/\/gala-laudenklos.de\/wp-content\/uploads\/2024\/08\/garden-surrounded-by-greenery-blue-red-swings-sunlight-huatulco-mexico-768x512.jpg 768w, https:\/\/gala-laudenklos.de\/wp-content\/uploads\/2024\/08\/garden-surrounded-by-greenery-blue-red-swings-sunlight-huatulco-mexico-1536x1024.jpg 1536w, https:\/\/gala-laudenklos.de\/wp-content\/uploads\/2024\/08\/garden-surrounded-by-greenery-blue-red-swings-sunlight-huatulco-mexico-2048x1365.jpg 2048w, https:\/\/gala-laudenklos.de\/wp-content\/uploads\/2024\/08\/garden-surrounded-by-greenery-blue-red-swings-sunlight-huatulco-mexico-650x433.jpg 650w\" sizes=\"auto, (max-width: 2560px) 100vw, 2560px\" \/>\t\t\t\t\t\t\t\t\t\t\t\t\t\t\t<\/div>\n\t\t\t\t<\/div>\n\t\t\t\t\t<\/div>\n\t\t<\/div>\n\t\t\t\t<div class=\"elementor-column elementor-col-33 elementor-top-column elementor-element elementor-element-98df3cf\" data-id=\"98df3cf\" data-element_type=\"column\">\n\t\t\t<div class=\"elementor-widget-wrap elementor-element-populated\">\n\t\t\t\t\t\t\t\t<div class=\"elementor-element elementor-element-c7ad011 animated-slow elementor-invisible elementor-widget elementor-widget-image\" data-id=\"c7ad011\" data-element_type=\"widget\" data-settings=\"{&quot;_animation&quot;:&quot;fadeIn&quot;}\" data-widget_type=\"image.default\">\n\t\t\t\t<div class=\"elementor-widget-container\">\n\t\t\t\t\t\t\t\t\t\t\t\t\t\t\t<img loading=\"lazy\" decoding=\"async\" width=\"2560\" height=\"1707\" src=\"https:\/\/gala-laudenklos.de\/wp-content\/uploads\/2024\/08\/empty-playground-children-leisure-recreation-with-toy-park-as-child-natural-style-playground-swing-mom-baby-scaled.jpg\" class=\"attachment-full size-full wp-image-987\" alt=\"\" srcset=\"https:\/\/gala-laudenklos.de\/wp-content\/uploads\/2024\/08\/empty-playground-children-leisure-recreation-with-toy-park-as-child-natural-style-playground-swing-mom-baby-scaled.jpg 2560w, https:\/\/gala-laudenklos.de\/wp-content\/uploads\/2024\/08\/empty-playground-children-leisure-recreation-with-toy-park-as-child-natural-style-playground-swing-mom-baby-300x200.jpg 300w, https:\/\/gala-laudenklos.de\/wp-content\/uploads\/2024\/08\/empty-playground-children-leisure-recreation-with-toy-park-as-child-natural-style-playground-swing-mom-baby-1024x683.jpg 1024w, https:\/\/gala-laudenklos.de\/wp-content\/uploads\/2024\/08\/empty-playground-children-leisure-recreation-with-toy-park-as-child-natural-style-playground-swing-mom-baby-768x512.jpg 768w, https:\/\/gala-laudenklos.de\/wp-content\/uploads\/2024\/08\/empty-playground-children-leisure-recreation-with-toy-park-as-child-natural-style-playground-swing-mom-baby-1536x1024.jpg 1536w, https:\/\/gala-laudenklos.de\/wp-content\/uploads\/2024\/08\/empty-playground-children-leisure-recreation-with-toy-park-as-child-natural-style-playground-swing-mom-baby-2048x1365.jpg 2048w, https:\/\/gala-laudenklos.de\/wp-content\/uploads\/2024\/08\/empty-playground-children-leisure-recreation-with-toy-park-as-child-natural-style-playground-swing-mom-baby-650x433.jpg 650w\" sizes=\"auto, (max-width: 2560px) 100vw, 2560px\" \/>\t\t\t\t\t\t\t\t\t\t\t\t\t\t\t<\/div>\n\t\t\t\t<\/div>\n\t\t\t\t\t<\/div>\n\t\t<\/div>\n\t\t\t\t<div class=\"elementor-column elementor-col-33 elementor-top-column elementor-element elementor-element-5261925\" data-id=\"5261925\" data-element_type=\"column\">\n\t\t\t<div class=\"elementor-widget-wrap elementor-element-populated\">\n\t\t\t\t\t\t\t\t<div class=\"elementor-element elementor-element-7a39257 animated-slow elementor-invisible elementor-widget elementor-widget-image\" data-id=\"7a39257\" data-element_type=\"widget\" data-settings=\"{&quot;_animation&quot;:&quot;fadeIn&quot;}\" data-widget_type=\"image.default\">\n\t\t\t\t<div class=\"elementor-widget-container\">\n\t\t\t\t\t\t\t\t\t\t\t\t\t\t\t<img loading=\"lazy\" decoding=\"async\" width=\"2560\" height=\"1710\" src=\"https:\/\/gala-laudenklos.de\/wp-content\/uploads\/2024\/08\/small-playground-childrens-wooden-house-childrens-swing-scaled-e1724658774676.jpg\" class=\"attachment-full size-full wp-image-988\" alt=\"\" srcset=\"https:\/\/gala-laudenklos.de\/wp-content\/uploads\/2024\/08\/small-playground-childrens-wooden-house-childrens-swing-scaled-e1724658774676.jpg 2560w, https:\/\/gala-laudenklos.de\/wp-content\/uploads\/2024\/08\/small-playground-childrens-wooden-house-childrens-swing-scaled-e1724658774676-300x200.jpg 300w, https:\/\/gala-laudenklos.de\/wp-content\/uploads\/2024\/08\/small-playground-childrens-wooden-house-childrens-swing-scaled-e1724658774676-1024x684.jpg 1024w, https:\/\/gala-laudenklos.de\/wp-content\/uploads\/2024\/08\/small-playground-childrens-wooden-house-childrens-swing-scaled-e1724658774676-768x513.jpg 768w, https:\/\/gala-laudenklos.de\/wp-content\/uploads\/2024\/08\/small-playground-childrens-wooden-house-childrens-swing-scaled-e1724658774676-1536x1026.jpg 1536w, https:\/\/gala-laudenklos.de\/wp-content\/uploads\/2024\/08\/small-playground-childrens-wooden-house-childrens-swing-scaled-e1724658774676-2048x1368.jpg 2048w, https:\/\/gala-laudenklos.de\/wp-content\/uploads\/2024\/08\/small-playground-childrens-wooden-house-childrens-swing-scaled-e1724658774676-650x434.jpg 650w\" sizes=\"auto, (max-width: 2560px) 100vw, 2560px\" \/>\t\t\t\t\t\t\t\t\t\t\t\t\t\t\t<\/div>\n\t\t\t\t<\/div>\n\t\t\t\t\t<\/div>\n\t\t<\/div>\n\t\t\t\t\t\t\t<\/div>\n\t\t<\/section>\n\t\t\t\t<section class=\"elementor-section elementor-top-section elementor-element elementor-element-1ff9ac4 elementor-section-boxed elementor-section-height-default elementor-section-height-default\" data-id=\"1ff9ac4\" data-element_type=\"section\">\n\t\t\t\t\t\t<div class=\"elementor-container elementor-column-gap-default\">\n\t\t\t\t\t<div class=\"elementor-column elementor-col-100 elementor-top-column elementor-element elementor-element-d6199d1\" data-id=\"d6199d1\" data-element_type=\"column\">\n\t\t\t<div class=\"elementor-widget-wrap elementor-element-populated\">\n\t\t\t\t\t\t\t\t<div class=\"elementor-element elementor-element-9f617dc elementor-align-center elementor-widget__width-initial elementor-widget elementor-widget-button\" data-id=\"9f617dc\" data-element_type=\"widget\" data-widget_type=\"button.default\">\n\t\t\t\t<div class=\"elementor-widget-container\">\n\t\t\t\t\t<div class=\"elementor-button-wrapper\">\n\t\t\t<a class=\"elementor-button elementor-button-link elementor-size-sm\" href=\"https:\/\/gala-laudenklos.de\/index.php\/unsere-leistungen\/\">\n\t\t\t\t\t\t<span class=\"elementor-button-content-wrapper\">\n\t\t\t\t\t\t<span class=\"elementor-button-text\">zur\u00fcck zu allen Leistungen<\/span>\n\t\t<\/span>\n\t\t\t\t\t<\/a>\n\t\t<\/div>\n\t\t\t\t<\/div>\n\t\t\t\t<\/div>\n\t\t\t\t\t<\/div>\n\t\t<\/div>\n\t\t\t\t\t\t\t<\/div>\n\t\t<\/section>\n\t\t\t\t\t\t\t<\/div>\n\t\t","protected":false},"excerpt":{"rendered":"<p>Spielger\u00e4tebau Sicheres Spielvergn\u00fcgen \u2013 Ma\u00dfgeschneiderte Spielger\u00e4te f\u00fcr jede Anlage Wir bieten individuellen Spielger\u00e4tebau im Rhein-Neckar-Kreis, perfekt abgestimmt auf Ihre Anforderungen. Ob Kletterger\u00fcste, [&hellip;]<\/p>\n","protected":false},"author":1,"featured_media":0,"parent":0,"menu_order":0,"comment_status":"closed","ping_status":"closed","template":"","meta":{"footnotes":""},"class_list":["post-979","page","type-page","status-publish","hentry"],"_links":{"self":[{"href":"https:\/\/gala-laudenklos.de\/index.php\/wp-json\/wp\/v2\/pages\/979","targetHints":{"allow":["GET"]}}],"collection":[{"href":"https:\/\/gala-laudenklos.de\/index.php\/wp-json\/wp\/v2\/pages"}],"about":[{"href":"https:\/\/gala-laudenklos.de\/index.php\/wp-json\/wp\/v2\/types\/page"}],"author":[{"embeddable":true,"href":"https:\/\/gala-laudenklos.de\/index.php\/wp-json\/wp\/v2\/users\/1"}],"replies":[{"embeddable":true,"href":"https:\/\/gala-laudenklos.de\/index.php\/wp-json\/wp\/v2\/comments?post=979"}],"version-history":[{"count":13,"href":"https:\/\/gala-laudenklos.de\/index.php\/wp-json\/wp\/v2\/pages\/979\/revisions"}],"predecessor-version":[{"id":1314,"href":"https:\/\/gala-laudenklos.de\/index.php\/wp-json\/wp\/v2\/pages\/979\/revisions\/1314"}],"wp:attachment":[{"href":"https:\/\/gala-laudenklos.de\/index.php\/wp-json\/wp\/v2\/media?parent=979"}],"curies":[{"name":"wp","href":"https:\/\/api.w.org\/{rel}","templated":true}]}}