{"id":966,"date":"2024-08-26T09:32:22","date_gmt":"2024-08-26T07:32:22","guid":{"rendered":"https:\/\/gala-laudenklos.de\/?page_id=966"},"modified":"2024-08-26T09:36:26","modified_gmt":"2024-08-26T07:36:26","slug":"agbs","status":"publish","type":"page","link":"https:\/\/gala-laudenklos.de\/index.php\/agbs\/","title":{"rendered":"AGBs"},"content":{"rendered":"\t\t<div data-elementor-type=\"wp-page\" data-elementor-id=\"966\" class=\"elementor elementor-966\">\n\t\t\t\t\t\t\t\t\t<section class=\"elementor-section elementor-top-section elementor-element elementor-element-bff5681 elementor-section-boxed elementor-section-height-default elementor-section-height-default\" data-id=\"bff5681\" data-element_type=\"section\">\n\t\t\t\t\t\t<div class=\"elementor-container elementor-column-gap-default\">\n\t\t\t\t\t<div class=\"elementor-column elementor-col-50 elementor-top-column elementor-element elementor-element-34240ba\" data-id=\"34240ba\" data-element_type=\"column\">\n\t\t\t<div class=\"elementor-widget-wrap elementor-element-populated\">\n\t\t\t\t\t\t\t\t<div class=\"elementor-element elementor-element-b88f1c4 animated-fast elementor-invisible elementor-widget elementor-widget-heading\" data-id=\"b88f1c4\" data-element_type=\"widget\" data-settings=\"{&quot;_animation&quot;:&quot;fadeInUp&quot;,&quot;_animation_delay&quot;:100}\" data-widget_type=\"heading.default\">\n\t\t\t\t<div class=\"elementor-widget-container\">\n\t\t\t<style>\/*! elementor - v3.15.0 - 02-08-2023 *\/\n.elementor-heading-title{padding:0;margin:0;line-height:1}.elementor-widget-heading .elementor-heading-title[class*=elementor-size-]>a{color:inherit;font-size:inherit;line-height:inherit}.elementor-widget-heading .elementor-heading-title.elementor-size-small{font-size:15px}.elementor-widget-heading .elementor-heading-title.elementor-size-medium{font-size:19px}.elementor-widget-heading .elementor-heading-title.elementor-size-large{font-size:29px}.elementor-widget-heading .elementor-heading-title.elementor-size-xl{font-size:39px}.elementor-widget-heading .elementor-heading-title.elementor-size-xxl{font-size:59px}<\/style><h2 class=\"elementor-heading-title elementor-size-default\">Allgemeine Gesch\u00e4ftsbedingungen<\/h2>\t\t<\/div>\n\t\t\t\t<\/div>\n\t\t\t\t\t<\/div>\n\t\t<\/div>\n\t\t\t\t<div class=\"elementor-column elementor-col-50 elementor-top-column elementor-element elementor-element-96cec39\" data-id=\"96cec39\" data-element_type=\"column\">\n\t\t\t<div class=\"elementor-widget-wrap elementor-element-populated\">\n\t\t\t\t\t\t\t\t<div class=\"elementor-element elementor-element-18f20c7 animated-fast elementor-invisible elementor-widget elementor-widget-heading\" data-id=\"18f20c7\" data-element_type=\"widget\" data-settings=\"{&quot;_animation&quot;:&quot;fadeInUp&quot;,&quot;_animation_delay&quot;:200}\" data-widget_type=\"heading.default\">\n\t\t\t\t<div class=\"elementor-widget-container\">\n\t\t\t<h3 class=\"elementor-heading-title elementor-size-default\">AGBs<\/h3>\t\t<\/div>\n\t\t\t\t<\/div>\n\t\t\t\t<div class=\"elementor-element elementor-element-e59025a animated-fast elementor-invisible elementor-widget elementor-widget-text-editor\" data-id=\"e59025a\" data-element_type=\"widget\" data-settings=\"{&quot;_animation&quot;:&quot;fadeInUp&quot;,&quot;_animation_delay&quot;:300}\" data-widget_type=\"text-editor.default\">\n\t\t\t\t<div class=\"elementor-widget-container\">\n\t\t\t<style>\/*! elementor - v3.15.0 - 02-08-2023 *\/\n.elementor-widget-text-editor.elementor-drop-cap-view-stacked .elementor-drop-cap{background-color:#69727d;color:#fff}.elementor-widget-text-editor.elementor-drop-cap-view-framed .elementor-drop-cap{color:#69727d;border:3px solid;background-color:transparent}.elementor-widget-text-editor:not(.elementor-drop-cap-view-default) .elementor-drop-cap{margin-top:8px}.elementor-widget-text-editor:not(.elementor-drop-cap-view-default) .elementor-drop-cap-letter{width:1em;height:1em}.elementor-widget-text-editor .elementor-drop-cap{float:left;text-align:center;line-height:1;font-size:50px}.elementor-widget-text-editor .elementor-drop-cap-letter{display:inline-block}<\/style>\t\t\t\t<p><b style=\"font-size: inherit; font-family: var(--uicore-typography--p-f,'Inter'); font-style: var(--uicore-typography--p-st,'normal'); letter-spacing: var(--uicore-typography--p-ls,'-0.027em'); text-transform: var(--uicore-typography--p-t,'none');\">\u00a7 1 Geltungsbereich\u00a0<\/b><\/p><p>Die Allgemeinen Gesch\u00e4ftsbedingungen (AGB) gelten im gesch\u00e4ftlichen Verkehr mit allen Vertragspartnern der Firma Marvin Laudenklos Garten- und Landschaftsbau und sind Bestandteil aller Liefer-, Werks-, und Dienstleitungsvertr\u00e4ge. Sie gelten sp\u00e4testens durch Auftragserteilung oder Annahme der Lieferung als anerkannt.<span class=\"Apple-converted-space\">\u00a0<\/span><\/p><p><b>\u00a7 2 Angebote<span class=\"Apple-converted-space\">\u00a0<\/span><\/b><\/p><p>S\u00e4mtliche Angebote verstehen sich freibleibend. Das Angebot wandelt sich durch die Unterschrift des Auftraggebers in einen rechtsverbindlichen Vertrag. F\u00fcr Art und Umfang der Lieferung gelten die in dem Angebot bzw. Auftragsbest\u00e4tigung festgelegten Vereinbarungen und Bedingungen. Erg\u00e4nzungen, \u00c4nderungen und Nebenabreden bed\u00fcrfen zu ihrer Wirksamkeit unserer schriftlichen Best\u00e4tigung. S\u00e4mtliche Preise werden im Angebot exklusive der jeweils g\u00fcltigen Mehrwertsteuer als Nettopreise ausgewiesen. Die Mehrwertsteuer wird am Ende des Angebots hinzugef\u00fcgt. \u00c4nderungen, Erg\u00e4nzungen zum Angebot bed\u00fcrfen der schriftlichen Best\u00e4tigung durch den Auftragnehmer. Mitarbeiter und sonstige vom Auftragnehmer herangezogene Arbeitskr\u00e4fte sind nicht zur Entgegennahme von \u00c4nderungen. Erg\u00e4nzungen oder Zusatzauftr\u00e4gen berechtigt.<span class=\"Apple-converted-space\">\u00a0<\/span><\/p><p><b>\u00a7 3 Ausf\u00fchrung<span class=\"Apple-converted-space\">\u00a0<\/span><\/b><\/p><p>Der Auftraggeber hat f\u00fcr die Aufrechterhaltung der \u00f6ffentlichen Ordnung auf der Baustelle zu sorgen und das Zusammenwirken der verschiedenen Unternehmer zu regeln. Er hat die erforderlichen \u00f6ffentlich-rechtlichen Genehmigungen und Erlaubnisse herbeizuf\u00fchren, ebenso die erforderlichen Unterlagen, f\u00fcr alle Gas-, Wasser-, Abwasser- , Strom-, und andere Versorgungsleitungen im Bereich des Bauvorhabens, zur Verf\u00fcgung zu stellen. Der Auftraggeber hat der Firma Marvin Laudenklos Garten- und Landschaftsbau die vorhandenen Anschl\u00fcsse f\u00fcr Wasser und Energie unentgeltlich zu \u00fcberlassen. Die Kosten f\u00fcr den Verbrauch tr\u00e4gt der Auftraggeber. Die Vergabe des Auftrages \u2013 ganz oder teilweise \u2013 an Subunternehmer, bleibt dem Auftragnehmer vorbehalten. Der Ausf\u00fchrungszeitpunkt ist witterungsabh\u00e4ngig. F\u00fcr Verz\u00f6gerungen durch Dritte (z.B. Materiallieferungen) \u00fcbernimmt die Firma Marvin Laudenklos Garten- und Landschaftsbau keine Haftung. Die Ausf\u00fchrung der Arbeiten des Garten- und Landschaftsbaus richtet sich nach dem zugrundeliegenden Vertrag und erfolgt nach den anerkannten Regeln der Technik, wie sie unter anderem aufbauend auf der Verordnung \u00fcber die Berufsbildung im Gartenbau in der Verdingungsordnung f\u00fcr Bauleistungen (VOB\/Teil C) \u201eAllgemeine Technische Vorschriften\u201c f\u00fcr Bauleistungen festgelegt sind. Dabei ist die Fertigstellungspflege zum Beispiel nach DIN 18916 und DIN 18917 nach Art, Umfang und Dauer gesondert zu vereinbaren. Die zur Ausf\u00fchrung der Leistungen erforderlichen Lagerpl\u00e4tze, Zufahrten und Anschl\u00fcsse (Strom, Wasser, u.a.) werden vom Auftraggeber auf dem Grundst\u00fcck unentgeltlich f\u00fcr den gesamten Zeitraum der Bauleistung in erforderlicher Menge zur Verf\u00fcgung gestellt.<span class=\"Apple-converted-space\">\u00a0<\/span><\/p><p><b>\u00a7 4 \u00dcberlassene Unterlagen<span class=\"Apple-converted-space\">\u00a0<\/span><\/b><\/p><p>An allen in Zusammenhang mit der Auftragserstellung dem Auftraggeber \u00fcberlassenen Unterlagen, wie z. B. Kalkulationen, Zeichnungen oder Lichtbilder, beh\u00e4lt sich die Firma Marvin Laudenklos Garten- und Landschaftsbau Eigentums- und Urheberrechte vor. Diese Unterlagen dienen der Vertragsabwicklung und d\u00fcrfen Dritten gegen\u00fcber nicht zug\u00e4nglich gemacht werden, es sei denn es wird eine ausdr\u00fcckliche schriftliche Genehmigung erteilt.<span class=\"Apple-converted-space\">\u00a0<\/span><\/p><p>\u00a7 5 Abrechnung und Zahlungsbedingungen<span class=\"Apple-converted-space\">\u00a0<\/span><\/p><p>Die Abrechnung erfolgt im Regelfall nach Aufma\u00df und tats\u00e4chlichem Material- und Arbeitsaufwand. Die Abrechnung des Materials erfolgt aufgrund von angefangenen Verkaufseinheiten. Eine andere Verg\u00fctung muss ausdr\u00fccklich vereinbart werden. Ma\u00dfgeblich sind die im Vertrag vereinbarten Preise. Preiserh\u00f6hungen sind m\u00f6glich, wenn sich nach Vertragsabschluss bestimmte Erschwernisse f\u00fcr die Leistungserbringung ergeben, die vor Angebotsabgabe dem Auftragnehmer nicht bekannt waren. Stundenlohnarbeiten und zus\u00e4tzliche, \u00fcber den urspr\u00fcnglichen Vertrag hinausgehende Leistungen und Lieferungen werden nach den hierf\u00fcr vereinbarten Verg\u00fctungss\u00e4tzen abgerechnet.<\/p><p><b>\u00a7 6 Abnahme<span class=\"Apple-converted-space\">\u00a0<\/span><\/b><\/p><p>Die Fertigstellung der Leistung wird vom Auftraggeber pers\u00f6nlich oder schriftlich in Form der Abschlussrechnung angezeigt. W\u00fcnscht der Auftraggeber eine Abnahmebesichtigung, so hat er diese innerhalb von 8 Werktagen gemeinsam mit dem Auftragnehmer durchzuf\u00fchren. Wird keine Abnahme verlangt, so gilt die Leistung als abgenommen mit Ablauf von 8 Werktagen nach der erfolgten Meldung der Fertigstellung. Hat der Auftraggeber die Leistung oder einen Teil der Leistung in Benutzung genommen, so gilt die Abnahme nach Ablauf von 6 Werktagen nach Beginn der Benutzung als erfolgt. Mit der Abnahme geht die Gefahr auf den Auftraggeber \u00fcber, sofern dieser sie nicht schon vorher nach VOB\/B \u00a7 7 tr\u00e4gt. Die Verg\u00fctung ist mit der Abnahme ohne Abzug sofort zur Zahlung f\u00e4llig, soweit nichts anderes vereinbart ist. F\u00fcr die Folgen des Zahlungsverzugs gelten die gesetzlichen Regeln, insbesondere tritt Verzug ohne weitere schriftliche Mahnung ein. Sofern nichts anderes vereinbart ist, bleiben angemessene Preis\u00e4nderungen wegen ver\u00e4nderten Lohn-, Material- und Vertriebskosten f\u00fcr Leistungen die 3 Monate oder sp\u00e4ter nach Vertragsschluss erfolgen, vorbehalten. Die Marvin Laudenklos Garten- und Landschaftsbau ist berechtigt, bei Vertragsabschluss eine Sicherheitsleistung oder Voraus- bzw. Abschlagszahlung zur Materialkostendeckung in H\u00f6he von 40 % des Auftragsvolumens zu verlangen. Mehrkosten, die dem Auftragnehmer durch \u00c4nderungsw\u00fcnsche des Auftraggebers nach Erteilung des Auftrags entstehen, tr\u00e4gt der Auftraggeber in voller H\u00f6he.<span class=\"Apple-converted-space\">\u00a0<\/span><\/p><p><b>\u00a7 7 Gew\u00e4hrleistung<span class=\"Apple-converted-space\">\u00a0<\/span><\/b><\/p><p>Der Auftragnehmer \u00fcbernimmt die Gew\u00e4hr, dass seine Leistungen zur Zeit der Abnahme ordnungsgem\u00e4\u00df ausgef\u00fchrt sind, den anerkannten Regeln der Technik entsprechen und nicht mit Fehlern behaftet sind, die den Wert oder die Tauglichkeit zu dem gew\u00f6hnlichen oder dem nach dem Vertrag vorausgesetzten Gebrauch aufheben oder mindern. F\u00fcr alle durch den Auftragnehmer erstellten Gewerke gelten die gesetzlichen Gew\u00e4hrleistungsfristen. M\u00e4ngel und Anspr\u00fcche sind innerhalb dieser Zeit anzumelden, um Gew\u00e4hrleistungsein-schr\u00e4nkungen oder -verlust zu vermeiden. Nimmt der Auftraggeber das Bauwerk in Benutzung, insbesondere ohne unsere ausdr\u00fcckliche Freigabe, so gilt das Bauwerk als abgenommen. Werden Bauwerke vor deren Fertigstellung in Betrieb genommen, so gehen jegliche Gew\u00e4hrleistungsanspr\u00fcche an uns verloren. Bei Zahlungsverzug kann die Firma Marvin Laudenklos Garten- und Landschaftsbau die Ausf\u00fchrung der M\u00e4ngelbeseitigung so lange ablehnen, bis die Rechnung durch den Auftraggeber vollst\u00e4ndig bezahlt ist. Unter besonderen Umst\u00e4nden kann die Gew\u00e4hrleistung f\u00fcr einzelne Arbeiten wegfallen, dies gilt insbesondere bei Aufbau auf durch einen Dritten erstellten Unterbau oder sonstige im Vorfeld erstellten Gewerke, die im Zusammenhang mit den Arbeiten des Auftragnehmers stehen. Die Gew\u00e4hrleistungs-einschr\u00e4nkung wird mit Auftragsbest\u00e4tigung Vertragsbestandteil. Von der Gew\u00e4hrleistung ausgeschlossen sind h\u00f6here Gewalt (Naturereignisse) oder mutwillige Zerst\u00f6rung. F\u00fcr etwaige M\u00e4ngel leistet der Auftragnehmer Gew\u00e4hr durch Nachbesserung, Ersatzlieferung oder Neuherstellung. Sofern Material und Pflanzen vom Auftraggeber bereitgestellt werden, erstreckt sich die Haftung des Auftragnehmers auf die fachgerechte Arbeit, nicht aber auf Anspr\u00fcche aus dem Material oder den Pflanzen. Mutterboden und Humus werden vom Auftragnehmer nur nach der \u00e4u\u00dferen Struktur und Beschaffenheit gepr\u00fcft. F\u00fcr hierbei nicht feststellbare M\u00e4ngel, insbesondere N\u00e4hrstoffgehalt und Sch\u00e4dlingsfreiheit, wird keine Haftung \u00fcbernommen. F\u00fcr Setzungssch\u00e4den, die an Arbeiten auf nicht vom Auftragnehmer aufgef\u00fclltem Gel\u00e4nde entstehen, sowie f\u00fcr Sch\u00e4den, die durch eine Verunkrautung des Bodens entstehen, haftet der Auftragnehmer nicht. Sofern der Auftragnehmer Pflanzen oder Saatgut liefert, hat er M\u00e4ngel, die darin bestehen, dass Pflanzen nicht anwachsen oder Saatgut nicht aufgeht, nur denn auf seine Kosten zu beseitigen, wenn dem Auftragnehmer die Pflege im Sinne der DIN 18916 \u00fcbertragen worden ist. Ausgeschlossen ist dies jedoch, wenn die Sch\u00e4den auf das Verhalten von Menschen, Haustieren, Wild, Weidevieh oder sonstige, vom Auftragnehmer nicht beeinflussbare Faktoren zur\u00fcckgef\u00fchrt werden k\u00f6nnen. Die Kosten f\u00fcr die Pflege sind gesondert zu vereinbaren. W\u00fcrde die M\u00e4ngelbeseitigung einen unverh\u00e4ltnism\u00e4\u00dfigen Aufwand erfordern, so kann der Auftraggeber nur verlangen, dass die Verg\u00fctung in angemessener H\u00f6he herabgesetzt wird. Dar\u00fcberhinausgehende Anspr\u00fcche, insbesondere auf Schadenersatz sind auf die halbe H\u00f6he des Auftragswertes begrenzt. Der Auftraggeber haftet gegen\u00fcber Dritten ob der Gefahren der Arbeiten. Die diesbez\u00fcgliche Haftung des Auftragnehmers beschr\u00e4nkt sich auf eine verschuldensabh\u00e4ngige Haftung.<span class=\"Apple-converted-space\">\u00a0<\/span><\/p><p><b>\u00a7 8 Eigentumsvorbehalt<span class=\"Apple-converted-space\">\u00a0<\/span><\/b><\/p><p>Bis zur v\u00f6lligen Bezahlung bleiben s\u00e4mtliche Lieferungen \u2013 Baustoffe, Bauteile, Pflanzen und alle Materialien und Leistungen \u2013 Eigentum der Firma Marvin Laudenklos Garten- und Landschaftsbau, soweit sie mit dem Grundst\u00fcck noch nicht verbunden sind. Des Weiteren gilt f\u00fcr Gartenpl\u00e4ne und Bema\u00dfungen das alleinige Eigentum der Firma Marvin Laudenklos Garten- und Landschaftsbau, auch nach Auftragsbezahlung, sowie jegliche Bilder die von dem Bauvorhaben gemacht werde. Diese dienen insofern zu Werbezwecken und d\u00fcrfen im Internet, Fernsehen, auf Flyern oder jeglichen anderen Werbemitteln ausgestrahlt werden, sofern keine Personen, Stra\u00dfenschilder oder Hausnummern zu erkennen sind.<span class=\"Apple-converted-space\">\u00a0<\/span><\/p><p><b>\u00a7 9 Duldung und Wegnahme<span class=\"Apple-converted-space\">\u00a0<\/span><\/b><\/p><p>Ist der Auftraggeber in Zahlungsverzug, so wird er nach vorheriger Ank\u00fcndigung des Auftragnehmers dulden, dass dieser Baustoffe, Bauteile und Pflanzen &#8211; auch wenn diese bereits mit Grund und Boden fest verbunden sind \u2013 aufnehmen und unter Anrechnung zum Zeitwert und auf die vom Auftraggeber geschuldeten Betr\u00e4ge zur\u00fccknehmen und sich aneignen darf. Des Weiteren werden die Stunden f\u00fcr das Aufnehmen ebenfalls berechnet und abz\u00fcglich des ausstehenden Betrages in Rechnung gestellt. Die Lieferung s\u00e4mtlicher Waren und Leistungen erfolgt unter Eigentumsvorbehalt gem\u00e4\u00df \u00a7 455 BGB, mit den nachstehenden Erweiterungen. Die Ware bleibt bis zur vollst\u00e4ndigen Bezahlung aller Forderungen Eigentum der Firma Marvin Laudenklos Garten- und Landschaftsbau. Ist die Ware oder Leistung nicht innerhalb von 7 Tagen nach der zweiten Mahnung bezahlt, sind die Firma Marvin Laudenklos Garten- und Landschaftsbau und die Lieferanten berechtigt, diese wieder zu holen und das Grundst\u00fcck des Auftragnehmers zu betreten.<span class=\"Apple-converted-space\">\u00a0<\/span><\/p><p><b>\u00a7 10 Schriftform<span class=\"Apple-converted-space\">\u00a0<\/span><\/b><\/p><p>Rechtserhebliche Erkl\u00e4rungen und Anzeigen, die der Auftraggeber gegen\u00fcber dem Auftragnehmer oder Dritten abzugeben hat, bed\u00fcrfen zu ihrer Wirksamkeit der Schriftform.<span class=\"Apple-converted-space\">\u00a0<\/span><\/p><p><b>\u00a7 11 Gerichtsstand<span class=\"Apple-converted-space\">\u00a0<\/span><\/b><\/p><p>F\u00fcr diesen Vertrag gilt das Recht der Bundesrepublik Deutschland. Bei Vertr\u00e4gen mit Kaufleuten (HGB), juristischen Personen des \u00f6ffentlichen Rechts oder \u00f6ffentlich-rechtlichen Sonderverm\u00f6gens ist Gerichtsstand das f\u00fcr den Gesch\u00e4ftssitz des Auftragnehmers zust\u00e4ndige Gericht.<span class=\"Apple-converted-space\">\u00a0<\/span><\/p><p><b>\u00a7 12 M\u00fcndliche Absprachen<span class=\"Apple-converted-space\">\u00a0<\/span><\/b><\/p><p>M\u00fcndliche Absprachen, insbesondere Ab\u00e4nderungen des Vertrages\/Leistungen sind nur g\u00fcltig, wenn sie schriftlich niedergelegt und von beiden Vertragsparteien abgezeichnet wurden.<span class=\"Apple-converted-space\">\u00a0<\/span><\/p><p><b>\u00a7 13 Ma\u00dfe und Toleranzen<span class=\"Apple-converted-space\">\u00a0<\/span><\/b><\/p><p>F\u00fcr die vorgeschriebenen und vereinbarten Ma\u00dfe gelten die DIN \u2013 Toleranzen oder die jeweilige Bearbeitung technisch vorgegebener Abweichungen. Abweichungen im Bereich der Dicke, Ebenheit, Materialg\u00fcte und Oberfl\u00e4chen-beschaffenheit liegen im Rahmen der Lieferbedingungen des Vorlieferanten. Zeugnisse oder Bescheinigungen sind nicht im Lieferumfang enthalten. Wir haften ebenfalls nicht f\u00fcr Folgekosten durch M\u00e4ngel, welche durch Vorlieferanten verursacht wurden.<span class=\"Apple-converted-space\">\u00a0<\/span><\/p><p><b>\u00a7 14 Gew\u00e4hrleistung bei Pflanzen<span class=\"Apple-converted-space\">\u00a0<\/span><\/b><\/p><p>Eine Garantie bzw. Gew\u00e4hrleistung f\u00fcr das Anwachsen k\u00f6nnen wir grunds\u00e4tzlich nicht \u00fcbernehmen, da dies au\u00dferhalb unseres Einflusses liegt. Das gilt nicht, wenn wir die Pflanze selbst angeliefert und eingesetzt haben, ein laufender Pflegevertrag hinsichtlich der Pflanzen mit dem Kunden besteht und eine Anwuchsgarantie im Rahmen des Pflegevertrages oder sonst individuell vereinbart worden ist. Das gilt f\u00fcr Auftr\u00e4ge \u00fcber die Aus- und Nachsaat und das D\u00fcngen von Pflanzen entsprechend. Die Firma Marvin Laudenklos Garten- und Landschaftsbau \u00fcbernimmt keine Gew\u00e4hrleistung f\u00fcr die Pflege sowie Schneidearbeiten und jede weitere T\u00e4tigkeit, die mit einer Gartenpflege verbunden ist. Falls Pflanzen etc. nach der Pflege einen Schaden davongetragen haben, so muss der Auftraggeber f\u00fcr Ersatz sorgen und kann diesen Ersatz durch dritte etc. nicht geltend machen. S\u00e4mtliche Ma\u00dfe sind Circa-Ma\u00dfe. Abweichungen in einer Gr\u00f6\u00dfenordnung von 10 % nach oben oder unten sind zul\u00e4ssig. Muster zeigen lediglich die Durchschnittsbeschaffenheit auf. Es m\u00fcssen nicht s\u00e4mtliche Pflanzen wie das Muster ausfallen. Die Gew\u00e4hrleistung f\u00fcr Pflanzen betr\u00e4gt eine Saison, wenn nicht anders vertraglich vereinbart. F\u00fcr mangelnde Pflege der Pflanzen (zu wenig w\u00e4ssern, d\u00fcngen o.\u00e4.) \u00fcbernehmen wir keine Haftung.<span class=\"Apple-converted-space\">\u00a0<\/span><\/p><p><b>\u00a7 15 Salvatorische Klausel<span class=\"Apple-converted-space\">\u00a0<\/span><\/b><\/p><p>Die Unwirksamkeit einzelner Punkte dieser AGB ber\u00fchrt nicht die Wirksamkeit der \u00fcbrigen Bestimmungen. An Stelle der unwirksamen Bestimmungen tritt eine neue Bestimmung, die in ihrer wirtschaftlichen Auswirkung der unwirksamen Bestimmung am n\u00e4chsten kommt.<span class=\"Apple-converted-space\">\u00a0<\/span><\/p><p><b>Stand April 2022<span class=\"Apple-converted-space\">\u00a0<\/span><\/b><\/p>\t\t\t\t\t\t<\/div>\n\t\t\t\t<\/div>\n\t\t\t\t\t<\/div>\n\t\t<\/div>\n\t\t\t\t\t\t\t<\/div>\n\t\t<\/section>\n\t\t\t\t\t\t\t<\/div>\n\t\t","protected":false},"excerpt":{"rendered":"<p>Allgemeine Gesch\u00e4ftsbedingungen AGBs \u00a7 1 Geltungsbereich\u00a0 Die Allgemeinen Gesch\u00e4ftsbedingungen (AGB) gelten im gesch\u00e4ftlichen Verkehr mit allen Vertragspartnern der Firma Marvin Laudenklos Garten- [&hellip;]<\/p>\n","protected":false},"author":1,"featured_media":0,"parent":0,"menu_order":0,"comment_status":"closed","ping_status":"closed","template":"","meta":{"footnotes":""},"class_list":["post-966","page","type-page","status-publish","hentry"],"_links":{"self":[{"href":"https:\/\/gala-laudenklos.de\/index.php\/wp-json\/wp\/v2\/pages\/966","targetHints":{"allow":["GET"]}}],"collection":[{"href":"https:\/\/gala-laudenklos.de\/index.php\/wp-json\/wp\/v2\/pages"}],"about":[{"href":"https:\/\/gala-laudenklos.de\/index.php\/wp-json\/wp\/v2\/types\/page"}],"author":[{"embeddable":true,"href":"https:\/\/gala-laudenklos.de\/index.php\/wp-json\/wp\/v2\/users\/1"}],"replies":[{"embeddable":true,"href":"https:\/\/gala-laudenklos.de\/index.php\/wp-json\/wp\/v2\/comments?post=966"}],"version-history":[{"count":7,"href":"https:\/\/gala-laudenklos.de\/index.php\/wp-json\/wp\/v2\/pages\/966\/revisions"}],"predecessor-version":[{"id":974,"href":"https:\/\/gala-laudenklos.de\/index.php\/wp-json\/wp\/v2\/pages\/966\/revisions\/974"}],"wp:attachment":[{"href":"https:\/\/gala-laudenklos.de\/index.php\/wp-json\/wp\/v2\/media?parent=966"}],"curies":[{"name":"wp","href":"https:\/\/api.w.org\/{rel}","templated":true}]}}