{"id":389,"date":"2024-08-09T12:58:16","date_gmt":"2024-08-09T10:58:16","guid":{"rendered":"https:\/\/gala-laudenklos.de\/?page_id=389"},"modified":"2024-09-26T11:26:55","modified_gmt":"2024-09-26T09:26:55","slug":"parkplatzpflege","status":"publish","type":"page","link":"https:\/\/gala-laudenklos.de\/index.php\/parkplatzpflege\/","title":{"rendered":"Parkplatzpflege"},"content":{"rendered":"\t\t<div data-elementor-type=\"wp-page\" data-elementor-id=\"389\" class=\"elementor elementor-389\">\n\t\t\t\t\t\t\t\t\t<div class=\"elementor-section elementor-top-section elementor-element elementor-element-6015486 elementor-section-full_width elementor-section-height-default elementor-section-height-default\" data-id=\"6015486\" data-element_type=\"section\" data-settings=\"{&quot;background_background&quot;:&quot;gradient&quot;}\">\n\t\t\t\t\t\t<div class=\"elementor-container elementor-column-gap-no\">\n\t\t\t\t\t<div class=\"elementor-column elementor-col-100 elementor-top-column elementor-element elementor-element-f584a06\" data-id=\"f584a06\" data-element_type=\"column\" data-settings=\"{&quot;background_background&quot;:&quot;classic&quot;}\">\n\t\t\t<div class=\"elementor-widget-wrap elementor-element-populated\">\n\t\t\t\t\t<div class=\"elementor-background-overlay\"><\/div>\n\t\t\t\t\t\t\t\t<div class=\"elementor-element elementor-element-4d20fcc elementor-widget__width-initial elementor-widget-tablet__width-initial elementor-widget-mobile__width-inherit elementor-widget elementor-widget-heading\" data-id=\"4d20fcc\" data-element_type=\"widget\" data-widget_type=\"heading.default\">\n\t\t\t\t<div class=\"elementor-widget-container\">\n\t\t\t<style>\/*! elementor - v3.15.0 - 02-08-2023 *\/\n.elementor-heading-title{padding:0;margin:0;line-height:1}.elementor-widget-heading .elementor-heading-title[class*=elementor-size-]>a{color:inherit;font-size:inherit;line-height:inherit}.elementor-widget-heading .elementor-heading-title.elementor-size-small{font-size:15px}.elementor-widget-heading .elementor-heading-title.elementor-size-medium{font-size:19px}.elementor-widget-heading .elementor-heading-title.elementor-size-large{font-size:29px}.elementor-widget-heading .elementor-heading-title.elementor-size-xl{font-size:39px}.elementor-widget-heading .elementor-heading-title.elementor-size-xxl{font-size:59px}<\/style><h1 class=\"elementor-heading-title elementor-size-default\">Parkplatzpflege<\/h1>\t\t<\/div>\n\t\t\t\t<\/div>\n\t\t\t\t\t<\/div>\n\t\t<\/div>\n\t\t\t\t\t\t\t<\/div>\n\t\t<\/div>\n\t\t\t\t<div class=\"elementor-section elementor-top-section elementor-element elementor-element-183210b elementor-section-boxed elementor-section-height-default elementor-section-height-default\" data-id=\"183210b\" data-element_type=\"section\">\n\t\t\t\t\t\t<div class=\"elementor-container elementor-column-gap-default\">\n\t\t\t\t\t<div class=\"elementor-column elementor-col-100 elementor-top-column elementor-element elementor-element-0317939\" data-id=\"0317939\" data-element_type=\"column\">\n\t\t\t<div class=\"elementor-widget-wrap elementor-element-populated\">\n\t\t\t\t\t\t\t\t<div class=\"elementor-element elementor-element-4fbff69 elementor-widget elementor-widget-image\" data-id=\"4fbff69\" data-element_type=\"widget\" data-widget_type=\"image.default\">\n\t\t\t\t<div class=\"elementor-widget-container\">\n\t\t\t<style>\/*! elementor - v3.15.0 - 02-08-2023 *\/\n.elementor-widget-image{text-align:center}.elementor-widget-image a{display:inline-block}.elementor-widget-image a img[src$=\".svg\"]{width:48px}.elementor-widget-image img{vertical-align:middle;display:inline-block}<\/style>\t\t\t\t\t\t\t\t\t\t\t\t<img loading=\"lazy\" decoding=\"async\" width=\"1442\" height=\"887\" src=\"https:\/\/gala-laudenklos.de\/wp-content\/uploads\/2024\/08\/C068106D-3228-4BCE-82BC-71D0489E178A-1-scaled-e1723201101965.jpg\" class=\"attachment-full size-full wp-image-391\" alt=\"\" srcset=\"https:\/\/gala-laudenklos.de\/wp-content\/uploads\/2024\/08\/C068106D-3228-4BCE-82BC-71D0489E178A-1-scaled-e1723201101965.jpg 1442w, https:\/\/gala-laudenklos.de\/wp-content\/uploads\/2024\/08\/C068106D-3228-4BCE-82BC-71D0489E178A-1-scaled-e1723201101965-300x185.jpg 300w, https:\/\/gala-laudenklos.de\/wp-content\/uploads\/2024\/08\/C068106D-3228-4BCE-82BC-71D0489E178A-1-scaled-e1723201101965-1024x630.jpg 1024w, https:\/\/gala-laudenklos.de\/wp-content\/uploads\/2024\/08\/C068106D-3228-4BCE-82BC-71D0489E178A-1-scaled-e1723201101965-768x472.jpg 768w, https:\/\/gala-laudenklos.de\/wp-content\/uploads\/2024\/08\/C068106D-3228-4BCE-82BC-71D0489E178A-1-scaled-e1723201101965-650x400.jpg 650w\" sizes=\"auto, (max-width: 1442px) 100vw, 1442px\" \/>\t\t\t\t\t\t\t\t\t\t\t\t\t\t\t<\/div>\n\t\t\t\t<\/div>\n\t\t\t\t\t<\/div>\n\t\t<\/div>\n\t\t\t\t\t\t\t<\/div>\n\t\t<\/div>\n\t\t\t\t<div class=\"elementor-section elementor-top-section elementor-element elementor-element-ae3f6c6 elementor-section-boxed elementor-section-height-default elementor-section-height-default\" data-id=\"ae3f6c6\" data-element_type=\"section\">\n\t\t\t\t\t\t<div class=\"elementor-container elementor-column-gap-default\">\n\t\t\t\t\t<div class=\"elementor-column elementor-col-100 elementor-top-column elementor-element elementor-element-848b959\" data-id=\"848b959\" data-element_type=\"column\">\n\t\t\t<div class=\"elementor-widget-wrap elementor-element-populated\">\n\t\t\t\t\t\t\t\t<div class=\"elementor-element elementor-element-116fd90 elementor-widget__width-initial elementor-widget-tablet__width-initial elementor-widget-mobile__width-inherit elementor-widget elementor-widget-heading\" data-id=\"116fd90\" data-element_type=\"widget\" data-widget_type=\"heading.default\">\n\t\t\t\t<div class=\"elementor-widget-container\">\n\t\t\t<h2 class=\"elementor-heading-title elementor-size-default\">Glanzvolle Parkpl\u00e4tze \u2013 Sauberkeit, die Eindruck macht!<\/h2>\t\t<\/div>\n\t\t\t\t<\/div>\n\t\t\t\t<section class=\"elementor-section elementor-inner-section elementor-element elementor-element-ff15a1b elementor-section-boxed elementor-section-height-default elementor-section-height-default\" data-id=\"ff15a1b\" data-element_type=\"section\">\n\t\t\t\t\t\t<div class=\"elementor-container elementor-column-gap-no\">\n\t\t\t\t\t<div class=\"elementor-column elementor-col-50 elementor-inner-column elementor-element elementor-element-5109448\" data-id=\"5109448\" data-element_type=\"column\">\n\t\t\t<div class=\"elementor-widget-wrap elementor-element-populated\">\n\t\t\t\t\t\t\t\t<div class=\"elementor-element elementor-element-1e17e71 e-transform elementor-widget elementor-widget-text-editor\" data-id=\"1e17e71\" data-element_type=\"widget\" data-settings=\"{&quot;_transform_translateX_effect&quot;:{&quot;unit&quot;:&quot;px&quot;,&quot;size&quot;:&quot;&quot;,&quot;sizes&quot;:[]},&quot;_transform_translateX_effect_tablet&quot;:{&quot;unit&quot;:&quot;px&quot;,&quot;size&quot;:&quot;&quot;,&quot;sizes&quot;:[]},&quot;_transform_translateX_effect_mobile&quot;:{&quot;unit&quot;:&quot;px&quot;,&quot;size&quot;:&quot;&quot;,&quot;sizes&quot;:[]},&quot;_transform_translateY_effect&quot;:{&quot;unit&quot;:&quot;px&quot;,&quot;size&quot;:&quot;&quot;,&quot;sizes&quot;:[]},&quot;_transform_translateY_effect_tablet&quot;:{&quot;unit&quot;:&quot;px&quot;,&quot;size&quot;:&quot;&quot;,&quot;sizes&quot;:[]},&quot;_transform_translateY_effect_mobile&quot;:{&quot;unit&quot;:&quot;px&quot;,&quot;size&quot;:&quot;&quot;,&quot;sizes&quot;:[]}}\" data-widget_type=\"text-editor.default\">\n\t\t\t\t<div class=\"elementor-widget-container\">\n\t\t\t<style>\/*! elementor - v3.15.0 - 02-08-2023 *\/\n.elementor-widget-text-editor.elementor-drop-cap-view-stacked .elementor-drop-cap{background-color:#69727d;color:#fff}.elementor-widget-text-editor.elementor-drop-cap-view-framed .elementor-drop-cap{color:#69727d;border:3px solid;background-color:transparent}.elementor-widget-text-editor:not(.elementor-drop-cap-view-default) .elementor-drop-cap{margin-top:8px}.elementor-widget-text-editor:not(.elementor-drop-cap-view-default) .elementor-drop-cap-letter{width:1em;height:1em}.elementor-widget-text-editor .elementor-drop-cap{float:left;text-align:center;line-height:1;font-size:50px}.elementor-widget-text-editor .elementor-drop-cap-letter{display:inline-block}<\/style>\t\t\t\t<div class=\"flex-shrink-0 flex flex-col relative items-end\"><div class=\"pt-0\"><div class=\"gizmo-bot-avatar flex h-8 w-8 items-center justify-center overflow-hidden rounded-full\"><div class=\"flex-shrink-0 flex flex-col relative items-end\"><div class=\"pt-0\"><div class=\"flex-shrink-0 flex flex-col relative items-end\"><div><div class=\"pt-0\"><div class=\"gizmo-bot-avatar flex h-8 w-8 items-center justify-center overflow-hidden rounded-full\"><div>Wir bieten im Rhein-Neckar-Kreis professionelle Parkplatzpflege an, um Ihre Fl\u00e4chen sauber und einladend zu halten. <span style=\"color: #84b317;\">Unsere moderne Kehrmaschine entfernt Schmutz, Laub und Verunreinigungen gr\u00fcndlich.<\/span> Mit flexiblen Jahresvertr\u00e4gen gew\u00e4hrleisten wir, dass Ihr Parkplatz stets in Top-Zustand bleibt, sodass Sie sich auf Ihr Gesch\u00e4ft konzentrieren k\u00f6nnen.<\/div><\/div><\/div><\/div><\/div><\/div><\/div><\/div><\/div><\/div>\t\t\t\t\t\t<\/div>\n\t\t\t\t<\/div>\n\t\t\t\t\t<\/div>\n\t\t<\/div>\n\t\t\t\t<div class=\"elementor-column elementor-col-50 elementor-inner-column elementor-element elementor-element-2a55c1f\" data-id=\"2a55c1f\" data-element_type=\"column\">\n\t\t\t<div class=\"elementor-widget-wrap elementor-element-populated\">\n\t\t\t\t\t\t\t\t<div class=\"elementor-element elementor-element-1188fd8 elementor-widget elementor-widget-text-editor\" data-id=\"1188fd8\" data-element_type=\"widget\" data-widget_type=\"text-editor.default\">\n\t\t\t\t<div class=\"elementor-widget-container\">\n\t\t\t\t\t\t\t<p>Eine gepflegte Parkplatzfl\u00e4che hinterl\u00e4sst bei Kunden und Besuchern einen positiven Eindruck und tr\u00e4gt zur Werterhaltung Ihrer Immobilie bei. Unser Unternehmen bietet Ihnen im Rhein-Neckar-Kreis einen umfassenden Service f\u00fcr die professionelle Parkplatzpflege an. Mit unserer modernen Kehrmaschine sorgen wir f\u00fcr eine gr\u00fcndliche und effiziente Reinigung Ihrer Parkpl\u00e4tze. Dabei entfernen wir Schmutz, Laub und sonstige Verunreinigungen, sodass Ihre Fl\u00e4chen stets sauber und einladend wirken.<\/p>\t\t\t\t\t\t<\/div>\n\t\t\t\t<\/div>\n\t\t\t\t<div class=\"elementor-element elementor-element-75863b7 elementor-widget elementor-widget-text-editor\" data-id=\"75863b7\" data-element_type=\"widget\" data-widget_type=\"text-editor.default\">\n\t\t\t\t<div class=\"elementor-widget-container\">\n\t\t\t\t\t\t\t<p>Neben der regelm\u00e4\u00dfigen Pflege bieten wir auch flexible Jahresvertr\u00e4ge an, um Ihren Parkplatz kontinuierlich in einem optimalen Zustand zu halten. So k\u00f6nnen Sie sich voll und ganz auf Ihr Kerngesch\u00e4ft konzentrieren, w\u00e4hrend wir uns um die Sauberkeit Ihrer Au\u00dfenanlagen k\u00fcmmern.<\/p>\t\t\t\t\t\t<\/div>\n\t\t\t\t<\/div>\n\t\t\t\t<div class=\"elementor-element elementor-element-2228bd1 elementor-widget elementor-widget-text-editor\" data-id=\"2228bd1\" data-element_type=\"widget\" data-widget_type=\"text-editor.default\">\n\t\t\t\t<div class=\"elementor-widget-container\">\n\t\t\t\t\t\t\t<p>Unser Einsatzgebiet erstreckt sich \u00fcber den gesamten Rhein-Neckar-Kreis, inklusive St\u00e4dten wie Heidelberg, Mannheim und Ludwigshafen. Dank unserer Ortskenntnis und Flexibilit\u00e4t k\u00f6nnen wir auch kurzfristig auf Ihre Bed\u00fcrfnisse reagieren. Als Experten f\u00fcr Erdbau sind wir Ihr verl\u00e4sslicher Partner f\u00fcr alle Erdarbeiten, die f\u00fcr eine stabile und langlebige Grundlage erforderlich sind.<\/p>\t\t\t\t\t\t<\/div>\n\t\t\t\t<\/div>\n\t\t\t\t\t<\/div>\n\t\t<\/div>\n\t\t\t\t\t\t\t<\/div>\n\t\t<\/section>\n\t\t\t\t\t<\/div>\n\t\t<\/div>\n\t\t\t\t\t\t\t<\/div>\n\t\t<\/div>\n\t\t\t\t<section class=\"elementor-section elementor-top-section elementor-element elementor-element-82fd59a elementor-section-full_width elementor-section-height-default elementor-section-height-default\" data-id=\"82fd59a\" data-element_type=\"section\">\n\t\t\t\t\t\t<div class=\"elementor-container elementor-column-gap-default\">\n\t\t\t\t\t<div class=\"elementor-column elementor-col-33 elementor-top-column elementor-element elementor-element-f5a129a\" data-id=\"f5a129a\" data-element_type=\"column\">\n\t\t\t<div class=\"elementor-widget-wrap elementor-element-populated\">\n\t\t\t\t\t\t\t\t<div class=\"elementor-element elementor-element-3bdf294 animated-slow elementor-invisible elementor-widget elementor-widget-image\" data-id=\"3bdf294\" data-element_type=\"widget\" data-settings=\"{&quot;_animation&quot;:&quot;fadeIn&quot;}\" data-widget_type=\"image.default\">\n\t\t\t\t<div class=\"elementor-widget-container\">\n\t\t\t\t\t\t\t\t\t\t\t\t\t\t\t<img loading=\"lazy\" decoding=\"async\" width=\"1442\" height=\"1083\" src=\"https:\/\/gala-laudenklos.de\/wp-content\/uploads\/2024\/08\/d3aa3cda-6328-4eca-806c-eefdd637d11d-scaled-e1723810833615.jpg\" class=\"attachment-full size-full wp-image-812\" alt=\"\" srcset=\"https:\/\/gala-laudenklos.de\/wp-content\/uploads\/2024\/08\/d3aa3cda-6328-4eca-806c-eefdd637d11d-scaled-e1723810833615.jpg 1442w, https:\/\/gala-laudenklos.de\/wp-content\/uploads\/2024\/08\/d3aa3cda-6328-4eca-806c-eefdd637d11d-scaled-e1723810833615-300x225.jpg 300w, https:\/\/gala-laudenklos.de\/wp-content\/uploads\/2024\/08\/d3aa3cda-6328-4eca-806c-eefdd637d11d-scaled-e1723810833615-1024x769.jpg 1024w, https:\/\/gala-laudenklos.de\/wp-content\/uploads\/2024\/08\/d3aa3cda-6328-4eca-806c-eefdd637d11d-scaled-e1723810833615-768x577.jpg 768w, https:\/\/gala-laudenklos.de\/wp-content\/uploads\/2024\/08\/d3aa3cda-6328-4eca-806c-eefdd637d11d-scaled-e1723810833615-650x488.jpg 650w\" sizes=\"auto, (max-width: 1442px) 100vw, 1442px\" \/>\t\t\t\t\t\t\t\t\t\t\t\t\t\t\t<\/div>\n\t\t\t\t<\/div>\n\t\t\t\t\t<\/div>\n\t\t<\/div>\n\t\t\t\t<div class=\"elementor-column elementor-col-33 elementor-top-column elementor-element elementor-element-59d30f9\" data-id=\"59d30f9\" data-element_type=\"column\">\n\t\t\t<div class=\"elementor-widget-wrap elementor-element-populated\">\n\t\t\t\t\t\t\t\t<div class=\"elementor-element elementor-element-109ea73 animated-slow elementor-invisible elementor-widget elementor-widget-image\" data-id=\"109ea73\" data-element_type=\"widget\" data-settings=\"{&quot;_animation&quot;:&quot;fadeIn&quot;}\" data-widget_type=\"image.default\">\n\t\t\t\t<div class=\"elementor-widget-container\">\n\t\t\t\t\t\t\t\t\t\t\t\t\t\t\t<img loading=\"lazy\" decoding=\"async\" width=\"1440\" height=\"1080\" src=\"https:\/\/gala-laudenklos.de\/wp-content\/uploads\/2024\/08\/9AB9C9D9-D015-4255-A259-7381FF3ED560-e1723810865441.jpg\" class=\"attachment-full size-full wp-image-813\" alt=\"\" srcset=\"https:\/\/gala-laudenklos.de\/wp-content\/uploads\/2024\/08\/9AB9C9D9-D015-4255-A259-7381FF3ED560-e1723810865441.jpg 1440w, https:\/\/gala-laudenklos.de\/wp-content\/uploads\/2024\/08\/9AB9C9D9-D015-4255-A259-7381FF3ED560-e1723810865441-300x225.jpg 300w, https:\/\/gala-laudenklos.de\/wp-content\/uploads\/2024\/08\/9AB9C9D9-D015-4255-A259-7381FF3ED560-e1723810865441-1024x768.jpg 1024w, https:\/\/gala-laudenklos.de\/wp-content\/uploads\/2024\/08\/9AB9C9D9-D015-4255-A259-7381FF3ED560-e1723810865441-768x576.jpg 768w, https:\/\/gala-laudenklos.de\/wp-content\/uploads\/2024\/08\/9AB9C9D9-D015-4255-A259-7381FF3ED560-e1723810865441-650x488.jpg 650w\" sizes=\"auto, (max-width: 1440px) 100vw, 1440px\" \/>\t\t\t\t\t\t\t\t\t\t\t\t\t\t\t<\/div>\n\t\t\t\t<\/div>\n\t\t\t\t\t<\/div>\n\t\t<\/div>\n\t\t\t\t<div class=\"elementor-column elementor-col-33 elementor-top-column elementor-element elementor-element-795c368\" data-id=\"795c368\" data-element_type=\"column\">\n\t\t\t<div class=\"elementor-widget-wrap elementor-element-populated\">\n\t\t\t\t\t\t\t\t<div class=\"elementor-element elementor-element-d81e03d animated-slow elementor-invisible elementor-widget elementor-widget-image\" data-id=\"d81e03d\" data-element_type=\"widget\" data-settings=\"{&quot;_animation&quot;:&quot;fadeIn&quot;}\" data-widget_type=\"image.default\">\n\t\t\t\t<div class=\"elementor-widget-container\">\n\t\t\t\t\t\t\t\t\t\t\t\t\t\t\t<img loading=\"lazy\" decoding=\"async\" width=\"1440\" height=\"1080\" src=\"https:\/\/gala-laudenklos.de\/wp-content\/uploads\/2024\/08\/61B0A9FA-9F29-432A-8DBE-74C935AB38A9-e1723810906202.jpg\" class=\"attachment-full size-full wp-image-814\" alt=\"\" srcset=\"https:\/\/gala-laudenklos.de\/wp-content\/uploads\/2024\/08\/61B0A9FA-9F29-432A-8DBE-74C935AB38A9-e1723810906202.jpg 1440w, https:\/\/gala-laudenklos.de\/wp-content\/uploads\/2024\/08\/61B0A9FA-9F29-432A-8DBE-74C935AB38A9-e1723810906202-300x225.jpg 300w, https:\/\/gala-laudenklos.de\/wp-content\/uploads\/2024\/08\/61B0A9FA-9F29-432A-8DBE-74C935AB38A9-e1723810906202-1024x768.jpg 1024w, https:\/\/gala-laudenklos.de\/wp-content\/uploads\/2024\/08\/61B0A9FA-9F29-432A-8DBE-74C935AB38A9-e1723810906202-768x576.jpg 768w, https:\/\/gala-laudenklos.de\/wp-content\/uploads\/2024\/08\/61B0A9FA-9F29-432A-8DBE-74C935AB38A9-e1723810906202-650x488.jpg 650w\" sizes=\"auto, (max-width: 1440px) 100vw, 1440px\" \/>\t\t\t\t\t\t\t\t\t\t\t\t\t\t\t<\/div>\n\t\t\t\t<\/div>\n\t\t\t\t\t<\/div>\n\t\t<\/div>\n\t\t\t\t\t\t\t<\/div>\n\t\t<\/section>\n\t\t\t\t<section class=\"elementor-section elementor-top-section elementor-element elementor-element-0982d88 elementor-section-boxed elementor-section-height-default elementor-section-height-default\" data-id=\"0982d88\" data-element_type=\"section\">\n\t\t\t\t\t\t<div class=\"elementor-container elementor-column-gap-default\">\n\t\t\t\t\t<div class=\"elementor-column elementor-col-100 elementor-top-column elementor-element elementor-element-656fed0\" data-id=\"656fed0\" data-element_type=\"column\">\n\t\t\t<div class=\"elementor-widget-wrap elementor-element-populated\">\n\t\t\t\t\t\t\t\t<div class=\"elementor-element elementor-element-3271e22 elementor-align-center elementor-widget__width-initial elementor-widget elementor-widget-button\" data-id=\"3271e22\" data-element_type=\"widget\" data-widget_type=\"button.default\">\n\t\t\t\t<div class=\"elementor-widget-container\">\n\t\t\t\t\t<div class=\"elementor-button-wrapper\">\n\t\t\t<a class=\"elementor-button elementor-button-link elementor-size-sm\" href=\"https:\/\/gala-laudenklos.de\/index.php\/unsere-leistungen\/\">\n\t\t\t\t\t\t<span class=\"elementor-button-content-wrapper\">\n\t\t\t\t\t\t<span class=\"elementor-button-text\">zur\u00fcck zu allen Leistungen<\/span>\n\t\t<\/span>\n\t\t\t\t\t<\/a>\n\t\t<\/div>\n\t\t\t\t<\/div>\n\t\t\t\t<\/div>\n\t\t\t\t\t<\/div>\n\t\t<\/div>\n\t\t\t\t\t\t\t<\/div>\n\t\t<\/section>\n\t\t\t\t\t\t\t<\/div>\n\t\t","protected":false},"excerpt":{"rendered":"<p>Parkplatzpflege Glanzvolle Parkpl\u00e4tze \u2013 Sauberkeit, die Eindruck macht! Wir bieten im Rhein-Neckar-Kreis professionelle Parkplatzpflege an, um Ihre Fl\u00e4chen sauber und einladend zu [&hellip;]<\/p>\n","protected":false},"author":1,"featured_media":0,"parent":0,"menu_order":0,"comment_status":"closed","ping_status":"closed","template":"","meta":{"footnotes":""},"class_list":["post-389","page","type-page","status-publish","hentry"],"_links":{"self":[{"href":"https:\/\/gala-laudenklos.de\/index.php\/wp-json\/wp\/v2\/pages\/389","targetHints":{"allow":["GET"]}}],"collection":[{"href":"https:\/\/gala-laudenklos.de\/index.php\/wp-json\/wp\/v2\/pages"}],"about":[{"href":"https:\/\/gala-laudenklos.de\/index.php\/wp-json\/wp\/v2\/types\/page"}],"author":[{"embeddable":true,"href":"https:\/\/gala-laudenklos.de\/index.php\/wp-json\/wp\/v2\/users\/1"}],"replies":[{"embeddable":true,"href":"https:\/\/gala-laudenklos.de\/index.php\/wp-json\/wp\/v2\/comments?post=389"}],"version-history":[{"count":16,"href":"https:\/\/gala-laudenklos.de\/index.php\/wp-json\/wp\/v2\/pages\/389\/revisions"}],"predecessor-version":[{"id":1304,"href":"https:\/\/gala-laudenklos.de\/index.php\/wp-json\/wp\/v2\/pages\/389\/revisions\/1304"}],"wp:attachment":[{"href":"https:\/\/gala-laudenklos.de\/index.php\/wp-json\/wp\/v2\/media?parent=389"}],"curies":[{"name":"wp","href":"https:\/\/api.w.org\/{rel}","templated":true}]}}