{"id":351,"date":"2024-08-09T11:21:53","date_gmt":"2024-08-09T09:21:53","guid":{"rendered":"https:\/\/gala-laudenklos.de\/?page_id=351"},"modified":"2024-10-21T12:57:41","modified_gmt":"2024-10-21T10:57:41","slug":"elementor-seite-351","status":"publish","type":"page","link":"https:\/\/gala-laudenklos.de\/index.php\/elementor-seite-351\/","title":{"rendered":"Poolbau"},"content":{"rendered":"\t\t<div data-elementor-type=\"wp-page\" data-elementor-id=\"351\" class=\"elementor elementor-351\">\n\t\t\t\t\t\t\t\t\t<div class=\"elementor-section elementor-top-section elementor-element elementor-element-4b51fc4 elementor-section-full_width elementor-section-height-default elementor-section-height-default\" data-id=\"4b51fc4\" data-element_type=\"section\" data-settings=\"{&quot;background_background&quot;:&quot;gradient&quot;}\">\n\t\t\t\t\t\t<div class=\"elementor-container elementor-column-gap-no\">\n\t\t\t\t\t<div class=\"elementor-column elementor-col-100 elementor-top-column elementor-element elementor-element-7166de3\" data-id=\"7166de3\" data-element_type=\"column\" data-settings=\"{&quot;background_background&quot;:&quot;classic&quot;}\">\n\t\t\t<div class=\"elementor-widget-wrap elementor-element-populated\">\n\t\t\t\t\t<div class=\"elementor-background-overlay\"><\/div>\n\t\t\t\t\t\t\t\t<div class=\"elementor-element elementor-element-02f8ddc elementor-widget__width-initial elementor-widget-tablet__width-initial elementor-widget-mobile__width-inherit elementor-widget elementor-widget-heading\" data-id=\"02f8ddc\" data-element_type=\"widget\" data-widget_type=\"heading.default\">\n\t\t\t\t<div class=\"elementor-widget-container\">\n\t\t\t<style>\/*! elementor - v3.15.0 - 02-08-2023 *\/\n.elementor-heading-title{padding:0;margin:0;line-height:1}.elementor-widget-heading .elementor-heading-title[class*=elementor-size-]>a{color:inherit;font-size:inherit;line-height:inherit}.elementor-widget-heading .elementor-heading-title.elementor-size-small{font-size:15px}.elementor-widget-heading .elementor-heading-title.elementor-size-medium{font-size:19px}.elementor-widget-heading .elementor-heading-title.elementor-size-large{font-size:29px}.elementor-widget-heading .elementor-heading-title.elementor-size-xl{font-size:39px}.elementor-widget-heading .elementor-heading-title.elementor-size-xxl{font-size:59px}<\/style><h1 class=\"elementor-heading-title elementor-size-default\">Poolbau<\/h1>\t\t<\/div>\n\t\t\t\t<\/div>\n\t\t\t\t\t<\/div>\n\t\t<\/div>\n\t\t\t\t\t\t\t<\/div>\n\t\t<\/div>\n\t\t\t\t<div class=\"elementor-section elementor-top-section elementor-element elementor-element-97faf48 elementor-section-boxed elementor-section-height-default elementor-section-height-default\" data-id=\"97faf48\" data-element_type=\"section\">\n\t\t\t\t\t\t<div class=\"elementor-container elementor-column-gap-default\">\n\t\t\t\t\t<div class=\"elementor-column elementor-col-100 elementor-top-column elementor-element elementor-element-d894483\" data-id=\"d894483\" data-element_type=\"column\">\n\t\t\t<div class=\"elementor-widget-wrap elementor-element-populated\">\n\t\t\t\t\t\t\t\t<div class=\"elementor-element elementor-element-7e8c95b elementor-widget elementor-widget-image\" data-id=\"7e8c95b\" data-element_type=\"widget\" data-widget_type=\"image.default\">\n\t\t\t\t<div class=\"elementor-widget-container\">\n\t\t\t<style>\/*! elementor - v3.15.0 - 02-08-2023 *\/\n.elementor-widget-image{text-align:center}.elementor-widget-image a{display:inline-block}.elementor-widget-image a img[src$=\".svg\"]{width:48px}.elementor-widget-image img{vertical-align:middle;display:inline-block}<\/style>\t\t\t\t\t\t\t\t\t\t\t\t<img loading=\"lazy\" decoding=\"async\" width=\"1536\" height=\"1153\" src=\"https:\/\/gala-laudenklos.de\/wp-content\/uploads\/2024\/08\/IMG_3143-e1723810017173.jpg\" class=\"attachment-full size-full wp-image-782\" alt=\"\" srcset=\"https:\/\/gala-laudenklos.de\/wp-content\/uploads\/2024\/08\/IMG_3143-e1723810017173.jpg 1536w, https:\/\/gala-laudenklos.de\/wp-content\/uploads\/2024\/08\/IMG_3143-e1723810017173-300x225.jpg 300w, https:\/\/gala-laudenklos.de\/wp-content\/uploads\/2024\/08\/IMG_3143-e1723810017173-1024x769.jpg 1024w, https:\/\/gala-laudenklos.de\/wp-content\/uploads\/2024\/08\/IMG_3143-e1723810017173-768x577.jpg 768w, https:\/\/gala-laudenklos.de\/wp-content\/uploads\/2024\/08\/IMG_3143-e1723810017173-650x488.jpg 650w\" sizes=\"auto, (max-width: 1536px) 100vw, 1536px\" \/>\t\t\t\t\t\t\t\t\t\t\t\t\t\t\t<\/div>\n\t\t\t\t<\/div>\n\t\t\t\t\t<\/div>\n\t\t<\/div>\n\t\t\t\t\t\t\t<\/div>\n\t\t<\/div>\n\t\t\t\t<div class=\"elementor-section elementor-top-section elementor-element elementor-element-c805f3c elementor-section-boxed elementor-section-height-default elementor-section-height-default\" data-id=\"c805f3c\" data-element_type=\"section\">\n\t\t\t\t\t\t<div class=\"elementor-container elementor-column-gap-default\">\n\t\t\t\t\t<div class=\"elementor-column elementor-col-100 elementor-top-column elementor-element elementor-element-ffb68b6\" data-id=\"ffb68b6\" data-element_type=\"column\">\n\t\t\t<div class=\"elementor-widget-wrap elementor-element-populated\">\n\t\t\t\t\t\t\t\t<div class=\"elementor-element elementor-element-19e5843 elementor-widget__width-initial elementor-widget-tablet__width-initial elementor-widget-mobile__width-inherit elementor-widget elementor-widget-heading\" data-id=\"19e5843\" data-element_type=\"widget\" data-widget_type=\"heading.default\">\n\t\t\t\t<div class=\"elementor-widget-container\">\n\t\t\t<h2 class=\"elementor-heading-title elementor-size-default\">Privates Paradies \u2013 Ihr Traumpool im Garten<\/h2>\t\t<\/div>\n\t\t\t\t<\/div>\n\t\t\t\t<section class=\"elementor-section elementor-inner-section elementor-element elementor-element-95edd5a elementor-section-boxed elementor-section-height-default elementor-section-height-default\" data-id=\"95edd5a\" data-element_type=\"section\">\n\t\t\t\t\t\t<div class=\"elementor-container elementor-column-gap-no\">\n\t\t\t\t\t<div class=\"elementor-column elementor-col-50 elementor-inner-column elementor-element elementor-element-61a0e4a\" data-id=\"61a0e4a\" data-element_type=\"column\">\n\t\t\t<div class=\"elementor-widget-wrap elementor-element-populated\">\n\t\t\t\t\t\t\t\t<div class=\"elementor-element elementor-element-4047b18 e-transform elementor-widget elementor-widget-text-editor\" data-id=\"4047b18\" data-element_type=\"widget\" data-settings=\"{&quot;_transform_translateX_effect&quot;:{&quot;unit&quot;:&quot;px&quot;,&quot;size&quot;:&quot;&quot;,&quot;sizes&quot;:[]},&quot;_transform_translateX_effect_tablet&quot;:{&quot;unit&quot;:&quot;px&quot;,&quot;size&quot;:&quot;&quot;,&quot;sizes&quot;:[]},&quot;_transform_translateX_effect_mobile&quot;:{&quot;unit&quot;:&quot;px&quot;,&quot;size&quot;:&quot;&quot;,&quot;sizes&quot;:[]},&quot;_transform_translateY_effect&quot;:{&quot;unit&quot;:&quot;px&quot;,&quot;size&quot;:&quot;&quot;,&quot;sizes&quot;:[]},&quot;_transform_translateY_effect_tablet&quot;:{&quot;unit&quot;:&quot;px&quot;,&quot;size&quot;:&quot;&quot;,&quot;sizes&quot;:[]},&quot;_transform_translateY_effect_mobile&quot;:{&quot;unit&quot;:&quot;px&quot;,&quot;size&quot;:&quot;&quot;,&quot;sizes&quot;:[]}}\" data-widget_type=\"text-editor.default\">\n\t\t\t\t<div class=\"elementor-widget-container\">\n\t\t\t<style>\/*! elementor - v3.15.0 - 02-08-2023 *\/\n.elementor-widget-text-editor.elementor-drop-cap-view-stacked .elementor-drop-cap{background-color:#69727d;color:#fff}.elementor-widget-text-editor.elementor-drop-cap-view-framed .elementor-drop-cap{color:#69727d;border:3px solid;background-color:transparent}.elementor-widget-text-editor:not(.elementor-drop-cap-view-default) .elementor-drop-cap{margin-top:8px}.elementor-widget-text-editor:not(.elementor-drop-cap-view-default) .elementor-drop-cap-letter{width:1em;height:1em}.elementor-widget-text-editor .elementor-drop-cap{float:left;text-align:center;line-height:1;font-size:50px}.elementor-widget-text-editor .elementor-drop-cap-letter{display:inline-block}<\/style>\t\t\t\t<div class=\"flex-shrink-0 flex flex-col relative items-end\"><div class=\"pt-0\"><div class=\"gizmo-bot-avatar flex h-8 w-8 items-center justify-center overflow-hidden rounded-full\"><div class=\"relative p-1 rounded-sm flex items-center justify-center bg-token-main-surface-primary text-token-text-primary h-8 w-8\">Wir sind Ihre Experten f\u00fcr professionellen Poolbau in der Rhein-Neckar-Region und verwandeln Ihren Garten in ein privates Resort. <span style=\"color: #84b317;\">Von der Planung bis zur Installation k\u00fcmmern wir uns um jeden Schritt und nutzen hochwertige Materialien f\u00fcr einen langlebigen Pool.<\/span> Kontaktieren Sie uns, um Ihren Pooltraum zu verwirklichen und Ihren Garten in eine entspannende Oase zu verwandeln.<\/div><\/div><\/div><\/div>\t\t\t\t\t\t<\/div>\n\t\t\t\t<\/div>\n\t\t\t\t\t<\/div>\n\t\t<\/div>\n\t\t\t\t<div class=\"elementor-column elementor-col-50 elementor-inner-column elementor-element elementor-element-9f035ca\" data-id=\"9f035ca\" data-element_type=\"column\">\n\t\t\t<div class=\"elementor-widget-wrap elementor-element-populated\">\n\t\t\t\t\t\t\t\t<div class=\"elementor-element elementor-element-2385d97 elementor-widget elementor-widget-text-editor\" data-id=\"2385d97\" data-element_type=\"widget\" data-widget_type=\"text-editor.default\">\n\t\t\t\t<div class=\"elementor-widget-container\">\n\t\t\t\t\t\t\t<p>Tr\u00e4umen Sie davon, sich einen Pool bauen zu lassen? Wir, Garten- und Landschaftsbau Laudenklos, sind Ihre erfahrenen Experten f\u00fcr professionellen Poolbau in der Rhein-Neckar-Region. Mit unserer Fachkompetenz und Hingabe zum Detail verwandeln wir Ihren Garten in ein privates Resort.<\/p>\t\t\t\t\t\t<\/div>\n\t\t\t\t<\/div>\n\t\t\t\t<div class=\"elementor-element elementor-element-cb0da55 elementor-widget elementor-widget-text-editor\" data-id=\"cb0da55\" data-element_type=\"widget\" data-widget_type=\"text-editor.default\">\n\t\t\t\t<div class=\"elementor-widget-container\">\n\t\t\t\t\t\t\t<p>Von der ersten Planung bis zur finalen Installation k\u00fcmmern wir uns um jeden Schritt des Poolbaus. Gemeinsam mit Ihnen entwickeln wir ein ma\u00dfgeschneidertes Konzept, das Ihre individuellen Bed\u00fcrfnisse und W\u00fcnsche ber\u00fccksichtigt. Unsere qualifizierten Poolbauer setzen Ihre Vision in die Realit\u00e4t um und verwenden dabei nur hochwertige Materialien, um die Langlebigkeit und Qualit\u00e4t Ihres Pools zu gew\u00e4hrleisten.<\/p>\t\t\t\t\t\t<\/div>\n\t\t\t\t<\/div>\n\t\t\t\t<div class=\"elementor-element elementor-element-e88e59a elementor-widget elementor-widget-text-editor\" data-id=\"e88e59a\" data-element_type=\"widget\" data-widget_type=\"text-editor.default\">\n\t\t\t\t<div class=\"elementor-widget-container\">\n\t\t\t\t\t\t\t<p>Bei Garten- und Landschaftsbau Laudenklos stehen wir f\u00fcr exzellente Arbeit, Zuverl\u00e4ssigkeit und Kundenzufriedenheit. Unser Ziel ist es, Ihnen einen Pool zu schaffen, der nicht nur funktionell ist, sondern auch optisch ansprechend und harmonisch in Ihren Garten integriert ist.<\/p>\t\t\t\t\t\t<\/div>\n\t\t\t\t<\/div>\n\t\t\t\t<div class=\"elementor-element elementor-element-85bd204 elementor-widget elementor-widget-text-editor\" data-id=\"85bd204\" data-element_type=\"widget\" data-widget_type=\"text-editor.default\">\n\t\t\t\t<div class=\"elementor-widget-container\">\n\t\t\t\t\t\t\t<p>Kontaktieren Sie uns noch heute, um mehr \u00fcber unseren Poolbau-Service zu erfahren. Gemeinsam machen wir Ihren Pooltraum wahr und verwandeln Ihren Garten in eine Oase der Entspannung.<\/p>\t\t\t\t\t\t<\/div>\n\t\t\t\t<\/div>\n\t\t\t\t\t<\/div>\n\t\t<\/div>\n\t\t\t\t\t\t\t<\/div>\n\t\t<\/section>\n\t\t\t\t\t<\/div>\n\t\t<\/div>\n\t\t\t\t\t\t\t<\/div>\n\t\t<\/div>\n\t\t\t\t<section class=\"elementor-section elementor-top-section elementor-element elementor-element-89f07ba elementor-section-full_width elementor-section-height-default elementor-section-height-default\" data-id=\"89f07ba\" data-element_type=\"section\">\n\t\t\t\t\t\t<div class=\"elementor-container elementor-column-gap-default\">\n\t\t\t\t\t<div class=\"elementor-column elementor-col-33 elementor-top-column elementor-element elementor-element-da36933\" data-id=\"da36933\" data-element_type=\"column\">\n\t\t\t<div class=\"elementor-widget-wrap elementor-element-populated\">\n\t\t\t\t\t\t\t\t<div class=\"elementor-element elementor-element-c26b574 animated-slow elementor-invisible elementor-widget elementor-widget-image\" data-id=\"c26b574\" data-element_type=\"widget\" data-settings=\"{&quot;_animation&quot;:&quot;fadeIn&quot;}\" data-widget_type=\"image.default\">\n\t\t\t\t<div class=\"elementor-widget-container\">\n\t\t\t\t\t\t\t\t\t\t\t\t\t\t\t<img loading=\"lazy\" decoding=\"async\" width=\"1536\" height=\"1153\" src=\"https:\/\/gala-laudenklos.de\/wp-content\/uploads\/2024\/08\/IMG_5312-1-e1724310967394.jpg\" class=\"attachment-full size-full wp-image-943\" alt=\"\" srcset=\"https:\/\/gala-laudenklos.de\/wp-content\/uploads\/2024\/08\/IMG_5312-1-e1724310967394.jpg 1536w, https:\/\/gala-laudenklos.de\/wp-content\/uploads\/2024\/08\/IMG_5312-1-e1724310967394-300x225.jpg 300w, https:\/\/gala-laudenklos.de\/wp-content\/uploads\/2024\/08\/IMG_5312-1-e1724310967394-1024x769.jpg 1024w, https:\/\/gala-laudenklos.de\/wp-content\/uploads\/2024\/08\/IMG_5312-1-e1724310967394-768x577.jpg 768w, https:\/\/gala-laudenklos.de\/wp-content\/uploads\/2024\/08\/IMG_5312-1-e1724310967394-650x488.jpg 650w\" sizes=\"auto, (max-width: 1536px) 100vw, 1536px\" \/>\t\t\t\t\t\t\t\t\t\t\t\t\t\t\t<\/div>\n\t\t\t\t<\/div>\n\t\t\t\t\t<\/div>\n\t\t<\/div>\n\t\t\t\t<div class=\"elementor-column elementor-col-33 elementor-top-column elementor-element elementor-element-106d469\" data-id=\"106d469\" data-element_type=\"column\">\n\t\t\t<div class=\"elementor-widget-wrap elementor-element-populated\">\n\t\t\t\t\t\t\t\t<div class=\"elementor-element elementor-element-e8c8133 animated-slow elementor-invisible elementor-widget elementor-widget-image\" data-id=\"e8c8133\" data-element_type=\"widget\" data-settings=\"{&quot;_animation&quot;:&quot;fadeIn&quot;}\" data-widget_type=\"image.default\">\n\t\t\t\t<div class=\"elementor-widget-container\">\n\t\t\t\t\t\t\t\t\t\t\t\t\t\t\t<img loading=\"lazy\" decoding=\"async\" width=\"1438\" height=\"1080\" src=\"https:\/\/gala-laudenklos.de\/wp-content\/uploads\/2024\/08\/88F3602B-0E25-4391-81E4-43E733801230-e1723811325178.jpg\" class=\"attachment-full size-full wp-image-828\" alt=\"\" srcset=\"https:\/\/gala-laudenklos.de\/wp-content\/uploads\/2024\/08\/88F3602B-0E25-4391-81E4-43E733801230-e1723811325178.jpg 1438w, https:\/\/gala-laudenklos.de\/wp-content\/uploads\/2024\/08\/88F3602B-0E25-4391-81E4-43E733801230-e1723811325178-300x225.jpg 300w, https:\/\/gala-laudenklos.de\/wp-content\/uploads\/2024\/08\/88F3602B-0E25-4391-81E4-43E733801230-e1723811325178-1024x769.jpg 1024w, https:\/\/gala-laudenklos.de\/wp-content\/uploads\/2024\/08\/88F3602B-0E25-4391-81E4-43E733801230-e1723811325178-768x577.jpg 768w, https:\/\/gala-laudenklos.de\/wp-content\/uploads\/2024\/08\/88F3602B-0E25-4391-81E4-43E733801230-e1723811325178-650x488.jpg 650w\" sizes=\"auto, (max-width: 1438px) 100vw, 1438px\" \/>\t\t\t\t\t\t\t\t\t\t\t\t\t\t\t<\/div>\n\t\t\t\t<\/div>\n\t\t\t\t\t<\/div>\n\t\t<\/div>\n\t\t\t\t<div class=\"elementor-column elementor-col-33 elementor-top-column elementor-element elementor-element-e021b0f\" data-id=\"e021b0f\" data-element_type=\"column\">\n\t\t\t<div class=\"elementor-widget-wrap elementor-element-populated\">\n\t\t\t\t\t\t\t\t<div class=\"elementor-element elementor-element-4fc01d7 animated-slow elementor-invisible elementor-widget elementor-widget-image\" data-id=\"4fc01d7\" data-element_type=\"widget\" data-settings=\"{&quot;_animation&quot;:&quot;fadeIn&quot;}\" data-widget_type=\"image.default\">\n\t\t\t\t<div class=\"elementor-widget-container\">\n\t\t\t\t\t\t\t\t\t\t\t\t\t\t\t<img loading=\"lazy\" decoding=\"async\" width=\"1536\" height=\"1153\" src=\"https:\/\/gala-laudenklos.de\/wp-content\/uploads\/2024\/08\/IMG_3570-e1723811390909.jpg\" class=\"attachment-full size-full wp-image-829\" alt=\"\" srcset=\"https:\/\/gala-laudenklos.de\/wp-content\/uploads\/2024\/08\/IMG_3570-e1723811390909.jpg 1536w, https:\/\/gala-laudenklos.de\/wp-content\/uploads\/2024\/08\/IMG_3570-e1723811390909-300x225.jpg 300w, https:\/\/gala-laudenklos.de\/wp-content\/uploads\/2024\/08\/IMG_3570-e1723811390909-1024x769.jpg 1024w, https:\/\/gala-laudenklos.de\/wp-content\/uploads\/2024\/08\/IMG_3570-e1723811390909-768x577.jpg 768w, https:\/\/gala-laudenklos.de\/wp-content\/uploads\/2024\/08\/IMG_3570-e1723811390909-650x488.jpg 650w\" sizes=\"auto, (max-width: 1536px) 100vw, 1536px\" \/>\t\t\t\t\t\t\t\t\t\t\t\t\t\t\t<\/div>\n\t\t\t\t<\/div>\n\t\t\t\t\t<\/div>\n\t\t<\/div>\n\t\t\t\t\t\t\t<\/div>\n\t\t<\/section>\n\t\t\t\t<section class=\"elementor-section elementor-top-section elementor-element elementor-element-4d53cf3 elementor-section-boxed elementor-section-height-default elementor-section-height-default\" data-id=\"4d53cf3\" data-element_type=\"section\">\n\t\t\t\t\t\t<div class=\"elementor-container elementor-column-gap-default\">\n\t\t\t\t\t<div class=\"elementor-column elementor-col-100 elementor-top-column elementor-element elementor-element-ffec3cb\" data-id=\"ffec3cb\" data-element_type=\"column\">\n\t\t\t<div class=\"elementor-widget-wrap elementor-element-populated\">\n\t\t\t\t\t\t\t\t<div class=\"elementor-element elementor-element-16c4a19 elementor-align-center elementor-widget__width-initial elementor-widget elementor-widget-button\" data-id=\"16c4a19\" data-element_type=\"widget\" data-widget_type=\"button.default\">\n\t\t\t\t<div class=\"elementor-widget-container\">\n\t\t\t\t\t<div class=\"elementor-button-wrapper\">\n\t\t\t<a class=\"elementor-button elementor-button-link elementor-size-sm\" href=\"https:\/\/gala-laudenklos.de\/index.php\/unsere-leistungen\/\">\n\t\t\t\t\t\t<span class=\"elementor-button-content-wrapper\">\n\t\t\t\t\t\t<span class=\"elementor-button-text\">zur\u00fcck zu allen Leistungen<\/span>\n\t\t<\/span>\n\t\t\t\t\t<\/a>\n\t\t<\/div>\n\t\t\t\t<\/div>\n\t\t\t\t<\/div>\n\t\t\t\t\t<\/div>\n\t\t<\/div>\n\t\t\t\t\t\t\t<\/div>\n\t\t<\/section>\n\t\t\t\t\t\t\t<\/div>\n\t\t","protected":false},"excerpt":{"rendered":"<p>Poolbau Privates Paradies \u2013 Ihr Traumpool im Garten Wir sind Ihre Experten f\u00fcr professionellen Poolbau in der Rhein-Neckar-Region und verwandeln Ihren Garten [&hellip;]<\/p>\n","protected":false},"author":1,"featured_media":0,"parent":0,"menu_order":0,"comment_status":"closed","ping_status":"closed","template":"","meta":{"footnotes":""},"class_list":["post-351","page","type-page","status-publish","hentry"],"_links":{"self":[{"href":"https:\/\/gala-laudenklos.de\/index.php\/wp-json\/wp\/v2\/pages\/351","targetHints":{"allow":["GET"]}}],"collection":[{"href":"https:\/\/gala-laudenklos.de\/index.php\/wp-json\/wp\/v2\/pages"}],"about":[{"href":"https:\/\/gala-laudenklos.de\/index.php\/wp-json\/wp\/v2\/types\/page"}],"author":[{"embeddable":true,"href":"https:\/\/gala-laudenklos.de\/index.php\/wp-json\/wp\/v2\/users\/1"}],"replies":[{"embeddable":true,"href":"https:\/\/gala-laudenklos.de\/index.php\/wp-json\/wp\/v2\/comments?post=351"}],"version-history":[{"count":28,"href":"https:\/\/gala-laudenklos.de\/index.php\/wp-json\/wp\/v2\/pages\/351\/revisions"}],"predecessor-version":[{"id":1502,"href":"https:\/\/gala-laudenklos.de\/index.php\/wp-json\/wp\/v2\/pages\/351\/revisions\/1502"}],"wp:attachment":[{"href":"https:\/\/gala-laudenklos.de\/index.php\/wp-json\/wp\/v2\/media?parent=351"}],"curies":[{"name":"wp","href":"https:\/\/api.w.org\/{rel}","templated":true}]}}