{"id":306,"date":"2024-08-09T09:32:12","date_gmt":"2024-08-09T07:32:12","guid":{"rendered":"https:\/\/gala-laudenklos.de\/?page_id=306"},"modified":"2024-09-26T11:11:26","modified_gmt":"2024-09-26T09:11:26","slug":"faellungsarbeiten","status":"publish","type":"page","link":"https:\/\/gala-laudenklos.de\/index.php\/faellungsarbeiten\/","title":{"rendered":"F\u00e4llungsarbeiten"},"content":{"rendered":"\t\t<div data-elementor-type=\"wp-page\" data-elementor-id=\"306\" class=\"elementor elementor-306\">\n\t\t\t\t\t\t\t\t\t<div class=\"elementor-section elementor-top-section elementor-element elementor-element-e8b8b61 elementor-section-full_width elementor-section-height-default elementor-section-height-default\" data-id=\"e8b8b61\" data-element_type=\"section\" data-settings=\"{&quot;background_background&quot;:&quot;gradient&quot;}\">\n\t\t\t\t\t\t<div class=\"elementor-container elementor-column-gap-no\">\n\t\t\t\t\t<div class=\"elementor-column elementor-col-100 elementor-top-column elementor-element elementor-element-d4673b7\" data-id=\"d4673b7\" data-element_type=\"column\" data-settings=\"{&quot;background_background&quot;:&quot;classic&quot;}\">\n\t\t\t<div class=\"elementor-widget-wrap elementor-element-populated\">\n\t\t\t\t\t<div class=\"elementor-background-overlay\"><\/div>\n\t\t\t\t\t\t\t\t<div class=\"elementor-element elementor-element-f76d6c2 elementor-widget__width-initial elementor-widget-tablet__width-initial elementor-widget-mobile__width-inherit elementor-widget elementor-widget-heading\" data-id=\"f76d6c2\" data-element_type=\"widget\" data-widget_type=\"heading.default\">\n\t\t\t\t<div class=\"elementor-widget-container\">\n\t\t\t<style>\/*! elementor - v3.15.0 - 02-08-2023 *\/\n.elementor-heading-title{padding:0;margin:0;line-height:1}.elementor-widget-heading .elementor-heading-title[class*=elementor-size-]>a{color:inherit;font-size:inherit;line-height:inherit}.elementor-widget-heading .elementor-heading-title.elementor-size-small{font-size:15px}.elementor-widget-heading .elementor-heading-title.elementor-size-medium{font-size:19px}.elementor-widget-heading .elementor-heading-title.elementor-size-large{font-size:29px}.elementor-widget-heading .elementor-heading-title.elementor-size-xl{font-size:39px}.elementor-widget-heading .elementor-heading-title.elementor-size-xxl{font-size:59px}<\/style><h1 class=\"elementor-heading-title elementor-size-default\">F\u00e4llungsarbeiten<\/h1>\t\t<\/div>\n\t\t\t\t<\/div>\n\t\t\t\t\t<\/div>\n\t\t<\/div>\n\t\t\t\t\t\t\t<\/div>\n\t\t<\/div>\n\t\t\t\t<div class=\"elementor-section elementor-top-section elementor-element elementor-element-64cf59c elementor-section-boxed elementor-section-height-default elementor-section-height-default\" data-id=\"64cf59c\" data-element_type=\"section\">\n\t\t\t\t\t\t<div class=\"elementor-container elementor-column-gap-default\">\n\t\t\t\t\t<div class=\"elementor-column elementor-col-100 elementor-top-column elementor-element elementor-element-df728fd\" data-id=\"df728fd\" data-element_type=\"column\">\n\t\t\t<div class=\"elementor-widget-wrap elementor-element-populated\">\n\t\t\t\t\t\t\t\t<div class=\"elementor-element elementor-element-554e7ea elementor-widget elementor-widget-image\" data-id=\"554e7ea\" data-element_type=\"widget\" data-widget_type=\"image.default\">\n\t\t\t\t<div class=\"elementor-widget-container\">\n\t\t\t<style>\/*! elementor - v3.15.0 - 02-08-2023 *\/\n.elementor-widget-image{text-align:center}.elementor-widget-image a{display:inline-block}.elementor-widget-image a img[src$=\".svg\"]{width:48px}.elementor-widget-image img{vertical-align:middle;display:inline-block}<\/style>\t\t\t\t\t\t\t\t\t\t\t\t<img loading=\"lazy\" decoding=\"async\" width=\"1200\" height=\"738\" src=\"https:\/\/gala-laudenklos.de\/wp-content\/uploads\/2024\/08\/48e90f84-e972-4e1d-9c37-3183cde6c2f5-e1723188767127.jpg\" class=\"attachment-full size-full wp-image-308\" alt=\"\" srcset=\"https:\/\/gala-laudenklos.de\/wp-content\/uploads\/2024\/08\/48e90f84-e972-4e1d-9c37-3183cde6c2f5-e1723188767127.jpg 1200w, https:\/\/gala-laudenklos.de\/wp-content\/uploads\/2024\/08\/48e90f84-e972-4e1d-9c37-3183cde6c2f5-e1723188767127-300x185.jpg 300w, https:\/\/gala-laudenklos.de\/wp-content\/uploads\/2024\/08\/48e90f84-e972-4e1d-9c37-3183cde6c2f5-e1723188767127-1024x630.jpg 1024w, https:\/\/gala-laudenklos.de\/wp-content\/uploads\/2024\/08\/48e90f84-e972-4e1d-9c37-3183cde6c2f5-e1723188767127-768x472.jpg 768w, https:\/\/gala-laudenklos.de\/wp-content\/uploads\/2024\/08\/48e90f84-e972-4e1d-9c37-3183cde6c2f5-e1723188767127-650x400.jpg 650w\" sizes=\"auto, (max-width: 1200px) 100vw, 1200px\" \/>\t\t\t\t\t\t\t\t\t\t\t\t\t\t\t<\/div>\n\t\t\t\t<\/div>\n\t\t\t\t\t<\/div>\n\t\t<\/div>\n\t\t\t\t\t\t\t<\/div>\n\t\t<\/div>\n\t\t\t\t<div class=\"elementor-section elementor-top-section elementor-element elementor-element-c31ae5e elementor-section-boxed elementor-section-height-default elementor-section-height-default\" data-id=\"c31ae5e\" data-element_type=\"section\">\n\t\t\t\t\t\t<div class=\"elementor-container elementor-column-gap-default\">\n\t\t\t\t\t<div class=\"elementor-column elementor-col-100 elementor-top-column elementor-element elementor-element-d9795ca\" data-id=\"d9795ca\" data-element_type=\"column\">\n\t\t\t<div class=\"elementor-widget-wrap elementor-element-populated\">\n\t\t\t\t\t\t\t\t<div class=\"elementor-element elementor-element-da74548 elementor-widget__width-initial elementor-widget-tablet__width-initial elementor-widget-mobile__width-inherit elementor-widget elementor-widget-heading\" data-id=\"da74548\" data-element_type=\"widget\" data-widget_type=\"heading.default\">\n\t\t\t\t<div class=\"elementor-widget-container\">\n\t\t\t<h2 class=\"elementor-heading-title elementor-size-default\">Sichere Baumf\u00e4llung \u2013 Platz f\u00fcr Neues in Ihrem Garten<\/h2>\t\t<\/div>\n\t\t\t\t<\/div>\n\t\t\t\t<section class=\"elementor-section elementor-inner-section elementor-element elementor-element-5e17762 elementor-section-boxed elementor-section-height-default elementor-section-height-default\" data-id=\"5e17762\" data-element_type=\"section\">\n\t\t\t\t\t\t<div class=\"elementor-container elementor-column-gap-no\">\n\t\t\t\t\t<div class=\"elementor-column elementor-col-50 elementor-inner-column elementor-element elementor-element-c7bf519\" data-id=\"c7bf519\" data-element_type=\"column\">\n\t\t\t<div class=\"elementor-widget-wrap elementor-element-populated\">\n\t\t\t\t\t\t\t\t<div class=\"elementor-element elementor-element-383db5b e-transform elementor-widget elementor-widget-text-editor\" data-id=\"383db5b\" data-element_type=\"widget\" data-settings=\"{&quot;_transform_translateX_effect&quot;:{&quot;unit&quot;:&quot;px&quot;,&quot;size&quot;:&quot;&quot;,&quot;sizes&quot;:[]},&quot;_transform_translateX_effect_tablet&quot;:{&quot;unit&quot;:&quot;px&quot;,&quot;size&quot;:&quot;&quot;,&quot;sizes&quot;:[]},&quot;_transform_translateX_effect_mobile&quot;:{&quot;unit&quot;:&quot;px&quot;,&quot;size&quot;:&quot;&quot;,&quot;sizes&quot;:[]},&quot;_transform_translateY_effect&quot;:{&quot;unit&quot;:&quot;px&quot;,&quot;size&quot;:&quot;&quot;,&quot;sizes&quot;:[]},&quot;_transform_translateY_effect_tablet&quot;:{&quot;unit&quot;:&quot;px&quot;,&quot;size&quot;:&quot;&quot;,&quot;sizes&quot;:[]},&quot;_transform_translateY_effect_mobile&quot;:{&quot;unit&quot;:&quot;px&quot;,&quot;size&quot;:&quot;&quot;,&quot;sizes&quot;:[]}}\" data-widget_type=\"text-editor.default\">\n\t\t\t\t<div class=\"elementor-widget-container\">\n\t\t\t<style>\/*! elementor - v3.15.0 - 02-08-2023 *\/\n.elementor-widget-text-editor.elementor-drop-cap-view-stacked .elementor-drop-cap{background-color:#69727d;color:#fff}.elementor-widget-text-editor.elementor-drop-cap-view-framed .elementor-drop-cap{color:#69727d;border:3px solid;background-color:transparent}.elementor-widget-text-editor:not(.elementor-drop-cap-view-default) .elementor-drop-cap{margin-top:8px}.elementor-widget-text-editor:not(.elementor-drop-cap-view-default) .elementor-drop-cap-letter{width:1em;height:1em}.elementor-widget-text-editor .elementor-drop-cap{float:left;text-align:center;line-height:1;font-size:50px}.elementor-widget-text-editor .elementor-drop-cap-letter{display:inline-block}<\/style>\t\t\t\t<div class=\"flex-shrink-0 flex flex-col relative items-end\"><div class=\"pt-0\"><div class=\"gizmo-bot-avatar flex h-8 w-8 items-center justify-center overflow-hidden rounded-full\"><div class=\"relative p-1 rounded-sm flex items-center justify-center bg-token-main-surface-primary text-token-text-primary h-8 w-8\"><div class=\"flex-shrink-0 flex flex-col relative items-end\"><div class=\"pt-0\"><div class=\"gizmo-bot-avatar flex h-8 w-8 items-center justify-center overflow-hidden rounded-full\"><div class=\"relative p-1 rounded-sm flex items-center justify-center bg-token-main-surface-primary text-token-text-primary h-8 w-8\"><div class=\"flex-shrink-0 flex flex-col relative items-end\"><div class=\"pt-0\"><div class=\"gizmo-bot-avatar flex h-8 w-8 items-center justify-center overflow-hidden rounded-full\"><div>Wir sind Ihre Experten f\u00fcr sichere und professionelle Baumf\u00e4llungen, ob aus Sicherheitsgr\u00fcnden oder f\u00fcr neue Gartenprojekte. <span style=\"color: #84b317;\">Unser geschultes Team sorgt daf\u00fcr, dass B\u00e4ume kontrolliert und ohne Schaden entfernt werden, dabei achten wir auf den Schutz der Umgebung.<\/span> Unser Service deckt die Region um Heidelberg ab, und wir bieten Ihnen transparente Preisgestaltung und pr\u00e4zise Ausf\u00fchrung.<\/div><\/div><\/div><\/div><\/div><\/div><\/div><\/div><\/div><\/div><\/div><\/div>\t\t\t\t\t\t<\/div>\n\t\t\t\t<\/div>\n\t\t\t\t\t<\/div>\n\t\t<\/div>\n\t\t\t\t<div class=\"elementor-column elementor-col-50 elementor-inner-column elementor-element elementor-element-73836b5\" data-id=\"73836b5\" data-element_type=\"column\">\n\t\t\t<div class=\"elementor-widget-wrap elementor-element-populated\">\n\t\t\t\t\t\t\t\t<div class=\"elementor-element elementor-element-029ca28 elementor-widget elementor-widget-text-editor\" data-id=\"029ca28\" data-element_type=\"widget\" data-widget_type=\"text-editor.default\">\n\t\t\t\t<div class=\"elementor-widget-container\">\n\t\t\t\t\t\t\t<p>Manchmal ist es erforderlich, B\u00e4ume zu f\u00e4llen, sei es aus Sicherheitsgr\u00fcnden oder um Platz f\u00fcr neue Gartenprojekte zu schaffen. Bei F\u00e4llungsarbeiten sind wir Ihr kompetenter Ansprechpartner. Unsere geschulten Mitarbeiter verf\u00fcgen \u00fcber das n\u00f6tige Know-how und die Erfahrung, um B\u00e4ume sicher und professionell zu f\u00e4llen. Dabei achten wir darauf, dass der Baum kontrolliert und ohne Schaden entfernt wird.<\/p>\t\t\t\t\t\t<\/div>\n\t\t\t\t<\/div>\n\t\t\t\t<div class=\"elementor-element elementor-element-bd6b79b elementor-widget elementor-widget-text-editor\" data-id=\"bd6b79b\" data-element_type=\"widget\" data-widget_type=\"text-editor.default\">\n\t\t\t\t<div class=\"elementor-widget-container\">\n\t\t\t\t\t\t\t<p>Unser Ziel ist es, Ihnen bei der Schaffung von Raum f\u00fcr neue Gartenideen zu helfen. Mit unserer Expertise und unserem Einsatz sorgen wir daf\u00fcr, dass die F\u00e4llungsarbeiten reibungslos und sicher durchgef\u00fchrt werden. Sie k\u00f6nnen sich auf uns verlassen, um Ihre B\u00e4ume auf Ihrem Privatgrundst\u00fcck fachgerecht zu f\u00e4llen.<\/p>\t\t\t\t\t\t<\/div>\n\t\t\t\t<\/div>\n\t\t\t\t<div class=\"elementor-element elementor-element-5202d9f elementor-widget elementor-widget-text-editor\" data-id=\"5202d9f\" data-element_type=\"widget\" data-widget_type=\"text-editor.default\">\n\t\t\t\t<div class=\"elementor-widget-container\">\n\t\t\t\t\t\t\t<p>Bei der Durchf\u00fchrung von F\u00e4llungsarbeiten ber\u00fccksichtigen wir nicht nur die Sicherheit, sondern auch den Schutz der Umgebung. Wir nehmen R\u00fccksicht auf benachbarte Pflanzen, Strukturen und die umliegende Landschaft. Unser Team arbeitet pr\u00e4zise und effizient, um die F\u00e4llungsarbeiten zu einem erfolgreichen Abschluss zu bringen.<\/p>\t\t\t\t\t\t<\/div>\n\t\t\t\t<\/div>\n\t\t\t\t<div class=\"elementor-element elementor-element-91ad25f elementor-widget elementor-widget-text-editor\" data-id=\"91ad25f\" data-element_type=\"widget\" data-widget_type=\"text-editor.default\">\n\t\t\t\t<div class=\"elementor-widget-container\">\n\t\t\t\t\t\t\t<p>Dar\u00fcber hinaus bieten wir Ihnen eine transparente Preisgestaltung f\u00fcr die Baumf\u00e4llung. Sie erhalten von uns eine detaillierte Kostenaufstellung, damit Sie \u00fcber die anfallenden Kosten informiert sind.<\/p>\t\t\t\t\t\t<\/div>\n\t\t\t\t<\/div>\n\t\t\t\t<div class=\"elementor-element elementor-element-ca724ad elementor-widget elementor-widget-text-editor\" data-id=\"ca724ad\" data-element_type=\"widget\" data-widget_type=\"text-editor.default\">\n\t\t\t\t<div class=\"elementor-widget-container\">\n\t\t\t\t\t\t\t<p>Unser Servicegebiet umfasst verschiedene St\u00e4dte und Stadtteile in und um Heidelberg, wie beispielsweise Mannheim, Ludwigshafen, Weinheim, Schwetzingen, Hockenheim und weitere. Als Experten f\u00fcr F\u00e4llungsarbeiten stehen wir Ihnen in diesen Regionen zur Verf\u00fcgung.<\/p>\t\t\t\t\t\t<\/div>\n\t\t\t\t<\/div>\n\t\t\t\t<div class=\"elementor-element elementor-element-46f141e elementor-widget elementor-widget-text-editor\" data-id=\"46f141e\" data-element_type=\"widget\" data-widget_type=\"text-editor.default\">\n\t\t\t\t<div class=\"elementor-widget-container\">\n\t\t\t\t\t\t\t<p>Wenn Sie einen Baum auf Ihrem Privatgrundst\u00fcck f\u00e4llen m\u00fcssen oder Fragen zu den Kosten der Baumf\u00e4llung haben, z\u00f6gern Sie nicht, uns zu kontaktieren.<\/p>\t\t\t\t\t\t<\/div>\n\t\t\t\t<\/div>\n\t\t\t\t\t<\/div>\n\t\t<\/div>\n\t\t\t\t\t\t\t<\/div>\n\t\t<\/section>\n\t\t\t\t\t<\/div>\n\t\t<\/div>\n\t\t\t\t\t\t\t<\/div>\n\t\t<\/div>\n\t\t\t\t<section class=\"elementor-section elementor-top-section elementor-element elementor-element-b8cb984 elementor-section-full_width elementor-section-height-default elementor-section-height-default\" data-id=\"b8cb984\" data-element_type=\"section\">\n\t\t\t\t\t\t<div class=\"elementor-container elementor-column-gap-default\">\n\t\t\t\t\t<div class=\"elementor-column elementor-col-33 elementor-top-column elementor-element elementor-element-08b3d6c\" data-id=\"08b3d6c\" data-element_type=\"column\">\n\t\t\t<div class=\"elementor-widget-wrap elementor-element-populated\">\n\t\t\t\t\t\t\t\t<div class=\"elementor-element elementor-element-103a467 animated-slow elementor-invisible elementor-widget elementor-widget-image\" data-id=\"103a467\" data-element_type=\"widget\" data-settings=\"{&quot;_animation&quot;:&quot;fadeIn&quot;}\" data-widget_type=\"image.default\">\n\t\t\t\t<div class=\"elementor-widget-container\">\n\t\t\t\t\t\t\t\t\t\t\t\t\t\t\t<img loading=\"lazy\" decoding=\"async\" width=\"1536\" height=\"1153\" src=\"https:\/\/gala-laudenklos.de\/wp-content\/uploads\/2024\/08\/IMG_4254-e1723809486530.jpg\" class=\"attachment-full size-full wp-image-767\" alt=\"\" srcset=\"https:\/\/gala-laudenklos.de\/wp-content\/uploads\/2024\/08\/IMG_4254-e1723809486530.jpg 1536w, https:\/\/gala-laudenklos.de\/wp-content\/uploads\/2024\/08\/IMG_4254-e1723809486530-300x225.jpg 300w, https:\/\/gala-laudenklos.de\/wp-content\/uploads\/2024\/08\/IMG_4254-e1723809486530-1024x769.jpg 1024w, https:\/\/gala-laudenklos.de\/wp-content\/uploads\/2024\/08\/IMG_4254-e1723809486530-768x577.jpg 768w, https:\/\/gala-laudenklos.de\/wp-content\/uploads\/2024\/08\/IMG_4254-e1723809486530-650x488.jpg 650w\" sizes=\"auto, (max-width: 1536px) 100vw, 1536px\" \/>\t\t\t\t\t\t\t\t\t\t\t\t\t\t\t<\/div>\n\t\t\t\t<\/div>\n\t\t\t\t\t<\/div>\n\t\t<\/div>\n\t\t\t\t<div class=\"elementor-column elementor-col-33 elementor-top-column elementor-element elementor-element-8377904\" data-id=\"8377904\" data-element_type=\"column\">\n\t\t\t<div class=\"elementor-widget-wrap elementor-element-populated\">\n\t\t\t\t\t\t\t\t<div class=\"elementor-element elementor-element-4b2cc63 animated-slow elementor-invisible elementor-widget elementor-widget-image\" data-id=\"4b2cc63\" data-element_type=\"widget\" data-settings=\"{&quot;_animation&quot;:&quot;fadeIn&quot;}\" data-widget_type=\"image.default\">\n\t\t\t\t<div class=\"elementor-widget-container\">\n\t\t\t\t\t\t\t\t\t\t\t\t\t\t\t<img loading=\"lazy\" decoding=\"async\" width=\"1200\" height=\"901\" src=\"https:\/\/gala-laudenklos.de\/wp-content\/uploads\/2024\/08\/cb87ade2-293b-42fe-a646-f137b90530b0-e1723809534465.jpg\" class=\"attachment-full size-full wp-image-768\" alt=\"\" srcset=\"https:\/\/gala-laudenklos.de\/wp-content\/uploads\/2024\/08\/cb87ade2-293b-42fe-a646-f137b90530b0-e1723809534465.jpg 1200w, https:\/\/gala-laudenklos.de\/wp-content\/uploads\/2024\/08\/cb87ade2-293b-42fe-a646-f137b90530b0-e1723809534465-300x225.jpg 300w, https:\/\/gala-laudenklos.de\/wp-content\/uploads\/2024\/08\/cb87ade2-293b-42fe-a646-f137b90530b0-e1723809534465-1024x769.jpg 1024w, https:\/\/gala-laudenklos.de\/wp-content\/uploads\/2024\/08\/cb87ade2-293b-42fe-a646-f137b90530b0-e1723809534465-768x577.jpg 768w, https:\/\/gala-laudenklos.de\/wp-content\/uploads\/2024\/08\/cb87ade2-293b-42fe-a646-f137b90530b0-e1723809534465-650x488.jpg 650w\" sizes=\"auto, (max-width: 1200px) 100vw, 1200px\" \/>\t\t\t\t\t\t\t\t\t\t\t\t\t\t\t<\/div>\n\t\t\t\t<\/div>\n\t\t\t\t\t<\/div>\n\t\t<\/div>\n\t\t\t\t<div class=\"elementor-column elementor-col-33 elementor-top-column elementor-element elementor-element-61cfdc9\" data-id=\"61cfdc9\" data-element_type=\"column\">\n\t\t\t<div class=\"elementor-widget-wrap elementor-element-populated\">\n\t\t\t\t\t\t\t\t<div class=\"elementor-element elementor-element-7986215 animated-slow elementor-invisible elementor-widget elementor-widget-image\" data-id=\"7986215\" data-element_type=\"widget\" data-settings=\"{&quot;_animation&quot;:&quot;fadeIn&quot;}\" data-widget_type=\"image.default\">\n\t\t\t\t<div class=\"elementor-widget-container\">\n\t\t\t\t\t\t\t\t\t\t\t\t\t\t\t<img loading=\"lazy\" decoding=\"async\" width=\"1024\" height=\"768\" src=\"https:\/\/gala-laudenklos.de\/wp-content\/uploads\/2024\/08\/50ec4076-814e-4cef-90e4-061ef6198c18.jpg\" class=\"attachment-full size-full wp-image-769\" alt=\"\" srcset=\"https:\/\/gala-laudenklos.de\/wp-content\/uploads\/2024\/08\/50ec4076-814e-4cef-90e4-061ef6198c18.jpg 1024w, https:\/\/gala-laudenklos.de\/wp-content\/uploads\/2024\/08\/50ec4076-814e-4cef-90e4-061ef6198c18-300x225.jpg 300w, https:\/\/gala-laudenklos.de\/wp-content\/uploads\/2024\/08\/50ec4076-814e-4cef-90e4-061ef6198c18-768x576.jpg 768w, https:\/\/gala-laudenklos.de\/wp-content\/uploads\/2024\/08\/50ec4076-814e-4cef-90e4-061ef6198c18-650x488.jpg 650w\" sizes=\"auto, (max-width: 1024px) 100vw, 1024px\" \/>\t\t\t\t\t\t\t\t\t\t\t\t\t\t\t<\/div>\n\t\t\t\t<\/div>\n\t\t\t\t\t<\/div>\n\t\t<\/div>\n\t\t\t\t\t\t\t<\/div>\n\t\t<\/section>\n\t\t\t\t<section class=\"elementor-section elementor-top-section elementor-element elementor-element-0ac000d elementor-section-boxed elementor-section-height-default elementor-section-height-default\" data-id=\"0ac000d\" data-element_type=\"section\">\n\t\t\t\t\t\t<div class=\"elementor-container elementor-column-gap-default\">\n\t\t\t\t\t<div class=\"elementor-column elementor-col-100 elementor-top-column elementor-element elementor-element-dfea71c\" data-id=\"dfea71c\" data-element_type=\"column\">\n\t\t\t<div class=\"elementor-widget-wrap elementor-element-populated\">\n\t\t\t\t\t\t\t\t<div class=\"elementor-element elementor-element-8506515 elementor-align-center elementor-widget__width-initial elementor-widget elementor-widget-button\" data-id=\"8506515\" data-element_type=\"widget\" data-widget_type=\"button.default\">\n\t\t\t\t<div class=\"elementor-widget-container\">\n\t\t\t\t\t<div class=\"elementor-button-wrapper\">\n\t\t\t<a class=\"elementor-button elementor-button-link elementor-size-sm\" href=\"https:\/\/gala-laudenklos.de\/index.php\/unsere-leistungen\/\">\n\t\t\t\t\t\t<span class=\"elementor-button-content-wrapper\">\n\t\t\t\t\t\t<span class=\"elementor-button-text\">zur\u00fcck zu allen Leistungen<\/span>\n\t\t<\/span>\n\t\t\t\t\t<\/a>\n\t\t<\/div>\n\t\t\t\t<\/div>\n\t\t\t\t<\/div>\n\t\t\t\t\t<\/div>\n\t\t<\/div>\n\t\t\t\t\t\t\t<\/div>\n\t\t<\/section>\n\t\t\t\t\t\t\t<\/div>\n\t\t","protected":false},"excerpt":{"rendered":"<p>F\u00e4llungsarbeiten Sichere Baumf\u00e4llung \u2013 Platz f\u00fcr Neues in Ihrem Garten Wir sind Ihre Experten f\u00fcr sichere und professionelle Baumf\u00e4llungen, ob aus Sicherheitsgr\u00fcnden [&hellip;]<\/p>\n","protected":false},"author":1,"featured_media":0,"parent":0,"menu_order":0,"comment_status":"closed","ping_status":"closed","template":"","meta":{"footnotes":""},"class_list":["post-306","page","type-page","status-publish","hentry"],"_links":{"self":[{"href":"https:\/\/gala-laudenklos.de\/index.php\/wp-json\/wp\/v2\/pages\/306","targetHints":{"allow":["GET"]}}],"collection":[{"href":"https:\/\/gala-laudenklos.de\/index.php\/wp-json\/wp\/v2\/pages"}],"about":[{"href":"https:\/\/gala-laudenklos.de\/index.php\/wp-json\/wp\/v2\/types\/page"}],"author":[{"embeddable":true,"href":"https:\/\/gala-laudenklos.de\/index.php\/wp-json\/wp\/v2\/users\/1"}],"replies":[{"embeddable":true,"href":"https:\/\/gala-laudenklos.de\/index.php\/wp-json\/wp\/v2\/comments?post=306"}],"version-history":[{"count":13,"href":"https:\/\/gala-laudenklos.de\/index.php\/wp-json\/wp\/v2\/pages\/306\/revisions"}],"predecessor-version":[{"id":1285,"href":"https:\/\/gala-laudenklos.de\/index.php\/wp-json\/wp\/v2\/pages\/306\/revisions\/1285"}],"wp:attachment":[{"href":"https:\/\/gala-laudenklos.de\/index.php\/wp-json\/wp\/v2\/media?parent=306"}],"curies":[{"name":"wp","href":"https:\/\/api.w.org\/{rel}","templated":true}]}}