{"id":294,"date":"2024-08-08T16:45:45","date_gmt":"2024-08-08T14:45:45","guid":{"rendered":"https:\/\/gala-laudenklos.de\/?page_id=294"},"modified":"2024-09-26T11:09:56","modified_gmt":"2024-09-26T09:09:56","slug":"steinarbeiten","status":"publish","type":"page","link":"https:\/\/gala-laudenklos.de\/index.php\/steinarbeiten\/","title":{"rendered":"Steinarbeiten"},"content":{"rendered":"\t\t<div data-elementor-type=\"wp-page\" data-elementor-id=\"294\" class=\"elementor elementor-294\">\n\t\t\t\t\t\t\t\t\t<div class=\"elementor-section elementor-top-section elementor-element elementor-element-9a9f984 elementor-section-full_width elementor-section-height-default elementor-section-height-default\" data-id=\"9a9f984\" data-element_type=\"section\" data-settings=\"{&quot;background_background&quot;:&quot;gradient&quot;}\">\n\t\t\t\t\t\t<div class=\"elementor-container elementor-column-gap-no\">\n\t\t\t\t\t<div class=\"elementor-column elementor-col-100 elementor-top-column elementor-element elementor-element-5e824b6\" data-id=\"5e824b6\" data-element_type=\"column\" data-settings=\"{&quot;background_background&quot;:&quot;classic&quot;}\">\n\t\t\t<div class=\"elementor-widget-wrap elementor-element-populated\">\n\t\t\t\t\t<div class=\"elementor-background-overlay\"><\/div>\n\t\t\t\t\t\t\t\t<div class=\"elementor-element elementor-element-9834f08 elementor-widget__width-initial elementor-widget-tablet__width-initial elementor-widget-mobile__width-inherit elementor-widget elementor-widget-heading\" data-id=\"9834f08\" data-element_type=\"widget\" data-widget_type=\"heading.default\">\n\t\t\t\t<div class=\"elementor-widget-container\">\n\t\t\t<style>\/*! elementor - v3.15.0 - 02-08-2023 *\/\n.elementor-heading-title{padding:0;margin:0;line-height:1}.elementor-widget-heading .elementor-heading-title[class*=elementor-size-]>a{color:inherit;font-size:inherit;line-height:inherit}.elementor-widget-heading .elementor-heading-title.elementor-size-small{font-size:15px}.elementor-widget-heading .elementor-heading-title.elementor-size-medium{font-size:19px}.elementor-widget-heading .elementor-heading-title.elementor-size-large{font-size:29px}.elementor-widget-heading .elementor-heading-title.elementor-size-xl{font-size:39px}.elementor-widget-heading .elementor-heading-title.elementor-size-xxl{font-size:59px}<\/style><h1 class=\"elementor-heading-title elementor-size-default\">Steinarbeiten<\/h1>\t\t<\/div>\n\t\t\t\t<\/div>\n\t\t\t\t\t<\/div>\n\t\t<\/div>\n\t\t\t\t\t\t\t<\/div>\n\t\t<\/div>\n\t\t\t\t<div class=\"elementor-section elementor-top-section elementor-element elementor-element-157804c elementor-section-boxed elementor-section-height-default elementor-section-height-default\" data-id=\"157804c\" data-element_type=\"section\">\n\t\t\t\t\t\t<div class=\"elementor-container elementor-column-gap-default\">\n\t\t\t\t\t<div class=\"elementor-column elementor-col-100 elementor-top-column elementor-element elementor-element-c99dad6\" data-id=\"c99dad6\" data-element_type=\"column\">\n\t\t\t<div class=\"elementor-widget-wrap elementor-element-populated\">\n\t\t\t\t\t\t\t\t<div class=\"elementor-element elementor-element-17043d5 elementor-widget elementor-widget-image\" data-id=\"17043d5\" data-element_type=\"widget\" data-widget_type=\"image.default\">\n\t\t\t\t<div class=\"elementor-widget-container\">\n\t\t\t<style>\/*! elementor - v3.15.0 - 02-08-2023 *\/\n.elementor-widget-image{text-align:center}.elementor-widget-image a{display:inline-block}.elementor-widget-image a img[src$=\".svg\"]{width:48px}.elementor-widget-image img{vertical-align:middle;display:inline-block}<\/style>\t\t\t\t\t\t\t\t\t\t\t\t<img loading=\"lazy\" decoding=\"async\" width=\"1200\" height=\"792\" src=\"https:\/\/gala-laudenklos.de\/wp-content\/uploads\/2024\/08\/unnamed-file-e1723806769718.jpg\" class=\"attachment-full size-full wp-image-711\" alt=\"\" srcset=\"https:\/\/gala-laudenklos.de\/wp-content\/uploads\/2024\/08\/unnamed-file-e1723806769718.jpg 1200w, https:\/\/gala-laudenklos.de\/wp-content\/uploads\/2024\/08\/unnamed-file-e1723806769718-300x198.jpg 300w, https:\/\/gala-laudenklos.de\/wp-content\/uploads\/2024\/08\/unnamed-file-e1723806769718-1024x676.jpg 1024w, https:\/\/gala-laudenklos.de\/wp-content\/uploads\/2024\/08\/unnamed-file-e1723806769718-768x507.jpg 768w, https:\/\/gala-laudenklos.de\/wp-content\/uploads\/2024\/08\/unnamed-file-e1723806769718-650x429.jpg 650w\" sizes=\"auto, (max-width: 1200px) 100vw, 1200px\" \/>\t\t\t\t\t\t\t\t\t\t\t\t\t\t\t<\/div>\n\t\t\t\t<\/div>\n\t\t\t\t\t<\/div>\n\t\t<\/div>\n\t\t\t\t\t\t\t<\/div>\n\t\t<\/div>\n\t\t\t\t<div class=\"elementor-section elementor-top-section elementor-element elementor-element-9b536a1 elementor-section-boxed elementor-section-height-default elementor-section-height-default\" data-id=\"9b536a1\" data-element_type=\"section\">\n\t\t\t\t\t\t<div class=\"elementor-container elementor-column-gap-default\">\n\t\t\t\t\t<div class=\"elementor-column elementor-col-100 elementor-top-column elementor-element elementor-element-7d7f80d\" data-id=\"7d7f80d\" data-element_type=\"column\">\n\t\t\t<div class=\"elementor-widget-wrap elementor-element-populated\">\n\t\t\t\t\t\t\t\t<div class=\"elementor-element elementor-element-cd44372 elementor-widget__width-initial elementor-widget-tablet__width-initial elementor-widget-mobile__width-inherit elementor-widget elementor-widget-heading\" data-id=\"cd44372\" data-element_type=\"widget\" data-widget_type=\"heading.default\">\n\t\t\t\t<div class=\"elementor-widget-container\">\n\t\t\t<h2 class=\"elementor-heading-title elementor-size-default\">Ma\u00dfgeschneiderte Steinl\u00f6sungen f\u00fcr einen einzigartigen Garten<\/h2>\t\t<\/div>\n\t\t\t\t<\/div>\n\t\t\t\t<section class=\"elementor-section elementor-inner-section elementor-element elementor-element-78a1a8e elementor-section-boxed elementor-section-height-default elementor-section-height-default\" data-id=\"78a1a8e\" data-element_type=\"section\">\n\t\t\t\t\t\t<div class=\"elementor-container elementor-column-gap-no\">\n\t\t\t\t\t<div class=\"elementor-column elementor-col-50 elementor-inner-column elementor-element elementor-element-299712f\" data-id=\"299712f\" data-element_type=\"column\">\n\t\t\t<div class=\"elementor-widget-wrap elementor-element-populated\">\n\t\t\t\t\t\t\t\t<div class=\"elementor-element elementor-element-c2c4ace e-transform elementor-widget elementor-widget-text-editor\" data-id=\"c2c4ace\" data-element_type=\"widget\" data-settings=\"{&quot;_transform_translateX_effect&quot;:{&quot;unit&quot;:&quot;px&quot;,&quot;size&quot;:&quot;&quot;,&quot;sizes&quot;:[]},&quot;_transform_translateX_effect_tablet&quot;:{&quot;unit&quot;:&quot;px&quot;,&quot;size&quot;:&quot;&quot;,&quot;sizes&quot;:[]},&quot;_transform_translateX_effect_mobile&quot;:{&quot;unit&quot;:&quot;px&quot;,&quot;size&quot;:&quot;&quot;,&quot;sizes&quot;:[]},&quot;_transform_translateY_effect&quot;:{&quot;unit&quot;:&quot;px&quot;,&quot;size&quot;:&quot;&quot;,&quot;sizes&quot;:[]},&quot;_transform_translateY_effect_tablet&quot;:{&quot;unit&quot;:&quot;px&quot;,&quot;size&quot;:&quot;&quot;,&quot;sizes&quot;:[]},&quot;_transform_translateY_effect_mobile&quot;:{&quot;unit&quot;:&quot;px&quot;,&quot;size&quot;:&quot;&quot;,&quot;sizes&quot;:[]}}\" data-widget_type=\"text-editor.default\">\n\t\t\t\t<div class=\"elementor-widget-container\">\n\t\t\t<style>\/*! elementor - v3.15.0 - 02-08-2023 *\/\n.elementor-widget-text-editor.elementor-drop-cap-view-stacked .elementor-drop-cap{background-color:#69727d;color:#fff}.elementor-widget-text-editor.elementor-drop-cap-view-framed .elementor-drop-cap{color:#69727d;border:3px solid;background-color:transparent}.elementor-widget-text-editor:not(.elementor-drop-cap-view-default) .elementor-drop-cap{margin-top:8px}.elementor-widget-text-editor:not(.elementor-drop-cap-view-default) .elementor-drop-cap-letter{width:1em;height:1em}.elementor-widget-text-editor .elementor-drop-cap{float:left;text-align:center;line-height:1;font-size:50px}.elementor-widget-text-editor .elementor-drop-cap-letter{display:inline-block}<\/style>\t\t\t\t<div class=\"flex-shrink-0 flex flex-col relative items-end\"><div class=\"pt-0\"><div class=\"gizmo-bot-avatar flex h-8 w-8 items-center justify-center overflow-hidden rounded-full\"><div class=\"relative p-1 rounded-sm flex items-center justify-center bg-token-main-surface-primary text-token-text-primary h-8 w-8\"><div class=\"flex-shrink-0 flex flex-col relative items-end\"><div class=\"pt-0\"><div class=\"gizmo-bot-avatar flex h-8 w-8 items-center justify-center overflow-hidden rounded-full\"><div class=\"relative p-1 rounded-sm flex items-center justify-center bg-token-main-surface-primary text-token-text-primary h-8 w-8\"><div class=\"flex-shrink-0 flex flex-col relative items-end\"><div><div class=\"pt-0\"><div class=\"gizmo-bot-avatar flex h-8 w-8 items-center justify-center overflow-hidden rounded-full\"><div class=\"relative p-1 rounded-sm flex items-center justify-center bg-token-main-surface-primary text-token-text-primary h-8 w-8\">Wir sind Ihre Experten f\u00fcr Steinarbeiten und verleihen Ihrem Garten mit Trockenmauern, Stufen und Wasserelementen Charakter und Individualit\u00e4t. <span style=\"color: #84b317;\">Unser erfahrenes Team nutzt hochwertige Materialien und arbeitet pr\u00e4zise, um Ihre Gartenideen umzusetzen.<\/span> Wir bieten unseren Service in der gesamten Rhein-Neckar-Region an \u2013 kontaktieren Sie uns f\u00fcr eine pers\u00f6nliche Beratung.<\/div><\/div><\/div><\/div><\/div><\/div><\/div><\/div><\/div><\/div><\/div><\/div><\/div>\t\t\t\t\t\t<\/div>\n\t\t\t\t<\/div>\n\t\t\t\t\t<\/div>\n\t\t<\/div>\n\t\t\t\t<div class=\"elementor-column elementor-col-50 elementor-inner-column elementor-element elementor-element-b3aef5b\" data-id=\"b3aef5b\" data-element_type=\"column\">\n\t\t\t<div class=\"elementor-widget-wrap elementor-element-populated\">\n\t\t\t\t\t\t\t\t<div class=\"elementor-element elementor-element-9b477e0 elementor-widget elementor-widget-text-editor\" data-id=\"9b477e0\" data-element_type=\"widget\" data-widget_type=\"text-editor.default\">\n\t\t\t\t<div class=\"elementor-widget-container\">\n\t\t\t\t\t\t\t<p>Steinarbeiten sind der Schl\u00fcssel, um Ihrem Garten Charakter und Individualit\u00e4t zu verleihen. Ob Trockenmauern, Stufen, Beeteinfassungen oder Wasserelemente &#8211; wir sind Ihre erfahrenen Experten f\u00fcr hochwertige Steinarbeiten in der Gartengestaltung. Mit Hingabe und Sorgfalt setzen wir Ihre Ideen um und schaffen einzigartige Steinstrukturen, die Ihren Garten zum absoluten Highlight machen. St\u00e4dten im Rhein-Neckar-Kreis &#8211; wir sind Ihr zuverl\u00e4ssiger Partner f\u00fcr eine erstklassige Rollrasenverlegung.<\/p>\t\t\t\t\t\t<\/div>\n\t\t\t\t<\/div>\n\t\t\t\t<div class=\"elementor-element elementor-element-855c991 elementor-widget elementor-widget-text-editor\" data-id=\"855c991\" data-element_type=\"widget\" data-widget_type=\"text-editor.default\">\n\t\t\t\t<div class=\"elementor-widget-container\">\n\t\t\t\t\t\t\t<p>Unser Team aus erfahrenen Fachkr\u00e4ften verf\u00fcgt \u00fcber das Know-how und die Expertise, um Ihre individuellen Vorstellungen und W\u00fcnsche in die Realit\u00e4t umzusetzen. Wir arbeiten mit einer Vielzahl von hochwertigen Steinen und Materialien, um die gew\u00fcnschte \u00c4sthetik und Funktionalit\u00e4t in Ihrem Garten zu erreichen. Dabei legen wir gro\u00dfen Wert auf Pr\u00e4zision, Qualit\u00e4t und handwerkliches K\u00f6nnen.<\/p>\t\t\t\t\t\t<\/div>\n\t\t\t\t<\/div>\n\t\t\t\t<div class=\"elementor-element elementor-element-49a107a elementor-widget elementor-widget-text-editor\" data-id=\"49a107a\" data-element_type=\"widget\" data-widget_type=\"text-editor.default\">\n\t\t\t\t<div class=\"elementor-widget-container\">\n\t\t\t\t\t\t\t<p>Unsere Steinarbeiten umfassen verschiedene Bereiche der Gartengestaltung und bieten Ihnen eine Vielzahl von M\u00f6glichkeiten, um Ihren Garten zu versch\u00f6nern. Egal, ob Sie eine beeindruckende Trockenmauer w\u00fcnschen, elegante Stufen f\u00fcr Ihre Terrasse ben\u00f6tigen oder eine Beeteinfassung oder ein Wasserelement zur Aufwertung Ihres Gartens planen &#8211; wir sind Ihre zuverl\u00e4ssigen Partner.<\/p>\t\t\t\t\t\t<\/div>\n\t\t\t\t<\/div>\n\t\t\t\t<div class=\"elementor-element elementor-element-3d908bd elementor-widget elementor-widget-text-editor\" data-id=\"3d908bd\" data-element_type=\"widget\" data-widget_type=\"text-editor.default\">\n\t\t\t\t<div class=\"elementor-widget-container\">\n\t\t\t\t\t\t\t<p>Unser Service erstreckt sich \u00fcber verschiedene St\u00e4dte und Ortschaften in der Rhein-Neckar-Region, darunter Mannheim, Heidelberg, Ludwigshafen, Weinheim, Schwetzingen, Hockenheim und weitere. Unabh\u00e4ngig von Ihrem Standort sind wir bereit, Ihre Steinarbeiten im Garten zu realisieren und Ihnen ein Ergebnis zu bieten, das Ihre Erwartungen \u00fcbertrifft.<\/p>\t\t\t\t\t\t<\/div>\n\t\t\t\t<\/div>\n\t\t\t\t<div class=\"elementor-element elementor-element-c0d681e elementor-widget elementor-widget-text-editor\" data-id=\"c0d681e\" data-element_type=\"widget\" data-widget_type=\"text-editor.default\">\n\t\t\t\t<div class=\"elementor-widget-container\">\n\t\t\t\t\t\t\t<p>Vertrauen Sie auf unsere Erfahrung, unser handwerkliches K\u00f6nnen und unsere Leidenschaft f\u00fcr Steinarbeiten, um Ihren Garten zu einem einzigartigen und beeindruckenden Ort zu machen. Kontaktieren Sie uns noch heute, um weitere Informationen zu erhalten und einen pers\u00f6nlichen Termin f\u00fcr eine Beratung zu vereinbaren. Wir freuen uns darauf, gemeinsam mit Ihnen Ihre Gartentr\u00e4ume zu verwirklichen und Ihnen eine ma\u00dfgeschneiderte L\u00f6sung f\u00fcr Ihre Steinarbeiten anzubieten.<\/p>\t\t\t\t\t\t<\/div>\n\t\t\t\t<\/div>\n\t\t\t\t\t<\/div>\n\t\t<\/div>\n\t\t\t\t\t\t\t<\/div>\n\t\t<\/section>\n\t\t\t\t\t<\/div>\n\t\t<\/div>\n\t\t\t\t\t\t\t<\/div>\n\t\t<\/div>\n\t\t\t\t<section class=\"elementor-section elementor-top-section elementor-element elementor-element-2e37a2d elementor-section-full_width elementor-section-height-default elementor-section-height-default\" data-id=\"2e37a2d\" data-element_type=\"section\">\n\t\t\t\t\t\t<div class=\"elementor-container elementor-column-gap-default\">\n\t\t\t\t\t<div class=\"elementor-column elementor-col-33 elementor-top-column elementor-element elementor-element-dfd424f\" data-id=\"dfd424f\" data-element_type=\"column\">\n\t\t\t<div class=\"elementor-widget-wrap elementor-element-populated\">\n\t\t\t\t\t\t\t\t<div class=\"elementor-element elementor-element-2121ee1 animated-slow elementor-invisible elementor-widget elementor-widget-image\" data-id=\"2121ee1\" data-element_type=\"widget\" data-settings=\"{&quot;_animation&quot;:&quot;fadeIn&quot;}\" data-widget_type=\"image.default\">\n\t\t\t\t<div class=\"elementor-widget-container\">\n\t\t\t\t\t\t\t\t\t\t\t\t\t\t\t<img loading=\"lazy\" decoding=\"async\" width=\"1181\" height=\"888\" src=\"https:\/\/gala-laudenklos.de\/wp-content\/uploads\/2024\/08\/1bbf7cc9-358e-407d-9476-e10b5d9c2c7e-1-e1723812599177.jpg\" class=\"attachment-full size-full wp-image-847\" alt=\"\" srcset=\"https:\/\/gala-laudenklos.de\/wp-content\/uploads\/2024\/08\/1bbf7cc9-358e-407d-9476-e10b5d9c2c7e-1-e1723812599177.jpg 1181w, https:\/\/gala-laudenklos.de\/wp-content\/uploads\/2024\/08\/1bbf7cc9-358e-407d-9476-e10b5d9c2c7e-1-e1723812599177-300x226.jpg 300w, https:\/\/gala-laudenklos.de\/wp-content\/uploads\/2024\/08\/1bbf7cc9-358e-407d-9476-e10b5d9c2c7e-1-e1723812599177-1024x770.jpg 1024w, https:\/\/gala-laudenklos.de\/wp-content\/uploads\/2024\/08\/1bbf7cc9-358e-407d-9476-e10b5d9c2c7e-1-e1723812599177-768x577.jpg 768w, https:\/\/gala-laudenklos.de\/wp-content\/uploads\/2024\/08\/1bbf7cc9-358e-407d-9476-e10b5d9c2c7e-1-e1723812599177-650x489.jpg 650w\" sizes=\"auto, (max-width: 1181px) 100vw, 1181px\" \/>\t\t\t\t\t\t\t\t\t\t\t\t\t\t\t<\/div>\n\t\t\t\t<\/div>\n\t\t\t\t\t<\/div>\n\t\t<\/div>\n\t\t\t\t<div class=\"elementor-column elementor-col-33 elementor-top-column elementor-element elementor-element-a33d545\" data-id=\"a33d545\" data-element_type=\"column\">\n\t\t\t<div class=\"elementor-widget-wrap elementor-element-populated\">\n\t\t\t\t\t\t\t\t<div class=\"elementor-element elementor-element-737dd76 animated-slow elementor-invisible elementor-widget elementor-widget-image\" data-id=\"737dd76\" data-element_type=\"widget\" data-settings=\"{&quot;_animation&quot;:&quot;fadeIn&quot;}\" data-widget_type=\"image.default\">\n\t\t\t\t<div class=\"elementor-widget-container\">\n\t\t\t\t\t\t\t\t\t\t\t\t\t\t\t<img loading=\"lazy\" decoding=\"async\" width=\"1536\" height=\"1153\" src=\"https:\/\/gala-laudenklos.de\/wp-content\/uploads\/2024\/08\/7CA1ED27-8BA9-4D6A-B1BC-337A9BFF80B8-e1723812560229.jpg\" class=\"attachment-full size-full wp-image-845\" alt=\"\" srcset=\"https:\/\/gala-laudenklos.de\/wp-content\/uploads\/2024\/08\/7CA1ED27-8BA9-4D6A-B1BC-337A9BFF80B8-e1723812560229.jpg 1536w, https:\/\/gala-laudenklos.de\/wp-content\/uploads\/2024\/08\/7CA1ED27-8BA9-4D6A-B1BC-337A9BFF80B8-e1723812560229-300x225.jpg 300w, https:\/\/gala-laudenklos.de\/wp-content\/uploads\/2024\/08\/7CA1ED27-8BA9-4D6A-B1BC-337A9BFF80B8-e1723812560229-1024x769.jpg 1024w, https:\/\/gala-laudenklos.de\/wp-content\/uploads\/2024\/08\/7CA1ED27-8BA9-4D6A-B1BC-337A9BFF80B8-e1723812560229-768x577.jpg 768w, https:\/\/gala-laudenklos.de\/wp-content\/uploads\/2024\/08\/7CA1ED27-8BA9-4D6A-B1BC-337A9BFF80B8-e1723812560229-650x488.jpg 650w\" sizes=\"auto, (max-width: 1536px) 100vw, 1536px\" \/>\t\t\t\t\t\t\t\t\t\t\t\t\t\t\t<\/div>\n\t\t\t\t<\/div>\n\t\t\t\t\t<\/div>\n\t\t<\/div>\n\t\t\t\t<div class=\"elementor-column elementor-col-33 elementor-top-column elementor-element elementor-element-3fa1398\" data-id=\"3fa1398\" data-element_type=\"column\">\n\t\t\t<div class=\"elementor-widget-wrap elementor-element-populated\">\n\t\t\t\t\t\t\t\t<div class=\"elementor-element elementor-element-eac4484 animated-slow elementor-invisible elementor-widget elementor-widget-image\" data-id=\"eac4484\" data-element_type=\"widget\" data-settings=\"{&quot;_animation&quot;:&quot;fadeIn&quot;}\" data-widget_type=\"image.default\">\n\t\t\t\t<div class=\"elementor-widget-container\">\n\t\t\t\t\t\t\t\t\t\t\t\t\t\t\t<img loading=\"lazy\" decoding=\"async\" width=\"1536\" height=\"1153\" src=\"https:\/\/gala-laudenklos.de\/wp-content\/uploads\/2024\/08\/IMG_5267-e1723812633547.jpg\" class=\"attachment-full size-full wp-image-848\" alt=\"\" srcset=\"https:\/\/gala-laudenklos.de\/wp-content\/uploads\/2024\/08\/IMG_5267-e1723812633547.jpg 1536w, https:\/\/gala-laudenklos.de\/wp-content\/uploads\/2024\/08\/IMG_5267-e1723812633547-300x225.jpg 300w, https:\/\/gala-laudenklos.de\/wp-content\/uploads\/2024\/08\/IMG_5267-e1723812633547-1024x769.jpg 1024w, https:\/\/gala-laudenklos.de\/wp-content\/uploads\/2024\/08\/IMG_5267-e1723812633547-768x577.jpg 768w, https:\/\/gala-laudenklos.de\/wp-content\/uploads\/2024\/08\/IMG_5267-e1723812633547-650x488.jpg 650w\" sizes=\"auto, (max-width: 1536px) 100vw, 1536px\" \/>\t\t\t\t\t\t\t\t\t\t\t\t\t\t\t<\/div>\n\t\t\t\t<\/div>\n\t\t\t\t\t<\/div>\n\t\t<\/div>\n\t\t\t\t\t\t\t<\/div>\n\t\t<\/section>\n\t\t\t\t<section class=\"elementor-section elementor-top-section elementor-element elementor-element-bfa89c2 elementor-section-boxed elementor-section-height-default elementor-section-height-default\" data-id=\"bfa89c2\" data-element_type=\"section\">\n\t\t\t\t\t\t<div class=\"elementor-container elementor-column-gap-default\">\n\t\t\t\t\t<div class=\"elementor-column elementor-col-100 elementor-top-column elementor-element elementor-element-b1e80e5\" data-id=\"b1e80e5\" data-element_type=\"column\">\n\t\t\t<div class=\"elementor-widget-wrap elementor-element-populated\">\n\t\t\t\t\t\t\t\t<div class=\"elementor-element elementor-element-86f8148 elementor-align-center elementor-widget__width-initial elementor-widget elementor-widget-button\" data-id=\"86f8148\" data-element_type=\"widget\" data-widget_type=\"button.default\">\n\t\t\t\t<div class=\"elementor-widget-container\">\n\t\t\t\t\t<div class=\"elementor-button-wrapper\">\n\t\t\t<a class=\"elementor-button elementor-button-link elementor-size-sm\" href=\"https:\/\/gala-laudenklos.de\/index.php\/unsere-leistungen\/\">\n\t\t\t\t\t\t<span class=\"elementor-button-content-wrapper\">\n\t\t\t\t\t\t<span class=\"elementor-button-text\">zur\u00fcck zu allen Leistungen<\/span>\n\t\t<\/span>\n\t\t\t\t\t<\/a>\n\t\t<\/div>\n\t\t\t\t<\/div>\n\t\t\t\t<\/div>\n\t\t\t\t\t<\/div>\n\t\t<\/div>\n\t\t\t\t\t\t\t<\/div>\n\t\t<\/section>\n\t\t\t\t\t\t\t<\/div>\n\t\t","protected":false},"excerpt":{"rendered":"<p>Steinarbeiten Ma\u00dfgeschneiderte Steinl\u00f6sungen f\u00fcr einen einzigartigen Garten Wir sind Ihre Experten f\u00fcr Steinarbeiten und verleihen Ihrem Garten mit Trockenmauern, Stufen und Wasserelementen [&hellip;]<\/p>\n","protected":false},"author":1,"featured_media":0,"parent":0,"menu_order":0,"comment_status":"closed","ping_status":"closed","template":"","meta":{"footnotes":""},"class_list":["post-294","page","type-page","status-publish","hentry"],"_links":{"self":[{"href":"https:\/\/gala-laudenklos.de\/index.php\/wp-json\/wp\/v2\/pages\/294","targetHints":{"allow":["GET"]}}],"collection":[{"href":"https:\/\/gala-laudenklos.de\/index.php\/wp-json\/wp\/v2\/pages"}],"about":[{"href":"https:\/\/gala-laudenklos.de\/index.php\/wp-json\/wp\/v2\/types\/page"}],"author":[{"embeddable":true,"href":"https:\/\/gala-laudenklos.de\/index.php\/wp-json\/wp\/v2\/users\/1"}],"replies":[{"embeddable":true,"href":"https:\/\/gala-laudenklos.de\/index.php\/wp-json\/wp\/v2\/comments?post=294"}],"version-history":[{"count":22,"href":"https:\/\/gala-laudenklos.de\/index.php\/wp-json\/wp\/v2\/pages\/294\/revisions"}],"predecessor-version":[{"id":1282,"href":"https:\/\/gala-laudenklos.de\/index.php\/wp-json\/wp\/v2\/pages\/294\/revisions\/1282"}],"wp:attachment":[{"href":"https:\/\/gala-laudenklos.de\/index.php\/wp-json\/wp\/v2\/media?parent=294"}],"curies":[{"name":"wp","href":"https:\/\/api.w.org\/{rel}","templated":true}]}}