{"id":228,"date":"2024-08-08T15:37:17","date_gmt":"2024-08-08T13:37:17","guid":{"rendered":"https:\/\/gala-laudenklos.de\/?page_id=228"},"modified":"2024-09-26T11:05:08","modified_gmt":"2024-09-26T09:05:08","slug":"unterbau","status":"publish","type":"page","link":"https:\/\/gala-laudenklos.de\/index.php\/unterbau\/","title":{"rendered":"Unterbau"},"content":{"rendered":"\t\t<div data-elementor-type=\"wp-page\" data-elementor-id=\"228\" class=\"elementor elementor-228\">\n\t\t\t\t\t\t\t\t\t<div class=\"elementor-section elementor-top-section elementor-element elementor-element-c4991a8 elementor-section-full_width elementor-section-height-default elementor-section-height-default\" data-id=\"c4991a8\" data-element_type=\"section\" data-settings=\"{&quot;background_background&quot;:&quot;gradient&quot;}\">\n\t\t\t\t\t\t<div class=\"elementor-container elementor-column-gap-no\">\n\t\t\t\t\t<div class=\"elementor-column elementor-col-100 elementor-top-column elementor-element elementor-element-9fe1b06\" data-id=\"9fe1b06\" data-element_type=\"column\" data-settings=\"{&quot;background_background&quot;:&quot;classic&quot;}\">\n\t\t\t<div class=\"elementor-widget-wrap elementor-element-populated\">\n\t\t\t\t\t<div class=\"elementor-background-overlay\"><\/div>\n\t\t\t\t\t\t\t\t<div class=\"elementor-element elementor-element-9b6f52b elementor-widget__width-initial elementor-widget-tablet__width-initial elementor-widget-mobile__width-inherit elementor-widget elementor-widget-heading\" data-id=\"9b6f52b\" data-element_type=\"widget\" data-widget_type=\"heading.default\">\n\t\t\t\t<div class=\"elementor-widget-container\">\n\t\t\t<style>\/*! elementor - v3.15.0 - 02-08-2023 *\/\n.elementor-heading-title{padding:0;margin:0;line-height:1}.elementor-widget-heading .elementor-heading-title[class*=elementor-size-]>a{color:inherit;font-size:inherit;line-height:inherit}.elementor-widget-heading .elementor-heading-title.elementor-size-small{font-size:15px}.elementor-widget-heading .elementor-heading-title.elementor-size-medium{font-size:19px}.elementor-widget-heading .elementor-heading-title.elementor-size-large{font-size:29px}.elementor-widget-heading .elementor-heading-title.elementor-size-xl{font-size:39px}.elementor-widget-heading .elementor-heading-title.elementor-size-xxl{font-size:59px}<\/style><h1 class=\"elementor-heading-title elementor-size-default\">Unterbau<\/h1>\t\t<\/div>\n\t\t\t\t<\/div>\n\t\t\t\t\t<\/div>\n\t\t<\/div>\n\t\t\t\t\t\t\t<\/div>\n\t\t<\/div>\n\t\t\t\t<div class=\"elementor-section elementor-top-section elementor-element elementor-element-3db467c elementor-section-boxed elementor-section-height-default elementor-section-height-default\" data-id=\"3db467c\" data-element_type=\"section\">\n\t\t\t\t\t\t<div class=\"elementor-container elementor-column-gap-default\">\n\t\t\t\t\t<div class=\"elementor-column elementor-col-100 elementor-top-column elementor-element elementor-element-e225375\" data-id=\"e225375\" data-element_type=\"column\">\n\t\t\t<div class=\"elementor-widget-wrap elementor-element-populated\">\n\t\t\t\t\t\t\t\t<div class=\"elementor-element elementor-element-c0b380d elementor-widget elementor-widget-image\" data-id=\"c0b380d\" data-element_type=\"widget\" data-widget_type=\"image.default\">\n\t\t\t\t<div class=\"elementor-widget-container\">\n\t\t\t<style>\/*! elementor - v3.15.0 - 02-08-2023 *\/\n.elementor-widget-image{text-align:center}.elementor-widget-image a{display:inline-block}.elementor-widget-image a img[src$=\".svg\"]{width:48px}.elementor-widget-image img{vertical-align:middle;display:inline-block}<\/style>\t\t\t\t\t\t\t\t\t\t\t\t<img loading=\"lazy\" decoding=\"async\" width=\"1024\" height=\"631\" src=\"https:\/\/gala-laudenklos.de\/wp-content\/uploads\/2024\/08\/b2462e8ff5fc46b9940d4323c5256e07-e1723125921379.jpg\" class=\"attachment-full size-full wp-image-239\" alt=\"\" srcset=\"https:\/\/gala-laudenklos.de\/wp-content\/uploads\/2024\/08\/b2462e8ff5fc46b9940d4323c5256e07-e1723125921379.jpg 1024w, https:\/\/gala-laudenklos.de\/wp-content\/uploads\/2024\/08\/b2462e8ff5fc46b9940d4323c5256e07-e1723125921379-300x185.jpg 300w, https:\/\/gala-laudenklos.de\/wp-content\/uploads\/2024\/08\/b2462e8ff5fc46b9940d4323c5256e07-e1723125921379-768x473.jpg 768w, https:\/\/gala-laudenklos.de\/wp-content\/uploads\/2024\/08\/b2462e8ff5fc46b9940d4323c5256e07-e1723125921379-650x401.jpg 650w\" sizes=\"auto, (max-width: 1024px) 100vw, 1024px\" \/>\t\t\t\t\t\t\t\t\t\t\t\t\t\t\t<\/div>\n\t\t\t\t<\/div>\n\t\t\t\t\t<\/div>\n\t\t<\/div>\n\t\t\t\t\t\t\t<\/div>\n\t\t<\/div>\n\t\t\t\t<div class=\"elementor-section elementor-top-section elementor-element elementor-element-a37634d elementor-section-boxed elementor-section-height-default elementor-section-height-default\" data-id=\"a37634d\" data-element_type=\"section\">\n\t\t\t\t\t\t<div class=\"elementor-container elementor-column-gap-default\">\n\t\t\t\t\t<div class=\"elementor-column elementor-col-100 elementor-top-column elementor-element elementor-element-257fb89\" data-id=\"257fb89\" data-element_type=\"column\">\n\t\t\t<div class=\"elementor-widget-wrap elementor-element-populated\">\n\t\t\t\t\t\t\t\t<div class=\"elementor-element elementor-element-27848bc elementor-widget__width-initial elementor-widget-tablet__width-initial elementor-widget-mobile__width-inherit elementor-widget elementor-widget-heading\" data-id=\"27848bc\" data-element_type=\"widget\" data-widget_type=\"heading.default\">\n\t\t\t\t<div class=\"elementor-widget-container\">\n\t\t\t<h2 class=\"elementor-heading-title elementor-size-default\">Stabiler Unterbau f\u00fcr langlebige Gartenprojekte<\/h2>\t\t<\/div>\n\t\t\t\t<\/div>\n\t\t\t\t<section class=\"elementor-section elementor-inner-section elementor-element elementor-element-d690682 elementor-section-boxed elementor-section-height-default elementor-section-height-default\" data-id=\"d690682\" data-element_type=\"section\">\n\t\t\t\t\t\t<div class=\"elementor-container elementor-column-gap-no\">\n\t\t\t\t\t<div class=\"elementor-column elementor-col-50 elementor-inner-column elementor-element elementor-element-9dfe271\" data-id=\"9dfe271\" data-element_type=\"column\">\n\t\t\t<div class=\"elementor-widget-wrap elementor-element-populated\">\n\t\t\t\t\t\t\t\t<div class=\"elementor-element elementor-element-e3ae397 e-transform elementor-widget elementor-widget-text-editor\" data-id=\"e3ae397\" data-element_type=\"widget\" data-settings=\"{&quot;_transform_translateX_effect&quot;:{&quot;unit&quot;:&quot;px&quot;,&quot;size&quot;:&quot;&quot;,&quot;sizes&quot;:[]},&quot;_transform_translateX_effect_tablet&quot;:{&quot;unit&quot;:&quot;px&quot;,&quot;size&quot;:&quot;&quot;,&quot;sizes&quot;:[]},&quot;_transform_translateX_effect_mobile&quot;:{&quot;unit&quot;:&quot;px&quot;,&quot;size&quot;:&quot;&quot;,&quot;sizes&quot;:[]},&quot;_transform_translateY_effect&quot;:{&quot;unit&quot;:&quot;px&quot;,&quot;size&quot;:&quot;&quot;,&quot;sizes&quot;:[]},&quot;_transform_translateY_effect_tablet&quot;:{&quot;unit&quot;:&quot;px&quot;,&quot;size&quot;:&quot;&quot;,&quot;sizes&quot;:[]},&quot;_transform_translateY_effect_mobile&quot;:{&quot;unit&quot;:&quot;px&quot;,&quot;size&quot;:&quot;&quot;,&quot;sizes&quot;:[]}}\" data-widget_type=\"text-editor.default\">\n\t\t\t\t<div class=\"elementor-widget-container\">\n\t\t\t<style>\/*! elementor - v3.15.0 - 02-08-2023 *\/\n.elementor-widget-text-editor.elementor-drop-cap-view-stacked .elementor-drop-cap{background-color:#69727d;color:#fff}.elementor-widget-text-editor.elementor-drop-cap-view-framed .elementor-drop-cap{color:#69727d;border:3px solid;background-color:transparent}.elementor-widget-text-editor:not(.elementor-drop-cap-view-default) .elementor-drop-cap{margin-top:8px}.elementor-widget-text-editor:not(.elementor-drop-cap-view-default) .elementor-drop-cap-letter{width:1em;height:1em}.elementor-widget-text-editor .elementor-drop-cap{float:left;text-align:center;line-height:1;font-size:50px}.elementor-widget-text-editor .elementor-drop-cap-letter{display:inline-block}<\/style>\t\t\t\t<div class=\"flex-shrink-0 flex flex-col relative items-end\"><div><div class=\"pt-0\"><div class=\"gizmo-bot-avatar flex h-8 w-8 items-center justify-center overflow-hidden rounded-full\"><div class=\"relative p-1 rounded-sm flex items-center justify-center bg-token-main-surface-primary text-token-text-primary h-8 w-8\">Wir bieten Ihnen professionelle Unterbau-L\u00f6sungen f\u00fcr stabile und langlebige Gartenstrukturen wie Terrassen und Wege.\u00a0<\/div><div class=\"relative p-1 rounded-sm flex items-center justify-center bg-token-main-surface-primary text-token-text-primary h-8 w-8\"><span style=\"color: #84b317;\">Unser erfahrenes Team gew\u00e4hrleistet einen Unterbau, der sowohl Stabilit\u00e4t als auch lange Haltbarkeit bietet.<\/span> Vertrauen Sie auf unsere Expertise, um Ihr Gartenbauprojekt auf einer soliden Grundlage zu realisieren.<\/div><\/div><\/div><\/div><\/div>\t\t\t\t\t\t<\/div>\n\t\t\t\t<\/div>\n\t\t\t\t\t<\/div>\n\t\t<\/div>\n\t\t\t\t<div class=\"elementor-column elementor-col-50 elementor-inner-column elementor-element elementor-element-b41afb1\" data-id=\"b41afb1\" data-element_type=\"column\">\n\t\t\t<div class=\"elementor-widget-wrap elementor-element-populated\">\n\t\t\t\t\t\t\t\t<div class=\"elementor-element elementor-element-9293c16 elementor-widget elementor-widget-text-editor\" data-id=\"9293c16\" data-element_type=\"widget\" data-widget_type=\"text-editor.default\">\n\t\t\t\t<div class=\"elementor-widget-container\">\n\t\t\t\t\t\t\t<p>Der Unterbau ist das solide Fundament f\u00fcr stabile und langlebige Gartenstrukturen wie Terrassen, Gartenh\u00fctten und Wege. Bei der Realisierung Ihrer Terrassenpflasterung oder dem Bau einer Gartendusche legen wir besonderen Wert auf einen zuverl\u00e4ssigen Unterbau. Mit unserer Fachkompetenz und langj\u00e4hrigen Erfahrung sorgen wir daf\u00fcr, dass Ihr Gartenbauvorhaben auf einem soliden Untergrund ruht.<\/p>\t\t\t\t\t\t<\/div>\n\t\t\t\t<\/div>\n\t\t\t\t<div class=\"elementor-element elementor-element-5731d54 elementor-widget elementor-widget-text-editor\" data-id=\"5731d54\" data-element_type=\"widget\" data-widget_type=\"text-editor.default\">\n\t\t\t\t<div class=\"elementor-widget-container\">\n\t\t\t\t\t\t\t<p>Unser Team von Experten steht Ihnen zur Seite, um den optimalen Unterbau f\u00fcr Ihre Terrasse, Pflasterarbeiten oder andere Gartenbauprojekte zu gestalten. Wir ber\u00fccksichtigen dabei sowohl die erforderliche Stabilit\u00e4t als auch die langfristige Haltbarkeit. Verlassen Sie sich auf unsere professionelle Unterbaukonstruktion und genie\u00dfen Sie eine dauerhaft solide Basis f\u00fcr Ihre Gartenstruktur.<\/p>\t\t\t\t\t\t<\/div>\n\t\t\t\t<\/div>\n\t\t\t\t<div class=\"elementor-element elementor-element-a587d48 elementor-widget elementor-widget-text-editor\" data-id=\"a587d48\" data-element_type=\"widget\" data-widget_type=\"text-editor.default\">\n\t\t\t\t<div class=\"elementor-widget-container\">\n\t\t\t\t\t\t\t<p>Ob es um den Unterbau f\u00fcr Ihre Gartenterrasse, den Bau einer Gartendusche oder andere Projekte geht &#8211; wir sind Ihr verl\u00e4sslicher Partner. Verwirklichen Sie Ihren Traumgarten mit einem stabilen Unterbau, auf dem Sie sich jahrelang sorgenfrei und entspannt bewegen k\u00f6nnen. Unser Service steht Ihnen in Heidelberg, Mannheim, Ludwigshafen, Weinheim, Schwetzingen und vielen weiteren St\u00e4dten im Rhein-Neckar-Kreis zur Verf\u00fcgung. Kontaktieren Sie uns noch heute, um Ihr Gartenbauprojekt zu besprechen und gemeinsam eine solide Grundlage zu schaffen.<\/p>\t\t\t\t\t\t<\/div>\n\t\t\t\t<\/div>\n\t\t\t\t\t<\/div>\n\t\t<\/div>\n\t\t\t\t\t\t\t<\/div>\n\t\t<\/section>\n\t\t\t\t\t<\/div>\n\t\t<\/div>\n\t\t\t\t\t\t\t<\/div>\n\t\t<\/div>\n\t\t\t\t<section class=\"elementor-section elementor-top-section elementor-element elementor-element-27ddf03 elementor-section-full_width elementor-section-height-default elementor-section-height-default\" data-id=\"27ddf03\" data-element_type=\"section\">\n\t\t\t\t\t\t<div class=\"elementor-container elementor-column-gap-default\">\n\t\t\t\t\t<div class=\"elementor-column elementor-col-33 elementor-top-column elementor-element elementor-element-ff9d467\" data-id=\"ff9d467\" data-element_type=\"column\">\n\t\t\t<div class=\"elementor-widget-wrap elementor-element-populated\">\n\t\t\t\t\t\t\t\t<div class=\"elementor-element elementor-element-31ef150 animated-slow elementor-invisible elementor-widget elementor-widget-image\" data-id=\"31ef150\" data-element_type=\"widget\" data-settings=\"{&quot;_animation&quot;:&quot;fadeIn&quot;}\" data-widget_type=\"image.default\">\n\t\t\t\t<div class=\"elementor-widget-container\">\n\t\t\t\t\t\t\t\t\t\t\t\t\t\t\t<img loading=\"lazy\" decoding=\"async\" width=\"1442\" height=\"1083\" src=\"https:\/\/gala-laudenklos.de\/wp-content\/uploads\/2024\/08\/56F1A731-FA4D-4F75-BA6F-2A1F5F6EAEED-scaled-e1723818427158.jpg\" class=\"attachment-full size-full wp-image-863\" alt=\"\" srcset=\"https:\/\/gala-laudenklos.de\/wp-content\/uploads\/2024\/08\/56F1A731-FA4D-4F75-BA6F-2A1F5F6EAEED-scaled-e1723818427158.jpg 1442w, https:\/\/gala-laudenklos.de\/wp-content\/uploads\/2024\/08\/56F1A731-FA4D-4F75-BA6F-2A1F5F6EAEED-scaled-e1723818427158-300x225.jpg 300w, https:\/\/gala-laudenklos.de\/wp-content\/uploads\/2024\/08\/56F1A731-FA4D-4F75-BA6F-2A1F5F6EAEED-scaled-e1723818427158-1024x769.jpg 1024w, https:\/\/gala-laudenklos.de\/wp-content\/uploads\/2024\/08\/56F1A731-FA4D-4F75-BA6F-2A1F5F6EAEED-scaled-e1723818427158-768x577.jpg 768w, https:\/\/gala-laudenklos.de\/wp-content\/uploads\/2024\/08\/56F1A731-FA4D-4F75-BA6F-2A1F5F6EAEED-scaled-e1723818427158-650x488.jpg 650w\" sizes=\"auto, (max-width: 1442px) 100vw, 1442px\" \/>\t\t\t\t\t\t\t\t\t\t\t\t\t\t\t<\/div>\n\t\t\t\t<\/div>\n\t\t\t\t\t<\/div>\n\t\t<\/div>\n\t\t\t\t<div class=\"elementor-column elementor-col-33 elementor-top-column elementor-element elementor-element-097d871\" data-id=\"097d871\" data-element_type=\"column\">\n\t\t\t<div class=\"elementor-widget-wrap elementor-element-populated\">\n\t\t\t\t\t\t\t\t<div class=\"elementor-element elementor-element-459b0a7 animated-slow elementor-invisible elementor-widget elementor-widget-image\" data-id=\"459b0a7\" data-element_type=\"widget\" data-settings=\"{&quot;_animation&quot;:&quot;fadeIn&quot;}\" data-widget_type=\"image.default\">\n\t\t\t\t<div class=\"elementor-widget-container\">\n\t\t\t\t\t\t\t\t\t\t\t\t\t\t\t<img loading=\"lazy\" decoding=\"async\" width=\"1536\" height=\"1153\" src=\"https:\/\/gala-laudenklos.de\/wp-content\/uploads\/2024\/08\/073ae7af-1bfa-4458-8038-f41774152ac6-e1723818458864.jpg\" class=\"attachment-full size-full wp-image-864\" alt=\"\" srcset=\"https:\/\/gala-laudenklos.de\/wp-content\/uploads\/2024\/08\/073ae7af-1bfa-4458-8038-f41774152ac6-e1723818458864.jpg 1536w, https:\/\/gala-laudenklos.de\/wp-content\/uploads\/2024\/08\/073ae7af-1bfa-4458-8038-f41774152ac6-e1723818458864-300x225.jpg 300w, https:\/\/gala-laudenklos.de\/wp-content\/uploads\/2024\/08\/073ae7af-1bfa-4458-8038-f41774152ac6-e1723818458864-1024x769.jpg 1024w, https:\/\/gala-laudenklos.de\/wp-content\/uploads\/2024\/08\/073ae7af-1bfa-4458-8038-f41774152ac6-e1723818458864-768x577.jpg 768w, https:\/\/gala-laudenklos.de\/wp-content\/uploads\/2024\/08\/073ae7af-1bfa-4458-8038-f41774152ac6-e1723818458864-650x488.jpg 650w\" sizes=\"auto, (max-width: 1536px) 100vw, 1536px\" \/>\t\t\t\t\t\t\t\t\t\t\t\t\t\t\t<\/div>\n\t\t\t\t<\/div>\n\t\t\t\t\t<\/div>\n\t\t<\/div>\n\t\t\t\t<div class=\"elementor-column elementor-col-33 elementor-top-column elementor-element elementor-element-2a0dd77\" data-id=\"2a0dd77\" data-element_type=\"column\">\n\t\t\t<div class=\"elementor-widget-wrap elementor-element-populated\">\n\t\t\t\t\t\t\t\t<div class=\"elementor-element elementor-element-bbb455a animated-slow elementor-invisible elementor-widget elementor-widget-image\" data-id=\"bbb455a\" data-element_type=\"widget\" data-settings=\"{&quot;_animation&quot;:&quot;fadeIn&quot;}\" data-widget_type=\"image.default\">\n\t\t\t\t<div class=\"elementor-widget-container\">\n\t\t\t\t\t\t\t\t\t\t\t\t\t\t\t<img loading=\"lazy\" decoding=\"async\" width=\"1442\" height=\"1083\" src=\"https:\/\/gala-laudenklos.de\/wp-content\/uploads\/2024\/08\/7878B222-39B9-4027-B18B-A39BA20E7B2D-scaled-e1723818487560.jpg\" class=\"attachment-full size-full wp-image-865\" alt=\"\" srcset=\"https:\/\/gala-laudenklos.de\/wp-content\/uploads\/2024\/08\/7878B222-39B9-4027-B18B-A39BA20E7B2D-scaled-e1723818487560.jpg 1442w, https:\/\/gala-laudenklos.de\/wp-content\/uploads\/2024\/08\/7878B222-39B9-4027-B18B-A39BA20E7B2D-scaled-e1723818487560-300x225.jpg 300w, https:\/\/gala-laudenklos.de\/wp-content\/uploads\/2024\/08\/7878B222-39B9-4027-B18B-A39BA20E7B2D-scaled-e1723818487560-1024x769.jpg 1024w, https:\/\/gala-laudenklos.de\/wp-content\/uploads\/2024\/08\/7878B222-39B9-4027-B18B-A39BA20E7B2D-scaled-e1723818487560-768x577.jpg 768w, https:\/\/gala-laudenklos.de\/wp-content\/uploads\/2024\/08\/7878B222-39B9-4027-B18B-A39BA20E7B2D-scaled-e1723818487560-650x488.jpg 650w\" sizes=\"auto, (max-width: 1442px) 100vw, 1442px\" \/>\t\t\t\t\t\t\t\t\t\t\t\t\t\t\t<\/div>\n\t\t\t\t<\/div>\n\t\t\t\t\t<\/div>\n\t\t<\/div>\n\t\t\t\t\t\t\t<\/div>\n\t\t<\/section>\n\t\t\t\t<section class=\"elementor-section elementor-top-section elementor-element elementor-element-627609b elementor-section-boxed elementor-section-height-default elementor-section-height-default\" data-id=\"627609b\" data-element_type=\"section\">\n\t\t\t\t\t\t<div class=\"elementor-container elementor-column-gap-default\">\n\t\t\t\t\t<div class=\"elementor-column elementor-col-100 elementor-top-column elementor-element elementor-element-643b7b1\" data-id=\"643b7b1\" data-element_type=\"column\">\n\t\t\t<div class=\"elementor-widget-wrap elementor-element-populated\">\n\t\t\t\t\t\t\t\t<div class=\"elementor-element elementor-element-6795871 elementor-align-center elementor-widget__width-initial elementor-widget elementor-widget-button\" data-id=\"6795871\" data-element_type=\"widget\" data-widget_type=\"button.default\">\n\t\t\t\t<div class=\"elementor-widget-container\">\n\t\t\t\t\t<div class=\"elementor-button-wrapper\">\n\t\t\t<a class=\"elementor-button elementor-button-link elementor-size-sm\" href=\"https:\/\/gala-laudenklos.de\/index.php\/unsere-leistungen\/\">\n\t\t\t\t\t\t<span class=\"elementor-button-content-wrapper\">\n\t\t\t\t\t\t<span class=\"elementor-button-text\">zur\u00fcck zu allen Leistungen<\/span>\n\t\t<\/span>\n\t\t\t\t\t<\/a>\n\t\t<\/div>\n\t\t\t\t<\/div>\n\t\t\t\t<\/div>\n\t\t\t\t\t<\/div>\n\t\t<\/div>\n\t\t\t\t\t\t\t<\/div>\n\t\t<\/section>\n\t\t\t\t\t\t\t<\/div>\n\t\t","protected":false},"excerpt":{"rendered":"<p>Unterbau Stabiler Unterbau f\u00fcr langlebige Gartenprojekte Wir bieten Ihnen professionelle Unterbau-L\u00f6sungen f\u00fcr stabile und langlebige Gartenstrukturen wie Terrassen und Wege.\u00a0Unser erfahrenes Team [&hellip;]<\/p>\n","protected":false},"author":1,"featured_media":0,"parent":0,"menu_order":0,"comment_status":"closed","ping_status":"closed","template":"","meta":{"footnotes":""},"class_list":["post-228","page","type-page","status-publish","hentry"],"_links":{"self":[{"href":"https:\/\/gala-laudenklos.de\/index.php\/wp-json\/wp\/v2\/pages\/228","targetHints":{"allow":["GET"]}}],"collection":[{"href":"https:\/\/gala-laudenklos.de\/index.php\/wp-json\/wp\/v2\/pages"}],"about":[{"href":"https:\/\/gala-laudenklos.de\/index.php\/wp-json\/wp\/v2\/types\/page"}],"author":[{"embeddable":true,"href":"https:\/\/gala-laudenklos.de\/index.php\/wp-json\/wp\/v2\/users\/1"}],"replies":[{"embeddable":true,"href":"https:\/\/gala-laudenklos.de\/index.php\/wp-json\/wp\/v2\/comments?post=228"}],"version-history":[{"count":16,"href":"https:\/\/gala-laudenklos.de\/index.php\/wp-json\/wp\/v2\/pages\/228\/revisions"}],"predecessor-version":[{"id":1270,"href":"https:\/\/gala-laudenklos.de\/index.php\/wp-json\/wp\/v2\/pages\/228\/revisions\/1270"}],"wp:attachment":[{"href":"https:\/\/gala-laudenklos.de\/index.php\/wp-json\/wp\/v2\/media?parent=228"}],"curies":[{"name":"wp","href":"https:\/\/api.w.org\/{rel}","templated":true}]}}