{"id":164,"date":"2024-08-08T14:44:31","date_gmt":"2024-08-08T12:44:31","guid":{"rendered":"https:\/\/gala-laudenklos.de\/?page_id=164"},"modified":"2024-09-26T11:03:09","modified_gmt":"2024-09-26T09:03:09","slug":"elementor-164","status":"publish","type":"page","link":"https:\/\/gala-laudenklos.de\/index.php\/elementor-164\/","title":{"rendered":"Rollrasen_legen"},"content":{"rendered":"\t\t<div data-elementor-type=\"wp-page\" data-elementor-id=\"164\" class=\"elementor elementor-164\">\n\t\t\t\t\t\t\t\t\t<div class=\"elementor-section elementor-top-section elementor-element elementor-element-4a41b7d3 elementor-section-full_width elementor-section-height-default elementor-section-height-default\" data-id=\"4a41b7d3\" data-element_type=\"section\" data-settings=\"{&quot;background_background&quot;:&quot;gradient&quot;}\">\n\t\t\t\t\t\t<div class=\"elementor-container elementor-column-gap-no\">\n\t\t\t\t\t<div class=\"elementor-column elementor-col-100 elementor-top-column elementor-element elementor-element-7b0da3fd\" data-id=\"7b0da3fd\" data-element_type=\"column\" data-settings=\"{&quot;background_background&quot;:&quot;classic&quot;}\">\n\t\t\t<div class=\"elementor-widget-wrap elementor-element-populated\">\n\t\t\t\t\t<div class=\"elementor-background-overlay\"><\/div>\n\t\t\t\t\t\t\t\t<div class=\"elementor-element elementor-element-42eb18c0 elementor-widget__width-initial elementor-widget-tablet__width-initial elementor-widget-mobile__width-inherit elementor-widget elementor-widget-heading\" data-id=\"42eb18c0\" data-element_type=\"widget\" data-widget_type=\"heading.default\">\n\t\t\t\t<div class=\"elementor-widget-container\">\n\t\t\t<style>\/*! elementor - v3.15.0 - 02-08-2023 *\/\n.elementor-heading-title{padding:0;margin:0;line-height:1}.elementor-widget-heading .elementor-heading-title[class*=elementor-size-]>a{color:inherit;font-size:inherit;line-height:inherit}.elementor-widget-heading .elementor-heading-title.elementor-size-small{font-size:15px}.elementor-widget-heading .elementor-heading-title.elementor-size-medium{font-size:19px}.elementor-widget-heading .elementor-heading-title.elementor-size-large{font-size:29px}.elementor-widget-heading .elementor-heading-title.elementor-size-xl{font-size:39px}.elementor-widget-heading .elementor-heading-title.elementor-size-xxl{font-size:59px}<\/style><h1 class=\"elementor-heading-title elementor-size-default\">Rollrasen<\/h1>\t\t<\/div>\n\t\t\t\t<\/div>\n\t\t\t\t\t<\/div>\n\t\t<\/div>\n\t\t\t\t\t\t\t<\/div>\n\t\t<\/div>\n\t\t\t\t<div class=\"elementor-section elementor-top-section elementor-element elementor-element-3ceb59b7 elementor-section-boxed elementor-section-height-default elementor-section-height-default\" data-id=\"3ceb59b7\" data-element_type=\"section\">\n\t\t\t\t\t\t<div class=\"elementor-container elementor-column-gap-default\">\n\t\t\t\t\t<div class=\"elementor-column elementor-col-100 elementor-top-column elementor-element elementor-element-5d9b4e8c\" data-id=\"5d9b4e8c\" data-element_type=\"column\">\n\t\t\t<div class=\"elementor-widget-wrap elementor-element-populated\">\n\t\t\t\t\t\t\t\t<div class=\"elementor-element elementor-element-595c9546 elementor-widget elementor-widget-image\" data-id=\"595c9546\" data-element_type=\"widget\" data-widget_type=\"image.default\">\n\t\t\t\t<div class=\"elementor-widget-container\">\n\t\t\t<style>\/*! elementor - v3.15.0 - 02-08-2023 *\/\n.elementor-widget-image{text-align:center}.elementor-widget-image a{display:inline-block}.elementor-widget-image a img[src$=\".svg\"]{width:48px}.elementor-widget-image img{vertical-align:middle;display:inline-block}<\/style>\t\t\t\t\t\t\t\t\t\t\t\t<img loading=\"lazy\" decoding=\"async\" width=\"1536\" height=\"945\" src=\"https:\/\/gala-laudenklos.de\/wp-content\/uploads\/2024\/08\/IMG_4157-1-e1723122151295.jpg\" class=\"attachment-full size-full wp-image-202\" alt=\"\" srcset=\"https:\/\/gala-laudenklos.de\/wp-content\/uploads\/2024\/08\/IMG_4157-1-e1723122151295.jpg 1536w, https:\/\/gala-laudenklos.de\/wp-content\/uploads\/2024\/08\/IMG_4157-1-e1723122151295-300x185.jpg 300w, https:\/\/gala-laudenklos.de\/wp-content\/uploads\/2024\/08\/IMG_4157-1-e1723122151295-1024x630.jpg 1024w, https:\/\/gala-laudenklos.de\/wp-content\/uploads\/2024\/08\/IMG_4157-1-e1723122151295-768x473.jpg 768w, https:\/\/gala-laudenklos.de\/wp-content\/uploads\/2024\/08\/IMG_4157-1-e1723122151295-650x400.jpg 650w\" sizes=\"auto, (max-width: 1536px) 100vw, 1536px\" \/>\t\t\t\t\t\t\t\t\t\t\t\t\t\t\t<\/div>\n\t\t\t\t<\/div>\n\t\t\t\t\t<\/div>\n\t\t<\/div>\n\t\t\t\t\t\t\t<\/div>\n\t\t<\/div>\n\t\t\t\t<div class=\"elementor-section elementor-top-section elementor-element elementor-element-375b99a7 elementor-section-boxed elementor-section-height-default elementor-section-height-default\" data-id=\"375b99a7\" data-element_type=\"section\">\n\t\t\t\t\t\t<div class=\"elementor-container elementor-column-gap-default\">\n\t\t\t\t\t<div class=\"elementor-column elementor-col-100 elementor-top-column elementor-element elementor-element-654c388d\" data-id=\"654c388d\" data-element_type=\"column\">\n\t\t\t<div class=\"elementor-widget-wrap elementor-element-populated\">\n\t\t\t\t\t\t\t\t<div class=\"elementor-element elementor-element-12cdf9f2 elementor-widget__width-initial elementor-widget-tablet__width-initial elementor-widget-mobile__width-inherit elementor-widget elementor-widget-heading\" data-id=\"12cdf9f2\" data-element_type=\"widget\" data-widget_type=\"heading.default\">\n\t\t\t\t<div class=\"elementor-widget-container\">\n\t\t\t<h2 class=\"elementor-heading-title elementor-size-default\">Rollrasen \u2013 Im Nu zu frischem Gr\u00fcn in Ihrem Garten<\/h2>\t\t<\/div>\n\t\t\t\t<\/div>\n\t\t\t\t<section class=\"elementor-section elementor-inner-section elementor-element elementor-element-616db649 elementor-section-boxed elementor-section-height-default elementor-section-height-default\" data-id=\"616db649\" data-element_type=\"section\">\n\t\t\t\t\t\t<div class=\"elementor-container elementor-column-gap-no\">\n\t\t\t\t\t<div class=\"elementor-column elementor-col-50 elementor-inner-column elementor-element elementor-element-e5d3eba\" data-id=\"e5d3eba\" data-element_type=\"column\">\n\t\t\t<div class=\"elementor-widget-wrap elementor-element-populated\">\n\t\t\t\t\t\t\t\t<div class=\"elementor-element elementor-element-ed4fa96 e-transform elementor-widget elementor-widget-text-editor\" data-id=\"ed4fa96\" data-element_type=\"widget\" data-settings=\"{&quot;_transform_translateX_effect&quot;:{&quot;unit&quot;:&quot;px&quot;,&quot;size&quot;:&quot;&quot;,&quot;sizes&quot;:[]},&quot;_transform_translateX_effect_tablet&quot;:{&quot;unit&quot;:&quot;px&quot;,&quot;size&quot;:&quot;&quot;,&quot;sizes&quot;:[]},&quot;_transform_translateX_effect_mobile&quot;:{&quot;unit&quot;:&quot;px&quot;,&quot;size&quot;:&quot;&quot;,&quot;sizes&quot;:[]},&quot;_transform_translateY_effect&quot;:{&quot;unit&quot;:&quot;px&quot;,&quot;size&quot;:&quot;&quot;,&quot;sizes&quot;:[]},&quot;_transform_translateY_effect_tablet&quot;:{&quot;unit&quot;:&quot;px&quot;,&quot;size&quot;:&quot;&quot;,&quot;sizes&quot;:[]},&quot;_transform_translateY_effect_mobile&quot;:{&quot;unit&quot;:&quot;px&quot;,&quot;size&quot;:&quot;&quot;,&quot;sizes&quot;:[]}}\" data-widget_type=\"text-editor.default\">\n\t\t\t\t<div class=\"elementor-widget-container\">\n\t\t\t<style>\/*! elementor - v3.15.0 - 02-08-2023 *\/\n.elementor-widget-text-editor.elementor-drop-cap-view-stacked .elementor-drop-cap{background-color:#69727d;color:#fff}.elementor-widget-text-editor.elementor-drop-cap-view-framed .elementor-drop-cap{color:#69727d;border:3px solid;background-color:transparent}.elementor-widget-text-editor:not(.elementor-drop-cap-view-default) .elementor-drop-cap{margin-top:8px}.elementor-widget-text-editor:not(.elementor-drop-cap-view-default) .elementor-drop-cap-letter{width:1em;height:1em}.elementor-widget-text-editor .elementor-drop-cap{float:left;text-align:center;line-height:1;font-size:50px}.elementor-widget-text-editor .elementor-drop-cap-letter{display:inline-block}<\/style>\t\t\t\t<p>Wir verwandeln Ihren Garten schnell in eine gr\u00fcne Oase, ob in Heidelberg, Mannheim oder im Rhein-Neckar-Kreis. <span style=\"color: #84b317;\">Unsere Fachkr\u00e4fte bereiten den Boden sorgf\u00e4ltig vor und sorgen f\u00fcr einen strapazierf\u00e4higen Rasen.<\/span> Vertrauen Sie auf uns und kontaktieren Sie uns, um Ihren Traumgarten zu verwirklichen.<\/p>\t\t\t\t\t\t<\/div>\n\t\t\t\t<\/div>\n\t\t\t\t\t<\/div>\n\t\t<\/div>\n\t\t\t\t<div class=\"elementor-column elementor-col-50 elementor-inner-column elementor-element elementor-element-10c84f6\" data-id=\"10c84f6\" data-element_type=\"column\">\n\t\t\t<div class=\"elementor-widget-wrap elementor-element-populated\">\n\t\t\t\t\t\t\t\t<div class=\"elementor-element elementor-element-bd5bbff elementor-widget elementor-widget-text-editor\" data-id=\"bd5bbff\" data-element_type=\"widget\" data-widget_type=\"text-editor.default\">\n\t\t\t\t<div class=\"elementor-widget-container\">\n\t\t\t\t\t\t\t<p>M\u00f6chten Sie Ihren Garten mit einem saftig gr\u00fcnen Rasen versch\u00f6nern? Wir sind spezialisiert auf das professionelle Verlegen von Rollrasen und sorgen daf\u00fcr, dass Ihr Garten in kurzer Zeit in voller Pracht erstrahlt. Egal ob in Heidelberg, Mannheim, Ludwigshafen oder anderen St\u00e4dten im Rhein-Neckar-Kreis &#8211; wir sind Ihr zuverl\u00e4ssiger Partner f\u00fcr eine erstklassige Rollrasenverlegung.<\/p>\t\t\t\t\t\t<\/div>\n\t\t\t\t<\/div>\n\t\t\t\t<div class=\"elementor-element elementor-element-52a55d7b elementor-widget elementor-widget-text-editor\" data-id=\"52a55d7b\" data-element_type=\"widget\" data-widget_type=\"text-editor.default\">\n\t\t\t\t<div class=\"elementor-widget-container\">\n\t\t\t\t\t\t\t<p>Eine sorgf\u00e4ltige Vorbereitung des Bodens ist der Schl\u00fcssel zu einem gleichm\u00e4\u00dfigen und strapazierf\u00e4higen Rasen. Unsere erfahrenen Fachkr\u00e4fte k\u00fcmmern sich um die richtige Rollrasenvorbereitung und schaffen so die ideale Grundlage f\u00fcr einen gesunden Rasen. Wir legen Wert auf eine fachgerechte Untergrundgestaltung, um optimale Wachstumsbedingungen f\u00fcr Ihren Rollrasen zu schaffen.<\/p>\t\t\t\t\t\t<\/div>\n\t\t\t\t<\/div>\n\t\t\t\t<div class=\"elementor-element elementor-element-4d5c6f5 elementor-widget elementor-widget-text-editor\" data-id=\"4d5c6f5\" data-element_type=\"widget\" data-widget_type=\"text-editor.default\">\n\t\t\t\t<div class=\"elementor-widget-container\">\n\t\t\t\t\t\t\t<p>Vertrauen Sie auf unsere Expertise und lassen Sie sich von unserem professionellen Rollrasenverlegen begeistern. Egal ob Sie einen Garten in Heidelberg, Mannheim, Ludwigshafen oder anderen St\u00e4dten im Rhein-Neckar-Kreis haben &#8211; wir verwandeln Ihren Garten mit einem perfekt verlegten Rollrasen in eine gr\u00fcne Oase. Kontaktieren Sie uns noch heute, um Ihren Traumgarten Wirklichkeit werden zu lassen.<\/p>\t\t\t\t\t\t<\/div>\n\t\t\t\t<\/div>\n\t\t\t\t\t<\/div>\n\t\t<\/div>\n\t\t\t\t\t\t\t<\/div>\n\t\t<\/section>\n\t\t\t\t\t<\/div>\n\t\t<\/div>\n\t\t\t\t\t\t\t<\/div>\n\t\t<\/div>\n\t\t\t\t<section class=\"elementor-section elementor-top-section elementor-element elementor-element-cfe8e57 elementor-section-full_width elementor-section-height-default elementor-section-height-default\" data-id=\"cfe8e57\" data-element_type=\"section\">\n\t\t\t\t\t\t<div class=\"elementor-container elementor-column-gap-default\">\n\t\t\t\t\t<div class=\"elementor-column elementor-col-33 elementor-top-column elementor-element elementor-element-e735fb3\" data-id=\"e735fb3\" data-element_type=\"column\">\n\t\t\t<div class=\"elementor-widget-wrap elementor-element-populated\">\n\t\t\t\t\t\t\t\t<div class=\"elementor-element elementor-element-4bade9d animated-slow elementor-invisible elementor-widget elementor-widget-image\" data-id=\"4bade9d\" data-element_type=\"widget\" data-settings=\"{&quot;_animation&quot;:&quot;fadeIn&quot;}\" data-widget_type=\"image.default\">\n\t\t\t\t<div class=\"elementor-widget-container\">\n\t\t\t\t\t\t\t\t\t\t\t\t\t\t\t<img loading=\"lazy\" decoding=\"async\" width=\"1536\" height=\"1153\" src=\"https:\/\/gala-laudenklos.de\/wp-content\/uploads\/2024\/08\/IMG_4154-e1723812394818.jpg\" class=\"attachment-full size-full wp-image-839\" alt=\"\" srcset=\"https:\/\/gala-laudenklos.de\/wp-content\/uploads\/2024\/08\/IMG_4154-e1723812394818.jpg 1536w, https:\/\/gala-laudenklos.de\/wp-content\/uploads\/2024\/08\/IMG_4154-e1723812394818-300x225.jpg 300w, https:\/\/gala-laudenklos.de\/wp-content\/uploads\/2024\/08\/IMG_4154-e1723812394818-1024x769.jpg 1024w, https:\/\/gala-laudenklos.de\/wp-content\/uploads\/2024\/08\/IMG_4154-e1723812394818-768x577.jpg 768w, https:\/\/gala-laudenklos.de\/wp-content\/uploads\/2024\/08\/IMG_4154-e1723812394818-650x488.jpg 650w\" sizes=\"auto, (max-width: 1536px) 100vw, 1536px\" \/>\t\t\t\t\t\t\t\t\t\t\t\t\t\t\t<\/div>\n\t\t\t\t<\/div>\n\t\t\t\t\t<\/div>\n\t\t<\/div>\n\t\t\t\t<div class=\"elementor-column elementor-col-33 elementor-top-column elementor-element elementor-element-903504a\" data-id=\"903504a\" data-element_type=\"column\">\n\t\t\t<div class=\"elementor-widget-wrap elementor-element-populated\">\n\t\t\t\t\t\t\t\t<div class=\"elementor-element elementor-element-e4b7f8a animated-slow elementor-invisible elementor-widget elementor-widget-image\" data-id=\"e4b7f8a\" data-element_type=\"widget\" data-settings=\"{&quot;_animation&quot;:&quot;fadeIn&quot;}\" data-widget_type=\"image.default\">\n\t\t\t\t<div class=\"elementor-widget-container\">\n\t\t\t\t\t\t\t\t\t\t\t\t\t\t\t<img loading=\"lazy\" decoding=\"async\" width=\"1536\" height=\"1153\" src=\"https:\/\/gala-laudenklos.de\/wp-content\/uploads\/2024\/08\/IMG_4124-e1723812425566.jpg\" class=\"attachment-full size-full wp-image-840\" alt=\"\" srcset=\"https:\/\/gala-laudenklos.de\/wp-content\/uploads\/2024\/08\/IMG_4124-e1723812425566.jpg 1536w, https:\/\/gala-laudenklos.de\/wp-content\/uploads\/2024\/08\/IMG_4124-e1723812425566-300x225.jpg 300w, https:\/\/gala-laudenklos.de\/wp-content\/uploads\/2024\/08\/IMG_4124-e1723812425566-1024x769.jpg 1024w, https:\/\/gala-laudenklos.de\/wp-content\/uploads\/2024\/08\/IMG_4124-e1723812425566-768x577.jpg 768w, https:\/\/gala-laudenklos.de\/wp-content\/uploads\/2024\/08\/IMG_4124-e1723812425566-650x488.jpg 650w\" sizes=\"auto, (max-width: 1536px) 100vw, 1536px\" \/>\t\t\t\t\t\t\t\t\t\t\t\t\t\t\t<\/div>\n\t\t\t\t<\/div>\n\t\t\t\t\t<\/div>\n\t\t<\/div>\n\t\t\t\t<div class=\"elementor-column elementor-col-33 elementor-top-column elementor-element elementor-element-4bef3a2\" data-id=\"4bef3a2\" data-element_type=\"column\">\n\t\t\t<div class=\"elementor-widget-wrap elementor-element-populated\">\n\t\t\t\t\t\t\t\t<div class=\"elementor-element elementor-element-7fc0aab animated-slow elementor-invisible elementor-widget elementor-widget-image\" data-id=\"7fc0aab\" data-element_type=\"widget\" data-settings=\"{&quot;_animation&quot;:&quot;fadeIn&quot;}\" data-widget_type=\"image.default\">\n\t\t\t\t<div class=\"elementor-widget-container\">\n\t\t\t\t\t\t\t\t\t\t\t\t\t\t\t<img loading=\"lazy\" decoding=\"async\" width=\"1536\" height=\"1153\" src=\"https:\/\/gala-laudenklos.de\/wp-content\/uploads\/2024\/08\/IMG_3552-e1723812463945.jpg\" class=\"attachment-full size-full wp-image-841\" alt=\"\" srcset=\"https:\/\/gala-laudenklos.de\/wp-content\/uploads\/2024\/08\/IMG_3552-e1723812463945.jpg 1536w, https:\/\/gala-laudenklos.de\/wp-content\/uploads\/2024\/08\/IMG_3552-e1723812463945-300x225.jpg 300w, https:\/\/gala-laudenklos.de\/wp-content\/uploads\/2024\/08\/IMG_3552-e1723812463945-1024x769.jpg 1024w, https:\/\/gala-laudenklos.de\/wp-content\/uploads\/2024\/08\/IMG_3552-e1723812463945-768x577.jpg 768w, https:\/\/gala-laudenklos.de\/wp-content\/uploads\/2024\/08\/IMG_3552-e1723812463945-650x488.jpg 650w\" sizes=\"auto, (max-width: 1536px) 100vw, 1536px\" \/>\t\t\t\t\t\t\t\t\t\t\t\t\t\t\t<\/div>\n\t\t\t\t<\/div>\n\t\t\t\t\t<\/div>\n\t\t<\/div>\n\t\t\t\t\t\t\t<\/div>\n\t\t<\/section>\n\t\t\t\t<section class=\"elementor-section elementor-top-section elementor-element elementor-element-4e3cc4c elementor-section-boxed elementor-section-height-default elementor-section-height-default\" data-id=\"4e3cc4c\" data-element_type=\"section\">\n\t\t\t\t\t\t<div class=\"elementor-container elementor-column-gap-default\">\n\t\t\t\t\t<div class=\"elementor-column elementor-col-100 elementor-top-column elementor-element elementor-element-2104f67\" data-id=\"2104f67\" data-element_type=\"column\">\n\t\t\t<div class=\"elementor-widget-wrap elementor-element-populated\">\n\t\t\t\t\t\t\t\t<div class=\"elementor-element elementor-element-145cea0 elementor-align-center elementor-widget__width-initial elementor-widget elementor-widget-button\" data-id=\"145cea0\" data-element_type=\"widget\" data-widget_type=\"button.default\">\n\t\t\t\t<div class=\"elementor-widget-container\">\n\t\t\t\t\t<div class=\"elementor-button-wrapper\">\n\t\t\t<a class=\"elementor-button elementor-button-link elementor-size-sm\" href=\"https:\/\/gala-laudenklos.de\/index.php\/unsere-leistungen\/\">\n\t\t\t\t\t\t<span class=\"elementor-button-content-wrapper\">\n\t\t\t\t\t\t<span class=\"elementor-button-text\">zur\u00fcck zu allen Leistungen<\/span>\n\t\t<\/span>\n\t\t\t\t\t<\/a>\n\t\t<\/div>\n\t\t\t\t<\/div>\n\t\t\t\t<\/div>\n\t\t\t\t\t<\/div>\n\t\t<\/div>\n\t\t\t\t\t\t\t<\/div>\n\t\t<\/section>\n\t\t\t\t\t\t\t<\/div>\n\t\t","protected":false},"excerpt":{"rendered":"<p>Rollrasen Rollrasen \u2013 Im Nu zu frischem Gr\u00fcn in Ihrem Garten Wir verwandeln Ihren Garten schnell in eine gr\u00fcne Oase, ob in [&hellip;]<\/p>\n","protected":false},"author":1,"featured_media":0,"parent":0,"menu_order":0,"comment_status":"closed","ping_status":"closed","template":"elementor_theme","meta":{"footnotes":""},"class_list":["post-164","page","type-page","status-publish","hentry"],"_links":{"self":[{"href":"https:\/\/gala-laudenklos.de\/index.php\/wp-json\/wp\/v2\/pages\/164","targetHints":{"allow":["GET"]}}],"collection":[{"href":"https:\/\/gala-laudenklos.de\/index.php\/wp-json\/wp\/v2\/pages"}],"about":[{"href":"https:\/\/gala-laudenklos.de\/index.php\/wp-json\/wp\/v2\/types\/page"}],"author":[{"embeddable":true,"href":"https:\/\/gala-laudenklos.de\/index.php\/wp-json\/wp\/v2\/users\/1"}],"replies":[{"embeddable":true,"href":"https:\/\/gala-laudenklos.de\/index.php\/wp-json\/wp\/v2\/comments?post=164"}],"version-history":[{"count":31,"href":"https:\/\/gala-laudenklos.de\/index.php\/wp-json\/wp\/v2\/pages\/164\/revisions"}],"predecessor-version":[{"id":1267,"href":"https:\/\/gala-laudenklos.de\/index.php\/wp-json\/wp\/v2\/pages\/164\/revisions\/1267"}],"wp:attachment":[{"href":"https:\/\/gala-laudenklos.de\/index.php\/wp-json\/wp\/v2\/media?parent=164"}],"curies":[{"name":"wp","href":"https:\/\/api.w.org\/{rel}","templated":true}]}}