{"id":1367,"date":"2024-09-26T16:52:28","date_gmt":"2024-09-26T14:52:28","guid":{"rendered":"https:\/\/gala-laudenklos.de\/?page_id=1367"},"modified":"2024-09-27T09:21:34","modified_gmt":"2024-09-27T07:21:34","slug":"brennholzverkauf","status":"publish","type":"page","link":"https:\/\/gala-laudenklos.de\/index.php\/brennholzverkauf\/","title":{"rendered":"Brennholzverkauf"},"content":{"rendered":"\t\t<div data-elementor-type=\"wp-page\" data-elementor-id=\"1367\" class=\"elementor elementor-1367\">\n\t\t\t\t\t\t\t\t\t<div class=\"elementor-section elementor-top-section elementor-element elementor-element-e80d2db elementor-section-full_width elementor-section-height-default elementor-section-height-default\" data-id=\"e80d2db\" data-element_type=\"section\" data-settings=\"{&quot;background_background&quot;:&quot;gradient&quot;}\">\n\t\t\t\t\t\t<div class=\"elementor-container elementor-column-gap-no\">\n\t\t\t\t\t<div class=\"elementor-column elementor-col-100 elementor-top-column elementor-element elementor-element-0b774b5\" data-id=\"0b774b5\" data-element_type=\"column\" data-settings=\"{&quot;background_background&quot;:&quot;classic&quot;}\">\n\t\t\t<div class=\"elementor-widget-wrap elementor-element-populated\">\n\t\t\t\t\t<div class=\"elementor-background-overlay\"><\/div>\n\t\t\t\t\t\t\t\t<div class=\"elementor-element elementor-element-1115c2e elementor-widget__width-initial elementor-widget-tablet__width-initial elementor-widget-mobile__width-inherit elementor-widget elementor-widget-heading\" data-id=\"1115c2e\" data-element_type=\"widget\" data-widget_type=\"heading.default\">\n\t\t\t\t<div class=\"elementor-widget-container\">\n\t\t\t<style>\/*! elementor - v3.15.0 - 02-08-2023 *\/\n.elementor-heading-title{padding:0;margin:0;line-height:1}.elementor-widget-heading .elementor-heading-title[class*=elementor-size-]>a{color:inherit;font-size:inherit;line-height:inherit}.elementor-widget-heading .elementor-heading-title.elementor-size-small{font-size:15px}.elementor-widget-heading .elementor-heading-title.elementor-size-medium{font-size:19px}.elementor-widget-heading .elementor-heading-title.elementor-size-large{font-size:29px}.elementor-widget-heading .elementor-heading-title.elementor-size-xl{font-size:39px}.elementor-widget-heading .elementor-heading-title.elementor-size-xxl{font-size:59px}<\/style><h1 class=\"elementor-heading-title elementor-size-default\">Brennholzverkauf<\/h1>\t\t<\/div>\n\t\t\t\t<\/div>\n\t\t\t\t\t<\/div>\n\t\t<\/div>\n\t\t\t\t\t\t\t<\/div>\n\t\t<\/div>\n\t\t\t\t<div class=\"elementor-section elementor-top-section elementor-element elementor-element-b8ea1fb elementor-section-boxed elementor-section-height-default elementor-section-height-default\" data-id=\"b8ea1fb\" data-element_type=\"section\">\n\t\t\t\t\t\t<div class=\"elementor-container elementor-column-gap-default\">\n\t\t\t\t\t<div class=\"elementor-column elementor-col-100 elementor-top-column elementor-element elementor-element-084bcad\" data-id=\"084bcad\" data-element_type=\"column\">\n\t\t\t<div class=\"elementor-widget-wrap elementor-element-populated\">\n\t\t\t\t\t\t\t\t<div class=\"elementor-element elementor-element-708eb92 elementor-widget elementor-widget-image\" data-id=\"708eb92\" data-element_type=\"widget\" data-widget_type=\"image.default\">\n\t\t\t\t<div class=\"elementor-widget-container\">\n\t\t\t<style>\/*! elementor - v3.15.0 - 02-08-2023 *\/\n.elementor-widget-image{text-align:center}.elementor-widget-image a{display:inline-block}.elementor-widget-image a img[src$=\".svg\"]{width:48px}.elementor-widget-image img{vertical-align:middle;display:inline-block}<\/style>\t\t\t\t\t\t\t\t\t\t\t\t<img loading=\"lazy\" decoding=\"async\" width=\"5500\" height=\"3667\" src=\"https:\/\/gala-laudenklos.de\/wp-content\/uploads\/2024\/09\/natural-wooden-background-closeup-chopped-pine-firewood-stacked-pile-prepared-winter.jpg\" class=\"attachment-full size-full wp-image-1372\" alt=\"\" \/>\t\t\t\t\t\t\t\t\t\t\t\t\t\t\t<\/div>\n\t\t\t\t<\/div>\n\t\t\t\t\t<\/div>\n\t\t<\/div>\n\t\t\t\t\t\t\t<\/div>\n\t\t<\/div>\n\t\t\t\t<div class=\"elementor-section elementor-top-section elementor-element elementor-element-e0f1335 elementor-section-boxed elementor-section-height-default elementor-section-height-default\" data-id=\"e0f1335\" data-element_type=\"section\">\n\t\t\t\t\t\t<div class=\"elementor-container elementor-column-gap-default\">\n\t\t\t\t\t<div class=\"elementor-column elementor-col-100 elementor-top-column elementor-element elementor-element-6d35072\" data-id=\"6d35072\" data-element_type=\"column\">\n\t\t\t<div class=\"elementor-widget-wrap elementor-element-populated\">\n\t\t\t\t\t\t\t\t<div class=\"elementor-element elementor-element-fc07c61 elementor-widget__width-initial elementor-widget-tablet__width-initial elementor-widget-mobile__width-inherit elementor-widget elementor-widget-heading\" data-id=\"fc07c61\" data-element_type=\"widget\" data-widget_type=\"heading.default\">\n\t\t\t\t<div class=\"elementor-widget-container\">\n\t\t\t<h2 class=\"elementor-heading-title elementor-size-default\">Feuer &amp; Flamme: Ihr Partner f\u00fcr hochwertiges Brennholz<\/h2>\t\t<\/div>\n\t\t\t\t<\/div>\n\t\t\t\t<section class=\"elementor-section elementor-inner-section elementor-element elementor-element-38c555a elementor-section-boxed elementor-section-height-default elementor-section-height-default\" data-id=\"38c555a\" data-element_type=\"section\">\n\t\t\t\t\t\t<div class=\"elementor-container elementor-column-gap-no\">\n\t\t\t\t\t<div class=\"elementor-column elementor-col-50 elementor-inner-column elementor-element elementor-element-41bc5c2\" data-id=\"41bc5c2\" data-element_type=\"column\">\n\t\t\t<div class=\"elementor-widget-wrap elementor-element-populated\">\n\t\t\t\t\t\t\t\t<div class=\"elementor-element elementor-element-b776729 e-transform elementor-widget elementor-widget-text-editor\" data-id=\"b776729\" data-element_type=\"widget\" data-settings=\"{&quot;_transform_translateX_effect&quot;:{&quot;unit&quot;:&quot;px&quot;,&quot;size&quot;:&quot;&quot;,&quot;sizes&quot;:[]},&quot;_transform_translateX_effect_tablet&quot;:{&quot;unit&quot;:&quot;px&quot;,&quot;size&quot;:&quot;&quot;,&quot;sizes&quot;:[]},&quot;_transform_translateX_effect_mobile&quot;:{&quot;unit&quot;:&quot;px&quot;,&quot;size&quot;:&quot;&quot;,&quot;sizes&quot;:[]},&quot;_transform_translateY_effect&quot;:{&quot;unit&quot;:&quot;px&quot;,&quot;size&quot;:&quot;&quot;,&quot;sizes&quot;:[]},&quot;_transform_translateY_effect_tablet&quot;:{&quot;unit&quot;:&quot;px&quot;,&quot;size&quot;:&quot;&quot;,&quot;sizes&quot;:[]},&quot;_transform_translateY_effect_mobile&quot;:{&quot;unit&quot;:&quot;px&quot;,&quot;size&quot;:&quot;&quot;,&quot;sizes&quot;:[]}}\" data-widget_type=\"text-editor.default\">\n\t\t\t\t<div class=\"elementor-widget-container\">\n\t\t\t<style>\/*! elementor - v3.15.0 - 02-08-2023 *\/\n.elementor-widget-text-editor.elementor-drop-cap-view-stacked .elementor-drop-cap{background-color:#69727d;color:#fff}.elementor-widget-text-editor.elementor-drop-cap-view-framed .elementor-drop-cap{color:#69727d;border:3px solid;background-color:transparent}.elementor-widget-text-editor:not(.elementor-drop-cap-view-default) .elementor-drop-cap{margin-top:8px}.elementor-widget-text-editor:not(.elementor-drop-cap-view-default) .elementor-drop-cap-letter{width:1em;height:1em}.elementor-widget-text-editor .elementor-drop-cap{float:left;text-align:center;line-height:1;font-size:50px}.elementor-widget-text-editor .elementor-drop-cap-letter{display:inline-block}<\/style>\t\t\t\t<div class=\"flex-shrink-0 flex flex-col relative items-end\"><div class=\"pt-0\"><div class=\"gizmo-bot-avatar flex h-8 w-8 items-center justify-center overflow-hidden rounded-full\"><div class=\"flex-shrink-0 flex flex-col relative items-end\"><div class=\"pt-0\"><div class=\"flex-shrink-0 flex flex-col relative items-end\"><div class=\"pt-0\"><div class=\"gizmo-bot-avatar flex h-8 w-8 items-center justify-center overflow-hidden rounded-full\"><div class=\"flex-shrink-0 flex flex-col relative items-end\"><div class=\"pt-0\"><div class=\"gizmo-bot-avatar flex h-8 w-8 items-center justify-center overflow-hidden rounded-full\"><div class=\"group\/conversation-turn relative flex w-full min-w-0 flex-col agent-turn\"><div class=\"flex-col gap-1 md:gap-3\"><div class=\"flex max-w-full flex-col flex-grow\"><div class=\"min-h-8 text-message flex w-full flex-col items-end gap-2 whitespace-normal break-words [.text-message+&amp;]:mt-5\" dir=\"auto\" data-message-author-role=\"assistant\" data-message-id=\"cf5fc370-ea22-4f2f-8428-0f37797b4461\"><div class=\"flex w-full flex-col gap-1 empty:hidden first:pt-[3px]\"><div class=\"markdown prose w-full break-words dark:prose-invert dark\"><div class=\"flex-shrink-0 flex flex-col relative items-end\"><div class=\"pt-0\"><div class=\"flex-shrink-0 flex flex-col relative items-end\"><div class=\"pt-0\"><div class=\"gizmo-bot-avatar flex h-8 w-8 items-center justify-center overflow-hidden rounded-full\"><div class=\"flex-shrink-0 flex flex-col relative items-end\"><div><div class=\"pt-0\"><div class=\"gizmo-bot-avatar flex h-8 w-8 items-center justify-center overflow-hidden rounded-full\"><div class=\"relative p-1 rounded-sm flex items-center justify-center bg-token-main-surface-primary text-token-text-primary h-8 w-8\">Unser Brennholzverkauf bietet Ihnen hochwertiges, regionales Brennholz f\u00fcr Kamin und Ofen. <span style=\"color: #84b317;\">Wir liefern p\u00fcnktlich und sorgen f\u00fcr die passende Menge und Qualit\u00e4t, damit Sie stets gut versorgt sind.<\/span> Ob f\u00fcr den Wintervorrat oder gem\u00fctliche Abende \u2013 unser Brennholz sorgt f\u00fcr wohlige W\u00e4rme.<\/div><\/div><\/div><\/div><\/div><\/div><\/div><\/div><\/div><\/div><\/div><\/div><\/div><\/div><\/div><\/div><\/div><\/div><\/div><\/div><\/div><\/div><\/div><\/div><\/div><\/div><\/div>\t\t\t\t\t\t<\/div>\n\t\t\t\t<\/div>\n\t\t\t\t\t<\/div>\n\t\t<\/div>\n\t\t\t\t<div class=\"elementor-column elementor-col-50 elementor-inner-column elementor-element elementor-element-97e6e0e\" data-id=\"97e6e0e\" data-element_type=\"column\">\n\t\t\t<div class=\"elementor-widget-wrap elementor-element-populated\">\n\t\t\t\t\t\t\t\t<div class=\"elementor-element elementor-element-9a0bf4b elementor-widget elementor-widget-text-editor\" data-id=\"9a0bf4b\" data-element_type=\"widget\" data-widget_type=\"text-editor.default\">\n\t\t\t\t<div class=\"elementor-widget-container\">\n\t\t\t\t\t\t\t<div class=\"flex-shrink-0 flex flex-col relative items-end\"><div><div class=\"pt-0\"><div class=\"gizmo-bot-avatar flex h-8 w-8 items-center justify-center overflow-hidden rounded-full\"><div class=\"relative p-1 rounded-sm flex items-center justify-center bg-token-main-surface-primary text-token-text-primary h-8 w-8\">Unser Brennholzverkauf bietet Ihnen die ideale L\u00f6sung f\u00fcr umweltfreundliches Heizen mit regionalem, hochwertigem Holz. Das Brennholz wird sorgf\u00e4ltig getrocknet und ofenfertig geliefert, ideal f\u00fcr den Einsatz in Kaminen, \u00d6fen oder zur Lagerung. Mit hoher Heizleistung und langer Brenndauer sorgt unser Holz f\u00fcr wohlige W\u00e4rme in Ihrem Zuhause.<\/div><\/div><\/div><\/div><\/div>\t\t\t\t\t\t<\/div>\n\t\t\t\t<\/div>\n\t\t\t\t<div class=\"elementor-element elementor-element-7445d02 elementor-widget elementor-widget-text-editor\" data-id=\"7445d02\" data-element_type=\"widget\" data-widget_type=\"text-editor.default\">\n\t\t\t\t<div class=\"elementor-widget-container\">\n\t\t\t\t\t\t\t<p>Wir bieten flexible Liefermengen, abgestimmt auf Ihre Bed\u00fcrfnisse \u2013 ob f\u00fcr den privaten Gebrauch oder gr\u00f6\u00dfere Bestellungen. Unser Lieferservice erstreckt sich \u00fcber den gesamten Rhein-Neckar-Kreis und garantiert eine zuverl\u00e4ssige Versorgung mit Brennholz, wann immer Sie es ben\u00f6tigen.<\/p>\t\t\t\t\t\t<\/div>\n\t\t\t\t<\/div>\n\t\t\t\t<div class=\"elementor-element elementor-element-a509755 elementor-widget elementor-widget-text-editor\" data-id=\"a509755\" data-element_type=\"widget\" data-widget_type=\"text-editor.default\">\n\t\t\t\t<div class=\"elementor-widget-container\">\n\t\t\t\t\t\t\t<div class=\"flex max-w-full flex-col flex-grow\"><div class=\"min-h-[20px] text-message flex w-full flex-col items-end gap-2 whitespace-normal break-words [.text-message+&amp;]:mt-5\" dir=\"auto\" data-message-author-role=\"assistant\" data-message-id=\"97799c00-6972-4f7b-9ac5-56c074a7da0b\"><div class=\"flex w-full flex-col gap-1 empty:hidden first:pt-[3px]\"><div class=\"markdown prose w-full break-words dark:prose-invert dark\"><div class=\"flex-shrink-0 flex flex-col relative items-end\"><div><div class=\"pt-0\"><div class=\"gizmo-bot-avatar flex h-8 w-8 items-center justify-center overflow-hidden rounded-full\"><div class=\"relative p-1 rounded-sm flex items-center justify-center bg-token-main-surface-primary text-token-text-primary h-8 w-8\">Unser Brennholzverkauf bietet Ihnen hochwertiges, regionales Brennholz f\u00fcr Kamin und Ofen. Wir liefern p\u00fcnktlich und sorgen f\u00fcr die passende Menge und Qualit\u00e4t, damit Sie stets gut versorgt sind. Ob f\u00fcr den Wintervorrat oder gem\u00fctliche Abende \u2013 unser Brennholz sorgt f\u00fcr wohlige W\u00e4rme.<\/div><\/div><\/div><\/div><\/div><\/div><\/div><\/div><\/div>\t\t\t\t\t\t<\/div>\n\t\t\t\t<\/div>\n\t\t\t\t\t<\/div>\n\t\t<\/div>\n\t\t\t\t\t\t\t<\/div>\n\t\t<\/section>\n\t\t\t\t\t<\/div>\n\t\t<\/div>\n\t\t\t\t\t\t\t<\/div>\n\t\t<\/div>\n\t\t\t\t<section class=\"elementor-section elementor-top-section elementor-element elementor-element-2637762 elementor-section-full_width elementor-section-height-default elementor-section-height-default\" data-id=\"2637762\" data-element_type=\"section\">\n\t\t\t\t\t\t<div class=\"elementor-container elementor-column-gap-default\">\n\t\t\t\t\t<div class=\"elementor-column elementor-col-33 elementor-top-column elementor-element elementor-element-5bf5f9e\" data-id=\"5bf5f9e\" data-element_type=\"column\">\n\t\t\t<div class=\"elementor-widget-wrap elementor-element-populated\">\n\t\t\t\t\t\t\t\t<div class=\"elementor-element elementor-element-8e11301 animated-slow elementor-invisible elementor-widget elementor-widget-image\" data-id=\"8e11301\" data-element_type=\"widget\" data-settings=\"{&quot;_animation&quot;:&quot;fadeIn&quot;}\" data-widget_type=\"image.default\">\n\t\t\t\t<div class=\"elementor-widget-container\">\n\t\t\t\t\t\t\t\t\t\t\t\t\t\t\t<img loading=\"lazy\" decoding=\"async\" width=\"2560\" height=\"1437\" src=\"https:\/\/gala-laudenklos.de\/wp-content\/uploads\/2024\/09\/wood-stumps-winter-arrangement-scaled-e1727362039793.jpg\" class=\"attachment-full size-full wp-image-1371\" alt=\"\" srcset=\"https:\/\/gala-laudenklos.de\/wp-content\/uploads\/2024\/09\/wood-stumps-winter-arrangement-scaled-e1727362039793.jpg 2560w, https:\/\/gala-laudenklos.de\/wp-content\/uploads\/2024\/09\/wood-stumps-winter-arrangement-scaled-e1727362039793-300x168.jpg 300w, https:\/\/gala-laudenklos.de\/wp-content\/uploads\/2024\/09\/wood-stumps-winter-arrangement-scaled-e1727362039793-1024x575.jpg 1024w, https:\/\/gala-laudenklos.de\/wp-content\/uploads\/2024\/09\/wood-stumps-winter-arrangement-scaled-e1727362039793-768x431.jpg 768w, https:\/\/gala-laudenklos.de\/wp-content\/uploads\/2024\/09\/wood-stumps-winter-arrangement-scaled-e1727362039793-1536x862.jpg 1536w, https:\/\/gala-laudenklos.de\/wp-content\/uploads\/2024\/09\/wood-stumps-winter-arrangement-scaled-e1727362039793-2048x1150.jpg 2048w, https:\/\/gala-laudenklos.de\/wp-content\/uploads\/2024\/09\/wood-stumps-winter-arrangement-scaled-e1727362039793-650x365.jpg 650w\" sizes=\"auto, (max-width: 2560px) 100vw, 2560px\" \/>\t\t\t\t\t\t\t\t\t\t\t\t\t\t\t<\/div>\n\t\t\t\t<\/div>\n\t\t\t\t\t<\/div>\n\t\t<\/div>\n\t\t\t\t<div class=\"elementor-column elementor-col-33 elementor-top-column elementor-element elementor-element-48ed5ab\" data-id=\"48ed5ab\" data-element_type=\"column\">\n\t\t\t<div class=\"elementor-widget-wrap elementor-element-populated\">\n\t\t\t\t\t\t\t\t<div class=\"elementor-element elementor-element-07534d0 animated-slow elementor-invisible elementor-widget elementor-widget-image\" data-id=\"07534d0\" data-element_type=\"widget\" data-settings=\"{&quot;_animation&quot;:&quot;fadeIn&quot;}\" data-widget_type=\"image.default\">\n\t\t\t\t<div class=\"elementor-widget-container\">\n\t\t\t\t\t\t\t\t\t\t\t\t\t\t\t<img loading=\"lazy\" decoding=\"async\" width=\"8736\" height=\"4896\" src=\"https:\/\/gala-laudenklos.de\/wp-content\/uploads\/2024\/09\/photorealistic-perspective-wood-logs.jpg\" class=\"attachment-full size-full wp-image-1370\" alt=\"\" \/>\t\t\t\t\t\t\t\t\t\t\t\t\t\t\t<\/div>\n\t\t\t\t<\/div>\n\t\t\t\t\t<\/div>\n\t\t<\/div>\n\t\t\t\t<div class=\"elementor-column elementor-col-33 elementor-top-column elementor-element elementor-element-2dda962\" data-id=\"2dda962\" data-element_type=\"column\">\n\t\t\t<div class=\"elementor-widget-wrap elementor-element-populated\">\n\t\t\t\t\t\t\t\t<div class=\"elementor-element elementor-element-415af9d animated-slow elementor-invisible elementor-widget elementor-widget-image\" data-id=\"415af9d\" data-element_type=\"widget\" data-settings=\"{&quot;_animation&quot;:&quot;fadeIn&quot;}\" data-widget_type=\"image.default\">\n\t\t\t\t<div class=\"elementor-widget-container\">\n\t\t\t\t\t\t\t\t\t\t\t\t\t\t\t<img loading=\"lazy\" decoding=\"async\" width=\"2560\" height=\"1437\" src=\"https:\/\/gala-laudenklos.de\/wp-content\/uploads\/2024\/09\/high-angle-wood-bonfire-scaled-e1727362066229.jpg\" class=\"attachment-full size-full wp-image-1369\" alt=\"\" srcset=\"https:\/\/gala-laudenklos.de\/wp-content\/uploads\/2024\/09\/high-angle-wood-bonfire-scaled-e1727362066229.jpg 2560w, https:\/\/gala-laudenklos.de\/wp-content\/uploads\/2024\/09\/high-angle-wood-bonfire-scaled-e1727362066229-300x168.jpg 300w, https:\/\/gala-laudenklos.de\/wp-content\/uploads\/2024\/09\/high-angle-wood-bonfire-scaled-e1727362066229-1024x575.jpg 1024w, https:\/\/gala-laudenklos.de\/wp-content\/uploads\/2024\/09\/high-angle-wood-bonfire-scaled-e1727362066229-768x431.jpg 768w, https:\/\/gala-laudenklos.de\/wp-content\/uploads\/2024\/09\/high-angle-wood-bonfire-scaled-e1727362066229-1536x862.jpg 1536w, https:\/\/gala-laudenklos.de\/wp-content\/uploads\/2024\/09\/high-angle-wood-bonfire-scaled-e1727362066229-2048x1150.jpg 2048w, https:\/\/gala-laudenklos.de\/wp-content\/uploads\/2024\/09\/high-angle-wood-bonfire-scaled-e1727362066229-650x365.jpg 650w\" sizes=\"auto, (max-width: 2560px) 100vw, 2560px\" \/>\t\t\t\t\t\t\t\t\t\t\t\t\t\t\t<\/div>\n\t\t\t\t<\/div>\n\t\t\t\t\t<\/div>\n\t\t<\/div>\n\t\t\t\t\t\t\t<\/div>\n\t\t<\/section>\n\t\t\t\t<section class=\"elementor-section elementor-top-section elementor-element elementor-element-b5ba73f elementor-section-boxed elementor-section-height-default elementor-section-height-default\" data-id=\"b5ba73f\" data-element_type=\"section\">\n\t\t\t\t\t\t<div class=\"elementor-container elementor-column-gap-default\">\n\t\t\t\t\t<div class=\"elementor-column elementor-col-100 elementor-top-column elementor-element elementor-element-a01252f\" data-id=\"a01252f\" data-element_type=\"column\">\n\t\t\t<div class=\"elementor-widget-wrap elementor-element-populated\">\n\t\t\t\t\t\t\t\t<div class=\"elementor-element elementor-element-6f7e72a elementor-align-center elementor-widget__width-initial elementor-widget elementor-widget-button\" data-id=\"6f7e72a\" data-element_type=\"widget\" data-widget_type=\"button.default\">\n\t\t\t\t<div class=\"elementor-widget-container\">\n\t\t\t\t\t<div class=\"elementor-button-wrapper\">\n\t\t\t<a class=\"elementor-button elementor-button-link elementor-size-sm\" href=\"https:\/\/gala-laudenklos.de\/index.php\/unsere-leistungen\/\">\n\t\t\t\t\t\t<span class=\"elementor-button-content-wrapper\">\n\t\t\t\t\t\t<span class=\"elementor-button-text\">zur\u00fcck zu allen Leistungen<\/span>\n\t\t<\/span>\n\t\t\t\t\t<\/a>\n\t\t<\/div>\n\t\t\t\t<\/div>\n\t\t\t\t<\/div>\n\t\t\t\t\t<\/div>\n\t\t<\/div>\n\t\t\t\t\t\t\t<\/div>\n\t\t<\/section>\n\t\t\t\t\t\t\t<\/div>\n\t\t","protected":false},"excerpt":{"rendered":"<p>Brennholzverkauf Feuer &amp; Flamme: Ihr Partner f\u00fcr hochwertiges Brennholz Unser Brennholzverkauf bietet Ihnen hochwertiges, regionales Brennholz f\u00fcr Kamin und Ofen. Wir liefern [&hellip;]<\/p>\n","protected":false},"author":1,"featured_media":0,"parent":0,"menu_order":0,"comment_status":"closed","ping_status":"closed","template":"","meta":{"footnotes":""},"class_list":["post-1367","page","type-page","status-publish","hentry"],"_links":{"self":[{"href":"https:\/\/gala-laudenklos.de\/index.php\/wp-json\/wp\/v2\/pages\/1367","targetHints":{"allow":["GET"]}}],"collection":[{"href":"https:\/\/gala-laudenklos.de\/index.php\/wp-json\/wp\/v2\/pages"}],"about":[{"href":"https:\/\/gala-laudenklos.de\/index.php\/wp-json\/wp\/v2\/types\/page"}],"author":[{"embeddable":true,"href":"https:\/\/gala-laudenklos.de\/index.php\/wp-json\/wp\/v2\/users\/1"}],"replies":[{"embeddable":true,"href":"https:\/\/gala-laudenklos.de\/index.php\/wp-json\/wp\/v2\/comments?post=1367"}],"version-history":[{"count":13,"href":"https:\/\/gala-laudenklos.de\/index.php\/wp-json\/wp\/v2\/pages\/1367\/revisions"}],"predecessor-version":[{"id":1387,"href":"https:\/\/gala-laudenklos.de\/index.php\/wp-json\/wp\/v2\/pages\/1367\/revisions\/1387"}],"wp:attachment":[{"href":"https:\/\/gala-laudenklos.de\/index.php\/wp-json\/wp\/v2\/media?parent=1367"}],"curies":[{"name":"wp","href":"https:\/\/api.w.org\/{rel}","templated":true}]}}