{"id":1183,"date":"2024-09-11T16:44:47","date_gmt":"2024-09-11T14:44:47","guid":{"rendered":"https:\/\/gala-laudenklos.de\/?page_id=1183"},"modified":"2024-09-30T10:07:39","modified_gmt":"2024-09-30T08:07:39","slug":"kellerarbeiten","status":"publish","type":"page","link":"https:\/\/gala-laudenklos.de\/index.php\/kellerarbeiten\/","title":{"rendered":"Kellerarbeiten"},"content":{"rendered":"\t\t<div data-elementor-type=\"wp-page\" data-elementor-id=\"1183\" class=\"elementor elementor-1183\">\n\t\t\t\t\t\t\t\t\t<div class=\"elementor-section elementor-top-section elementor-element elementor-element-1e6ccb8 elementor-section-full_width elementor-section-height-default elementor-section-height-default\" data-id=\"1e6ccb8\" data-element_type=\"section\" data-settings=\"{&quot;background_background&quot;:&quot;gradient&quot;}\">\n\t\t\t\t\t\t<div class=\"elementor-container elementor-column-gap-no\">\n\t\t\t\t\t<div class=\"elementor-column elementor-col-100 elementor-top-column elementor-element elementor-element-1440ebc\" data-id=\"1440ebc\" data-element_type=\"column\" data-settings=\"{&quot;background_background&quot;:&quot;classic&quot;}\">\n\t\t\t<div class=\"elementor-widget-wrap elementor-element-populated\">\n\t\t\t\t\t<div class=\"elementor-background-overlay\"><\/div>\n\t\t\t\t\t\t\t\t<div class=\"elementor-element elementor-element-f3322c9 elementor-widget__width-initial elementor-widget-tablet__width-initial elementor-widget-mobile__width-inherit elementor-widget elementor-widget-heading\" data-id=\"f3322c9\" data-element_type=\"widget\" data-widget_type=\"heading.default\">\n\t\t\t\t<div class=\"elementor-widget-container\">\n\t\t\t<style>\/*! elementor - v3.15.0 - 02-08-2023 *\/\n.elementor-heading-title{padding:0;margin:0;line-height:1}.elementor-widget-heading .elementor-heading-title[class*=elementor-size-]>a{color:inherit;font-size:inherit;line-height:inherit}.elementor-widget-heading .elementor-heading-title.elementor-size-small{font-size:15px}.elementor-widget-heading .elementor-heading-title.elementor-size-medium{font-size:19px}.elementor-widget-heading .elementor-heading-title.elementor-size-large{font-size:29px}.elementor-widget-heading .elementor-heading-title.elementor-size-xl{font-size:39px}.elementor-widget-heading .elementor-heading-title.elementor-size-xxl{font-size:59px}<\/style><h1 class=\"elementor-heading-title elementor-size-default\">Kellerarbeiten<\/h1>\t\t<\/div>\n\t\t\t\t<\/div>\n\t\t\t\t\t<\/div>\n\t\t<\/div>\n\t\t\t\t\t\t\t<\/div>\n\t\t<\/div>\n\t\t\t\t<div class=\"elementor-section elementor-top-section elementor-element elementor-element-a706aaa elementor-section-boxed elementor-section-height-default elementor-section-height-default\" data-id=\"a706aaa\" data-element_type=\"section\">\n\t\t\t\t\t\t<div class=\"elementor-container elementor-column-gap-default\">\n\t\t\t\t\t<div class=\"elementor-column elementor-col-100 elementor-top-column elementor-element elementor-element-44ce242\" data-id=\"44ce242\" data-element_type=\"column\">\n\t\t\t<div class=\"elementor-widget-wrap elementor-element-populated\">\n\t\t\t\t\t\t\t\t<div class=\"elementor-element elementor-element-ed0847b elementor-widget elementor-widget-image\" data-id=\"ed0847b\" data-element_type=\"widget\" data-widget_type=\"image.default\">\n\t\t\t\t<div class=\"elementor-widget-container\">\n\t\t\t<style>\/*! elementor - v3.15.0 - 02-08-2023 *\/\n.elementor-widget-image{text-align:center}.elementor-widget-image a{display:inline-block}.elementor-widget-image a img[src$=\".svg\"]{width:48px}.elementor-widget-image img{vertical-align:middle;display:inline-block}<\/style>\t\t\t\t\t\t\t\t\t\t\t\t<img loading=\"lazy\" decoding=\"async\" width=\"2560\" height=\"1706\" src=\"https:\/\/gala-laudenklos.de\/wp-content\/uploads\/2024\/09\/haus-mit-waermedaemmung-scaled.jpg\" class=\"attachment-full size-full wp-image-1397\" alt=\"\" srcset=\"https:\/\/gala-laudenklos.de\/wp-content\/uploads\/2024\/09\/haus-mit-waermedaemmung-scaled.jpg 2560w, https:\/\/gala-laudenklos.de\/wp-content\/uploads\/2024\/09\/haus-mit-waermedaemmung-300x200.jpg 300w, https:\/\/gala-laudenklos.de\/wp-content\/uploads\/2024\/09\/haus-mit-waermedaemmung-1024x683.jpg 1024w, https:\/\/gala-laudenklos.de\/wp-content\/uploads\/2024\/09\/haus-mit-waermedaemmung-768x512.jpg 768w, https:\/\/gala-laudenklos.de\/wp-content\/uploads\/2024\/09\/haus-mit-waermedaemmung-1536x1024.jpg 1536w, https:\/\/gala-laudenklos.de\/wp-content\/uploads\/2024\/09\/haus-mit-waermedaemmung-2048x1365.jpg 2048w, https:\/\/gala-laudenklos.de\/wp-content\/uploads\/2024\/09\/haus-mit-waermedaemmung-650x433.jpg 650w\" sizes=\"auto, (max-width: 2560px) 100vw, 2560px\" \/>\t\t\t\t\t\t\t\t\t\t\t\t\t\t\t<\/div>\n\t\t\t\t<\/div>\n\t\t\t\t\t<\/div>\n\t\t<\/div>\n\t\t\t\t\t\t\t<\/div>\n\t\t<\/div>\n\t\t\t\t<div class=\"elementor-section elementor-top-section elementor-element elementor-element-0121574 elementor-section-boxed elementor-section-height-default elementor-section-height-default\" data-id=\"0121574\" data-element_type=\"section\">\n\t\t\t\t\t\t<div class=\"elementor-container elementor-column-gap-default\">\n\t\t\t\t\t<div class=\"elementor-column elementor-col-100 elementor-top-column elementor-element elementor-element-c9a12d7\" data-id=\"c9a12d7\" data-element_type=\"column\">\n\t\t\t<div class=\"elementor-widget-wrap elementor-element-populated\">\n\t\t\t\t\t\t\t\t<div class=\"elementor-element elementor-element-28a01f8 elementor-widget__width-initial elementor-widget-tablet__width-initial elementor-widget-mobile__width-inherit elementor-widget elementor-widget-heading\" data-id=\"28a01f8\" data-element_type=\"widget\" data-widget_type=\"heading.default\">\n\t\t\t\t<div class=\"elementor-widget-container\">\n\t\t\t<h2 class=\"elementor-heading-title elementor-size-default\">Kellerarbeiten f\u00fcr langfristigen Schutz\n\n\n<\/h2>\t\t<\/div>\n\t\t\t\t<\/div>\n\t\t\t\t<section class=\"elementor-section elementor-inner-section elementor-element elementor-element-f3446d5 elementor-section-boxed elementor-section-height-default elementor-section-height-default\" data-id=\"f3446d5\" data-element_type=\"section\">\n\t\t\t\t\t\t<div class=\"elementor-container elementor-column-gap-no\">\n\t\t\t\t\t<div class=\"elementor-column elementor-col-50 elementor-inner-column elementor-element elementor-element-4e653e1\" data-id=\"4e653e1\" data-element_type=\"column\">\n\t\t\t<div class=\"elementor-widget-wrap elementor-element-populated\">\n\t\t\t\t\t\t\t\t<div class=\"elementor-element elementor-element-ac14edf e-transform elementor-widget elementor-widget-text-editor\" data-id=\"ac14edf\" data-element_type=\"widget\" data-settings=\"{&quot;_transform_translateX_effect&quot;:{&quot;unit&quot;:&quot;px&quot;,&quot;size&quot;:&quot;&quot;,&quot;sizes&quot;:[]},&quot;_transform_translateX_effect_tablet&quot;:{&quot;unit&quot;:&quot;px&quot;,&quot;size&quot;:&quot;&quot;,&quot;sizes&quot;:[]},&quot;_transform_translateX_effect_mobile&quot;:{&quot;unit&quot;:&quot;px&quot;,&quot;size&quot;:&quot;&quot;,&quot;sizes&quot;:[]},&quot;_transform_translateY_effect&quot;:{&quot;unit&quot;:&quot;px&quot;,&quot;size&quot;:&quot;&quot;,&quot;sizes&quot;:[]},&quot;_transform_translateY_effect_tablet&quot;:{&quot;unit&quot;:&quot;px&quot;,&quot;size&quot;:&quot;&quot;,&quot;sizes&quot;:[]},&quot;_transform_translateY_effect_mobile&quot;:{&quot;unit&quot;:&quot;px&quot;,&quot;size&quot;:&quot;&quot;,&quot;sizes&quot;:[]}}\" data-widget_type=\"text-editor.default\">\n\t\t\t\t<div class=\"elementor-widget-container\">\n\t\t\t<style>\/*! elementor - v3.15.0 - 02-08-2023 *\/\n.elementor-widget-text-editor.elementor-drop-cap-view-stacked .elementor-drop-cap{background-color:#69727d;color:#fff}.elementor-widget-text-editor.elementor-drop-cap-view-framed .elementor-drop-cap{color:#69727d;border:3px solid;background-color:transparent}.elementor-widget-text-editor:not(.elementor-drop-cap-view-default) .elementor-drop-cap{margin-top:8px}.elementor-widget-text-editor:not(.elementor-drop-cap-view-default) .elementor-drop-cap-letter{width:1em;height:1em}.elementor-widget-text-editor .elementor-drop-cap{float:left;text-align:center;line-height:1;font-size:50px}.elementor-widget-text-editor .elementor-drop-cap-letter{display:inline-block}<\/style>\t\t\t\t<div class=\"flex-shrink-0 flex flex-col relative items-end\"><div class=\"pt-0\"><div class=\"gizmo-bot-avatar flex h-8 w-8 items-center justify-center overflow-hidden rounded-full\"><div class=\"flex-shrink-0 flex flex-col relative items-end\"><div class=\"pt-0\"><div class=\"flex-shrink-0 flex flex-col relative items-end\"><div class=\"pt-0\"><div class=\"gizmo-bot-avatar flex h-8 w-8 items-center justify-center overflow-hidden rounded-full\"><div class=\"flex-shrink-0 flex flex-col relative items-end\"><div class=\"pt-0\"><div class=\"gizmo-bot-avatar flex h-8 w-8 items-center justify-center overflow-hidden rounded-full\"><div class=\"group\/conversation-turn relative flex w-full min-w-0 flex-col agent-turn\"><div class=\"flex-col gap-1 md:gap-3\"><div class=\"flex max-w-full flex-col flex-grow\"><div class=\"min-h-8 text-message flex w-full flex-col items-end gap-2 whitespace-normal break-words [.text-message+&amp;]:mt-5\" dir=\"auto\" data-message-author-role=\"assistant\" data-message-id=\"cf5fc370-ea22-4f2f-8428-0f37797b4461\"><div class=\"flex w-full flex-col gap-1 empty:hidden first:pt-[3px]\"><div class=\"markdown prose w-full break-words dark:prose-invert dark\"><div class=\"flex-shrink-0 flex flex-col relative items-end\"><div class=\"pt-0\"><div class=\"flex-shrink-0 flex flex-col relative items-end\"><div><div class=\"pt-0\"><div class=\"gizmo-bot-avatar flex h-8 w-8 items-center justify-center overflow-hidden rounded-full\"><div>Unsere Kellerarbeiten bieten umfassende L\u00f6sungen f\u00fcr die Abdichtung, Drainage und Isolierung, um Keller zuverl\u00e4ssig vor Feuchtigkeit zu sch\u00fctzen. <span style=\"color: #84b317;\">Wir sorgen f\u00fcr eine effektive Wasserableitung durch professionelle Drainagesysteme und optimieren den W\u00e4rmeschutz Ihres Kellers durch hochwertige Isolierung.<\/span> So bleibt Ihr Keller trocken, funktional und energiesparend.<\/div><\/div><\/div><\/div><\/div><\/div><\/div><\/div><\/div><\/div><\/div><\/div><\/div><\/div><\/div><\/div><\/div><\/div><\/div><\/div><\/div><\/div><\/div><\/div>\t\t\t\t\t\t<\/div>\n\t\t\t\t<\/div>\n\t\t\t\t\t<\/div>\n\t\t<\/div>\n\t\t\t\t<div class=\"elementor-column elementor-col-50 elementor-inner-column elementor-element elementor-element-ab4961f\" data-id=\"ab4961f\" data-element_type=\"column\">\n\t\t\t<div class=\"elementor-widget-wrap elementor-element-populated\">\n\t\t\t\t\t\t\t\t<div class=\"elementor-element elementor-element-c63e646 elementor-widget elementor-widget-text-editor\" data-id=\"c63e646\" data-element_type=\"widget\" data-widget_type=\"text-editor.default\">\n\t\t\t\t<div class=\"elementor-widget-container\">\n\t\t\t\t\t\t\t<p>Unsere Kellerarbeiten umfassen ma\u00dfgeschneiderte L\u00f6sungen zur Abdichtung von Kellerw\u00e4nden, Drainagearbeiten und Isolierma\u00dfnahmen \u2013 alles, was n\u00f6tig ist, um Ihren Keller effektiv vor Feuchtigkeit zu sch\u00fctzen. Eine zuverl\u00e4ssige Abdichtung sorgt daf\u00fcr, dass weder Grundwasser noch Oberfl\u00e4chenwasser in die Bausubstanz eindringen, was langfristig Sch\u00e4den wie Schimmel, Risse oder feuchte W\u00e4nde verhindert. Gerade in \u00e4lteren Geb\u00e4uden ist eine fachgerechte Abdichtung unerl\u00e4sslich, um den Keller trocken und funktional zu halten.<\/p>\t\t\t\t\t\t<\/div>\n\t\t\t\t<\/div>\n\t\t\t\t<div class=\"elementor-element elementor-element-19e05bc elementor-widget elementor-widget-text-editor\" data-id=\"19e05bc\" data-element_type=\"widget\" data-widget_type=\"text-editor.default\">\n\t\t\t\t<div class=\"elementor-widget-container\">\n\t\t\t\t\t\t\t<p>Ein weiterer wichtiger Aspekt unserer Kellerarbeiten ist die fachm\u00e4nnische Drainage. Hierbei wird daf\u00fcr gesorgt, dass Wasser, das sich um das Geb\u00e4ude sammelt, kontrolliert abgeleitet wird. Ohne eine geeignete Drainage kann sich Wasser an den Kellerw\u00e4nden stauen, was zu erheblichen Feuchtigkeitssch\u00e4den f\u00fchren kann. Mit unserer Expertise installieren wir Systeme, die eine reibungslose Ableitung gew\u00e4hrleisten und so die Basis Ihres Hauses sch\u00fctzen.<\/p>\t\t\t\t\t\t<\/div>\n\t\t\t\t<\/div>\n\t\t\t\t<div class=\"elementor-element elementor-element-3d04179 elementor-widget elementor-widget-text-editor\" data-id=\"3d04179\" data-element_type=\"widget\" data-widget_type=\"text-editor.default\">\n\t\t\t\t<div class=\"elementor-widget-container\">\n\t\t\t\t\t\t\t<div class=\"flex max-w-full flex-col flex-grow\">\n<div class=\"min-h-[20px] text-message flex w-full flex-col items-end gap-2 whitespace-normal break-words [.text-message+&amp;]:mt-5\" dir=\"auto\" data-message-author-role=\"assistant\" data-message-id=\"97799c00-6972-4f7b-9ac5-56c074a7da0b\">\n<div class=\"flex w-full flex-col gap-1 empty:hidden first:pt-[3px]\">\n<div class=\"markdown prose w-full break-words dark:prose-invert dark\">\n<p>Zus\u00e4tzlich bieten wir Isolierarbeiten, die nicht nur dazu beitragen, die W\u00e4rme im Haus zu halten, sondern auch das Raumklima im Keller deutlich verbessern. Eine gut ausgef\u00fchrte Kellerisolierung spart Energiekosten und sorgt f\u00fcr eine angenehme, trockene Umgebung \u2013 egal ob Sie den Keller als Stauraum oder als zus\u00e4tzlichen Wohnraum nutzen m\u00f6chten. Unsere modernen Techniken und hochwertigen Materialien garantieren Ihnen langfristigen Schutz und Stabilit\u00e4t f\u00fcr Ihr Zuhause.<\/p><\/div><\/div><\/div><\/div>\t\t\t\t\t\t<\/div>\n\t\t\t\t<\/div>\n\t\t\t\t\t<\/div>\n\t\t<\/div>\n\t\t\t\t\t\t\t<\/div>\n\t\t<\/section>\n\t\t\t\t\t<\/div>\n\t\t<\/div>\n\t\t\t\t\t\t\t<\/div>\n\t\t<\/div>\n\t\t\t\t<section class=\"elementor-section elementor-top-section elementor-element elementor-element-51d14f3 elementor-section-full_width elementor-section-height-default elementor-section-height-default\" data-id=\"51d14f3\" data-element_type=\"section\">\n\t\t\t\t\t\t<div class=\"elementor-container elementor-column-gap-default\">\n\t\t\t\t\t<div class=\"elementor-column elementor-col-33 elementor-top-column elementor-element elementor-element-182a9d9\" data-id=\"182a9d9\" data-element_type=\"column\">\n\t\t\t<div class=\"elementor-widget-wrap elementor-element-populated\">\n\t\t\t\t\t\t\t\t<div class=\"elementor-element elementor-element-89b0f8c animated-slow elementor-invisible elementor-widget elementor-widget-image\" data-id=\"89b0f8c\" data-element_type=\"widget\" data-settings=\"{&quot;_animation&quot;:&quot;fadeIn&quot;}\" data-widget_type=\"image.default\">\n\t\t\t\t<div class=\"elementor-widget-container\">\n\t\t\t\t\t\t\t\t\t\t\t\t\t\t\t<img loading=\"lazy\" decoding=\"async\" width=\"2560\" height=\"1706\" src=\"https:\/\/gala-laudenklos.de\/wp-content\/uploads\/2024\/09\/bauarbeiter-installieren-styropor-daemmplatten-an-der-hausfassadenwand-zum-waermeschutz-2-scaled.jpg\" class=\"attachment-full size-full wp-image-1398\" alt=\"\" srcset=\"https:\/\/gala-laudenklos.de\/wp-content\/uploads\/2024\/09\/bauarbeiter-installieren-styropor-daemmplatten-an-der-hausfassadenwand-zum-waermeschutz-2-scaled.jpg 2560w, https:\/\/gala-laudenklos.de\/wp-content\/uploads\/2024\/09\/bauarbeiter-installieren-styropor-daemmplatten-an-der-hausfassadenwand-zum-waermeschutz-2-300x200.jpg 300w, https:\/\/gala-laudenklos.de\/wp-content\/uploads\/2024\/09\/bauarbeiter-installieren-styropor-daemmplatten-an-der-hausfassadenwand-zum-waermeschutz-2-1024x682.jpg 1024w, https:\/\/gala-laudenklos.de\/wp-content\/uploads\/2024\/09\/bauarbeiter-installieren-styropor-daemmplatten-an-der-hausfassadenwand-zum-waermeschutz-2-768x512.jpg 768w, https:\/\/gala-laudenklos.de\/wp-content\/uploads\/2024\/09\/bauarbeiter-installieren-styropor-daemmplatten-an-der-hausfassadenwand-zum-waermeschutz-2-1536x1024.jpg 1536w, https:\/\/gala-laudenklos.de\/wp-content\/uploads\/2024\/09\/bauarbeiter-installieren-styropor-daemmplatten-an-der-hausfassadenwand-zum-waermeschutz-2-2048x1365.jpg 2048w, https:\/\/gala-laudenklos.de\/wp-content\/uploads\/2024\/09\/bauarbeiter-installieren-styropor-daemmplatten-an-der-hausfassadenwand-zum-waermeschutz-2-650x433.jpg 650w\" sizes=\"auto, (max-width: 2560px) 100vw, 2560px\" \/>\t\t\t\t\t\t\t\t\t\t\t\t\t\t\t<\/div>\n\t\t\t\t<\/div>\n\t\t\t\t\t<\/div>\n\t\t<\/div>\n\t\t\t\t<div class=\"elementor-column elementor-col-33 elementor-top-column elementor-element elementor-element-657bbbb\" data-id=\"657bbbb\" data-element_type=\"column\">\n\t\t\t<div class=\"elementor-widget-wrap elementor-element-populated\">\n\t\t\t\t\t\t\t\t<div class=\"elementor-element elementor-element-fba9d87 animated-slow elementor-invisible elementor-widget elementor-widget-image\" data-id=\"fba9d87\" data-element_type=\"widget\" data-settings=\"{&quot;_animation&quot;:&quot;fadeIn&quot;}\" data-widget_type=\"image.default\">\n\t\t\t\t<div class=\"elementor-widget-container\">\n\t\t\t\t\t\t\t\t\t\t\t\t\t\t\t<img loading=\"lazy\" decoding=\"async\" width=\"2560\" height=\"1707\" src=\"https:\/\/gala-laudenklos.de\/wp-content\/uploads\/2024\/09\/grob-bemalte-schwarze-wandtextur-1.jpg\" class=\"attachment-full size-full wp-image-1405\" alt=\"\" srcset=\"https:\/\/gala-laudenklos.de\/wp-content\/uploads\/2024\/09\/grob-bemalte-schwarze-wandtextur-1.jpg 2560w, https:\/\/gala-laudenklos.de\/wp-content\/uploads\/2024\/09\/grob-bemalte-schwarze-wandtextur-1-300x200.jpg 300w, https:\/\/gala-laudenklos.de\/wp-content\/uploads\/2024\/09\/grob-bemalte-schwarze-wandtextur-1-1024x683.jpg 1024w, https:\/\/gala-laudenklos.de\/wp-content\/uploads\/2024\/09\/grob-bemalte-schwarze-wandtextur-1-768x512.jpg 768w, https:\/\/gala-laudenklos.de\/wp-content\/uploads\/2024\/09\/grob-bemalte-schwarze-wandtextur-1-1536x1024.jpg 1536w, https:\/\/gala-laudenklos.de\/wp-content\/uploads\/2024\/09\/grob-bemalte-schwarze-wandtextur-1-2048x1366.jpg 2048w, https:\/\/gala-laudenklos.de\/wp-content\/uploads\/2024\/09\/grob-bemalte-schwarze-wandtextur-1-650x433.jpg 650w\" sizes=\"auto, (max-width: 2560px) 100vw, 2560px\" \/>\t\t\t\t\t\t\t\t\t\t\t\t\t\t\t<\/div>\n\t\t\t\t<\/div>\n\t\t\t\t\t<\/div>\n\t\t<\/div>\n\t\t\t\t<div class=\"elementor-column elementor-col-33 elementor-top-column elementor-element elementor-element-af1d911\" data-id=\"af1d911\" data-element_type=\"column\">\n\t\t\t<div class=\"elementor-widget-wrap elementor-element-populated\">\n\t\t\t\t\t\t\t\t<div class=\"elementor-element elementor-element-18bb1df animated-slow elementor-invisible elementor-widget elementor-widget-image\" data-id=\"18bb1df\" data-element_type=\"widget\" data-settings=\"{&quot;_animation&quot;:&quot;fadeIn&quot;}\" data-widget_type=\"image.default\">\n\t\t\t\t<div class=\"elementor-widget-container\">\n\t\t\t\t\t\t\t\t\t\t\t\t\t\t\t<img loading=\"lazy\" decoding=\"async\" width=\"2560\" height=\"1707\" src=\"https:\/\/gala-laudenklos.de\/wp-content\/uploads\/2024\/09\/bauarbeiter-installieren-styropor-daemmplatten-an-der-hausfassadenwand-zum-waermeschutz-scaled.jpg\" class=\"attachment-full size-full wp-image-1399\" alt=\"\" srcset=\"https:\/\/gala-laudenklos.de\/wp-content\/uploads\/2024\/09\/bauarbeiter-installieren-styropor-daemmplatten-an-der-hausfassadenwand-zum-waermeschutz-scaled.jpg 2560w, https:\/\/gala-laudenklos.de\/wp-content\/uploads\/2024\/09\/bauarbeiter-installieren-styropor-daemmplatten-an-der-hausfassadenwand-zum-waermeschutz-300x200.jpg 300w, https:\/\/gala-laudenklos.de\/wp-content\/uploads\/2024\/09\/bauarbeiter-installieren-styropor-daemmplatten-an-der-hausfassadenwand-zum-waermeschutz-1024x683.jpg 1024w, https:\/\/gala-laudenklos.de\/wp-content\/uploads\/2024\/09\/bauarbeiter-installieren-styropor-daemmplatten-an-der-hausfassadenwand-zum-waermeschutz-768x512.jpg 768w, https:\/\/gala-laudenklos.de\/wp-content\/uploads\/2024\/09\/bauarbeiter-installieren-styropor-daemmplatten-an-der-hausfassadenwand-zum-waermeschutz-1536x1024.jpg 1536w, https:\/\/gala-laudenklos.de\/wp-content\/uploads\/2024\/09\/bauarbeiter-installieren-styropor-daemmplatten-an-der-hausfassadenwand-zum-waermeschutz-2048x1366.jpg 2048w, https:\/\/gala-laudenklos.de\/wp-content\/uploads\/2024\/09\/bauarbeiter-installieren-styropor-daemmplatten-an-der-hausfassadenwand-zum-waermeschutz-650x433.jpg 650w\" sizes=\"auto, (max-width: 2560px) 100vw, 2560px\" \/>\t\t\t\t\t\t\t\t\t\t\t\t\t\t\t<\/div>\n\t\t\t\t<\/div>\n\t\t\t\t\t<\/div>\n\t\t<\/div>\n\t\t\t\t\t\t\t<\/div>\n\t\t<\/section>\n\t\t\t\t<section class=\"elementor-section elementor-top-section elementor-element elementor-element-370a886 elementor-section-boxed elementor-section-height-default elementor-section-height-default\" data-id=\"370a886\" data-element_type=\"section\">\n\t\t\t\t\t\t<div class=\"elementor-container elementor-column-gap-default\">\n\t\t\t\t\t<div class=\"elementor-column elementor-col-100 elementor-top-column elementor-element elementor-element-780251e\" data-id=\"780251e\" data-element_type=\"column\">\n\t\t\t<div class=\"elementor-widget-wrap elementor-element-populated\">\n\t\t\t\t\t\t\t\t<div class=\"elementor-element elementor-element-f00596a elementor-align-center elementor-widget__width-initial elementor-widget elementor-widget-button\" data-id=\"f00596a\" data-element_type=\"widget\" data-widget_type=\"button.default\">\n\t\t\t\t<div class=\"elementor-widget-container\">\n\t\t\t\t\t<div class=\"elementor-button-wrapper\">\n\t\t\t<a class=\"elementor-button elementor-button-link elementor-size-sm\" href=\"https:\/\/gala-laudenklos.de\/index.php\/unsere-leistungen\/\">\n\t\t\t\t\t\t<span class=\"elementor-button-content-wrapper\">\n\t\t\t\t\t\t<span class=\"elementor-button-text\">zur\u00fcck zu allen Leistungen<\/span>\n\t\t<\/span>\n\t\t\t\t\t<\/a>\n\t\t<\/div>\n\t\t\t\t<\/div>\n\t\t\t\t<\/div>\n\t\t\t\t\t<\/div>\n\t\t<\/div>\n\t\t\t\t\t\t\t<\/div>\n\t\t<\/section>\n\t\t\t\t\t\t\t<\/div>\n\t\t","protected":false},"excerpt":{"rendered":"<p>Kellerarbeiten Kellerarbeiten f\u00fcr langfristigen Schutz Unsere Kellerarbeiten bieten umfassende L\u00f6sungen f\u00fcr die Abdichtung, Drainage und Isolierung, um Keller zuverl\u00e4ssig vor Feuchtigkeit zu [&hellip;]<\/p>\n","protected":false},"author":1,"featured_media":0,"parent":0,"menu_order":0,"comment_status":"closed","ping_status":"closed","template":"","meta":{"footnotes":""},"class_list":["post-1183","page","type-page","status-publish","hentry"],"_links":{"self":[{"href":"https:\/\/gala-laudenklos.de\/index.php\/wp-json\/wp\/v2\/pages\/1183","targetHints":{"allow":["GET"]}}],"collection":[{"href":"https:\/\/gala-laudenklos.de\/index.php\/wp-json\/wp\/v2\/pages"}],"about":[{"href":"https:\/\/gala-laudenklos.de\/index.php\/wp-json\/wp\/v2\/types\/page"}],"author":[{"embeddable":true,"href":"https:\/\/gala-laudenklos.de\/index.php\/wp-json\/wp\/v2\/users\/1"}],"replies":[{"embeddable":true,"href":"https:\/\/gala-laudenklos.de\/index.php\/wp-json\/wp\/v2\/comments?post=1183"}],"version-history":[{"count":19,"href":"https:\/\/gala-laudenklos.de\/index.php\/wp-json\/wp\/v2\/pages\/1183\/revisions"}],"predecessor-version":[{"id":1408,"href":"https:\/\/gala-laudenklos.de\/index.php\/wp-json\/wp\/v2\/pages\/1183\/revisions\/1408"}],"wp:attachment":[{"href":"https:\/\/gala-laudenklos.de\/index.php\/wp-json\/wp\/v2\/media?parent=1183"}],"curies":[{"name":"wp","href":"https:\/\/api.w.org\/{rel}","templated":true}]}}