{"id":1042,"date":"2024-08-26T10:30:34","date_gmt":"2024-08-26T08:30:34","guid":{"rendered":"https:\/\/gala-laudenklos.de\/?page_id=1042"},"modified":"2024-10-21T13:09:17","modified_gmt":"2024-10-21T11:09:17","slug":"zaunbau","status":"publish","type":"page","link":"https:\/\/gala-laudenklos.de\/index.php\/zaunbau\/","title":{"rendered":"Zaunbau"},"content":{"rendered":"\t\t<div data-elementor-type=\"wp-page\" data-elementor-id=\"1042\" class=\"elementor elementor-1042\">\n\t\t\t\t\t\t\t\t\t<div class=\"elementor-section elementor-top-section elementor-element elementor-element-ea5f900 elementor-section-full_width elementor-section-height-default elementor-section-height-default\" data-id=\"ea5f900\" data-element_type=\"section\" data-settings=\"{&quot;background_background&quot;:&quot;gradient&quot;}\">\n\t\t\t\t\t\t<div class=\"elementor-container elementor-column-gap-no\">\n\t\t\t\t\t<div class=\"elementor-column elementor-col-100 elementor-top-column elementor-element elementor-element-868cf90\" data-id=\"868cf90\" data-element_type=\"column\" data-settings=\"{&quot;background_background&quot;:&quot;classic&quot;}\">\n\t\t\t<div class=\"elementor-widget-wrap elementor-element-populated\">\n\t\t\t\t\t<div class=\"elementor-background-overlay\"><\/div>\n\t\t\t\t\t\t\t\t<div class=\"elementor-element elementor-element-8e101bf elementor-widget__width-initial elementor-widget-tablet__width-initial elementor-widget-mobile__width-inherit elementor-widget elementor-widget-heading\" data-id=\"8e101bf\" data-element_type=\"widget\" data-widget_type=\"heading.default\">\n\t\t\t\t<div class=\"elementor-widget-container\">\n\t\t\t<style>\/*! elementor - v3.15.0 - 02-08-2023 *\/\n.elementor-heading-title{padding:0;margin:0;line-height:1}.elementor-widget-heading .elementor-heading-title[class*=elementor-size-]>a{color:inherit;font-size:inherit;line-height:inherit}.elementor-widget-heading .elementor-heading-title.elementor-size-small{font-size:15px}.elementor-widget-heading .elementor-heading-title.elementor-size-medium{font-size:19px}.elementor-widget-heading .elementor-heading-title.elementor-size-large{font-size:29px}.elementor-widget-heading .elementor-heading-title.elementor-size-xl{font-size:39px}.elementor-widget-heading .elementor-heading-title.elementor-size-xxl{font-size:59px}<\/style><h1 class=\"elementor-heading-title elementor-size-default\">Zaunbau<\/h1>\t\t<\/div>\n\t\t\t\t<\/div>\n\t\t\t\t\t<\/div>\n\t\t<\/div>\n\t\t\t\t\t\t\t<\/div>\n\t\t<\/div>\n\t\t\t\t<div class=\"elementor-section elementor-top-section elementor-element elementor-element-e214a34 elementor-section-boxed elementor-section-height-default elementor-section-height-default\" data-id=\"e214a34\" data-element_type=\"section\">\n\t\t\t\t\t\t<div class=\"elementor-container elementor-column-gap-default\">\n\t\t\t\t\t<div class=\"elementor-column elementor-col-100 elementor-top-column elementor-element elementor-element-519304e\" data-id=\"519304e\" data-element_type=\"column\">\n\t\t\t<div class=\"elementor-widget-wrap elementor-element-populated\">\n\t\t\t\t\t\t\t\t<div class=\"elementor-element elementor-element-d2b9148 elementor-widget elementor-widget-image\" data-id=\"d2b9148\" data-element_type=\"widget\" data-widget_type=\"image.default\">\n\t\t\t\t<div class=\"elementor-widget-container\">\n\t\t\t<style>\/*! elementor - v3.15.0 - 02-08-2023 *\/\n.elementor-widget-image{text-align:center}.elementor-widget-image a{display:inline-block}.elementor-widget-image a img[src$=\".svg\"]{width:48px}.elementor-widget-image img{vertical-align:middle;display:inline-block}<\/style>\t\t\t\t\t\t\t\t\t\t\t\t<img loading=\"lazy\" decoding=\"async\" width=\"1440\" height=\"888\" src=\"https:\/\/gala-laudenklos.de\/wp-content\/uploads\/2024\/08\/72317B96-1D2E-4E71-AE44-0C78E74B3203-e1724661099276.jpg\" class=\"attachment-full size-full wp-image-1044\" alt=\"\" srcset=\"https:\/\/gala-laudenklos.de\/wp-content\/uploads\/2024\/08\/72317B96-1D2E-4E71-AE44-0C78E74B3203-e1724661099276.jpg 1440w, https:\/\/gala-laudenklos.de\/wp-content\/uploads\/2024\/08\/72317B96-1D2E-4E71-AE44-0C78E74B3203-e1724661099276-300x185.jpg 300w, https:\/\/gala-laudenklos.de\/wp-content\/uploads\/2024\/08\/72317B96-1D2E-4E71-AE44-0C78E74B3203-e1724661099276-1024x631.jpg 1024w, https:\/\/gala-laudenklos.de\/wp-content\/uploads\/2024\/08\/72317B96-1D2E-4E71-AE44-0C78E74B3203-e1724661099276-768x474.jpg 768w, https:\/\/gala-laudenklos.de\/wp-content\/uploads\/2024\/08\/72317B96-1D2E-4E71-AE44-0C78E74B3203-e1724661099276-650x401.jpg 650w\" sizes=\"auto, (max-width: 1440px) 100vw, 1440px\" \/>\t\t\t\t\t\t\t\t\t\t\t\t\t\t\t<\/div>\n\t\t\t\t<\/div>\n\t\t\t\t\t<\/div>\n\t\t<\/div>\n\t\t\t\t\t\t\t<\/div>\n\t\t<\/div>\n\t\t\t\t<div class=\"elementor-section elementor-top-section elementor-element elementor-element-045aedf elementor-section-boxed elementor-section-height-default elementor-section-height-default\" data-id=\"045aedf\" data-element_type=\"section\">\n\t\t\t\t\t\t<div class=\"elementor-container elementor-column-gap-default\">\n\t\t\t\t\t<div class=\"elementor-column elementor-col-100 elementor-top-column elementor-element elementor-element-e0667a4\" data-id=\"e0667a4\" data-element_type=\"column\">\n\t\t\t<div class=\"elementor-widget-wrap elementor-element-populated\">\n\t\t\t\t\t\t\t\t<div class=\"elementor-element elementor-element-a3124ad elementor-widget__width-initial elementor-widget-tablet__width-initial elementor-widget-mobile__width-inherit elementor-widget elementor-widget-heading\" data-id=\"a3124ad\" data-element_type=\"widget\" data-widget_type=\"heading.default\">\n\t\t\t\t<div class=\"elementor-widget-container\">\n\t\t\t<h2 class=\"elementor-heading-title elementor-size-default\">Zaunbau \u2013 Ihr Weg zu Perfektem Schutz und Stil<\/h2>\t\t<\/div>\n\t\t\t\t<\/div>\n\t\t\t\t<section class=\"elementor-section elementor-inner-section elementor-element elementor-element-9917241 elementor-section-boxed elementor-section-height-default elementor-section-height-default\" data-id=\"9917241\" data-element_type=\"section\">\n\t\t\t\t\t\t<div class=\"elementor-container elementor-column-gap-no\">\n\t\t\t\t\t<div class=\"elementor-column elementor-col-50 elementor-inner-column elementor-element elementor-element-09ca7ff\" data-id=\"09ca7ff\" data-element_type=\"column\">\n\t\t\t<div class=\"elementor-widget-wrap elementor-element-populated\">\n\t\t\t\t\t\t\t\t<div class=\"elementor-element elementor-element-b2b94a9 e-transform elementor-widget elementor-widget-text-editor\" data-id=\"b2b94a9\" data-element_type=\"widget\" data-settings=\"{&quot;_transform_translateX_effect&quot;:{&quot;unit&quot;:&quot;px&quot;,&quot;size&quot;:&quot;&quot;,&quot;sizes&quot;:[]},&quot;_transform_translateX_effect_tablet&quot;:{&quot;unit&quot;:&quot;px&quot;,&quot;size&quot;:&quot;&quot;,&quot;sizes&quot;:[]},&quot;_transform_translateX_effect_mobile&quot;:{&quot;unit&quot;:&quot;px&quot;,&quot;size&quot;:&quot;&quot;,&quot;sizes&quot;:[]},&quot;_transform_translateY_effect&quot;:{&quot;unit&quot;:&quot;px&quot;,&quot;size&quot;:&quot;&quot;,&quot;sizes&quot;:[]},&quot;_transform_translateY_effect_tablet&quot;:{&quot;unit&quot;:&quot;px&quot;,&quot;size&quot;:&quot;&quot;,&quot;sizes&quot;:[]},&quot;_transform_translateY_effect_mobile&quot;:{&quot;unit&quot;:&quot;px&quot;,&quot;size&quot;:&quot;&quot;,&quot;sizes&quot;:[]}}\" data-widget_type=\"text-editor.default\">\n\t\t\t\t<div class=\"elementor-widget-container\">\n\t\t\t<style>\/*! elementor - v3.15.0 - 02-08-2023 *\/\n.elementor-widget-text-editor.elementor-drop-cap-view-stacked .elementor-drop-cap{background-color:#69727d;color:#fff}.elementor-widget-text-editor.elementor-drop-cap-view-framed .elementor-drop-cap{color:#69727d;border:3px solid;background-color:transparent}.elementor-widget-text-editor:not(.elementor-drop-cap-view-default) .elementor-drop-cap{margin-top:8px}.elementor-widget-text-editor:not(.elementor-drop-cap-view-default) .elementor-drop-cap-letter{width:1em;height:1em}.elementor-widget-text-editor .elementor-drop-cap{float:left;text-align:center;line-height:1;font-size:50px}.elementor-widget-text-editor .elementor-drop-cap-letter{display:inline-block}<\/style>\t\t\t\t<div class=\"flex-shrink-0 flex flex-col relative items-end\">\n<div class=\"pt-0\">\n<div class=\"gizmo-bot-avatar flex h-8 w-8 items-center justify-center overflow-hidden rounded-full\">\n<div class=\"flex-shrink-0 flex flex-col relative items-end\">\n<div class=\"pt-0\">\n<div class=\"flex-shrink-0 flex flex-col relative items-end\">\n<div class=\"pt-0\">\n<div class=\"gizmo-bot-avatar flex h-8 w-8 items-center justify-center overflow-hidden rounded-full\">\n<div>\n<div class=\"flex-shrink-0 flex flex-col relative items-end\">\n<div>\n<div class=\"pt-0\">\n<div class=\"gizmo-bot-avatar flex h-8 w-8 items-center justify-center overflow-hidden rounded-full\">\n<div>\n<div class=\"group\/conversation-turn relative flex w-full min-w-0 flex-col agent-turn\">\n<div class=\"flex-col gap-1 md:gap-3\">\n<div class=\"flex max-w-full flex-col flex-grow\">\n<div class=\"min-h-8 text-message flex w-full flex-col items-end gap-2 whitespace-normal break-words [.text-message+&amp;]:mt-5\" dir=\"auto\" data-message-author-role=\"assistant\" data-message-id=\"cf5fc370-ea22-4f2f-8428-0f37797b4461\">\n<div class=\"flex w-full flex-col gap-1 empty:hidden first:pt-[3px]\">\n<div class=\"markdown prose w-full break-words dark:prose-invert dark\">\n<div class=\"flex-shrink-0 flex flex-col relative items-end\">\n<div>\n<div class=\"pt-0\">\n<div class=\"gizmo-bot-avatar flex h-8 w-8 items-center justify-center overflow-hidden rounded-full\"><span style=\"font-size: inherit; letter-spacing: 0px; font-style: var(--uicore-typography--p-st,'normal'); text-transform: var(--uicore-typography--p-t,'none');\">Wir bieten ma\u00dfgeschneiderte Zaunbau-L\u00f6sungen im Rhein-Neckar-Kreis, von Holz- und Metallz\u00e4unen bis hin zu robusten Sichtschutzl\u00f6sungen. <span style=\"color: #84b317;\">Unser erfahrenes Team sorgt f\u00fcr pr\u00e4zise Planung und fachgerechte Installation, um Funktionalit\u00e4t und Stil zu vereinen.<\/span> Vertrauen Sie auf unsere Expertise f\u00fcr langlebige und ansprechende Z\u00e4une, die perfekt zu Ihrem Grundst\u00fcck passen.<\/span><\/div>\n<\/div>\n<\/div>\n<\/div>\n<\/div>\n<\/div>\n<\/div>\n<\/div>\n<\/div>\n<\/div>\n<\/div>\n<\/div>\n<\/div>\n<\/div>\n<\/div>\n<\/div>\n<\/div>\n<\/div>\n<\/div>\n<\/div>\n<\/div>\n<\/div>\n<\/div>\n<\/div>\t\t\t\t\t\t<\/div>\n\t\t\t\t<\/div>\n\t\t\t\t\t<\/div>\n\t\t<\/div>\n\t\t\t\t<div class=\"elementor-column elementor-col-50 elementor-inner-column elementor-element elementor-element-31afcad\" data-id=\"31afcad\" data-element_type=\"column\">\n\t\t\t<div class=\"elementor-widget-wrap elementor-element-populated\">\n\t\t\t\t\t\t\t\t<div class=\"elementor-element elementor-element-0884bf2 elementor-widget elementor-widget-text-editor\" data-id=\"0884bf2\" data-element_type=\"widget\" data-widget_type=\"text-editor.default\">\n\t\t\t\t<div class=\"elementor-widget-container\">\n\t\t\t\t\t\t\t<p>Unser Unternehmen bietet ma\u00dfgeschneiderte L\u00f6sungen f\u00fcr den Zaunbau, die sowohl funktional als auch \u00e4sthetisch \u00fcberzeugen. Egal, ob Sie einen Zaun f\u00fcr Ihren Garten, Ihre Gewerbefl\u00e4che oder Ihre \u00f6ffentliche Gr\u00fcnanlage ben\u00f6tigen, wir haben die passende L\u00f6sung f\u00fcr Sie.<\/p>\t\t\t\t\t\t<\/div>\n\t\t\t\t<\/div>\n\t\t\t\t<div class=\"elementor-element elementor-element-468d9c1 elementor-widget elementor-widget-text-editor\" data-id=\"468d9c1\" data-element_type=\"widget\" data-widget_type=\"text-editor.default\">\n\t\t\t\t<div class=\"elementor-widget-container\">\n\t\t\t\t\t\t\t<p>Mit unserer langj\u00e4hrigen Erfahrung im Zaunbau garantieren wir Ihnen eine pr\u00e4zise Planung und Ausf\u00fchrung. Von klassischen Holz- und Stabz\u00e4unen \u00fcber moderne Metall- und Maschendrahtz\u00e4une bis hin zu robusten Sichtschutzl\u00f6sungen \u2013 wir verwenden nur hochwertige Materialien, die Ihren Anforderungen gerecht werden. Unsere Zaunbau-Dienstleistungen umfassen die gesamte Palette: von der Beratung \u00fcber die Auswahl der besten Zaunl\u00f6sung bis hin zur fachgerechten Installation.<\/p>\t\t\t\t\t\t<\/div>\n\t\t\t\t<\/div>\n\t\t\t\t<div class=\"elementor-element elementor-element-b20f0bf elementor-widget elementor-widget-text-editor\" data-id=\"b20f0bf\" data-element_type=\"widget\" data-widget_type=\"text-editor.default\">\n\t\t\t\t<div class=\"elementor-widget-container\">\n\t\t\t\t\t\t\t<p>Unser Team arbeitet eng mit Ihnen zusammen, um sicherzustellen, dass Ihr Zaun nicht nur sicher und stabil, sondern auch stilvoll und passend zu Ihrem Grundst\u00fcck gestaltet wird. Wir legen gro\u00dfen Wert auf Detailgenauigkeit und Qualit\u00e4t, damit Ihr Zaun langlebig und pflegeleicht ist.<\/p>\t\t\t\t\t\t<\/div>\n\t\t\t\t<\/div>\n\t\t\t\t\t<\/div>\n\t\t<\/div>\n\t\t\t\t\t\t\t<\/div>\n\t\t<\/section>\n\t\t\t\t\t<\/div>\n\t\t<\/div>\n\t\t\t\t\t\t\t<\/div>\n\t\t<\/div>\n\t\t\t\t<section class=\"elementor-section elementor-top-section elementor-element elementor-element-564e442 elementor-section-full_width elementor-section-height-default elementor-section-height-default\" data-id=\"564e442\" data-element_type=\"section\">\n\t\t\t\t\t\t<div class=\"elementor-container elementor-column-gap-default\">\n\t\t\t\t\t<div class=\"elementor-column elementor-col-33 elementor-top-column elementor-element elementor-element-7d6791d\" data-id=\"7d6791d\" data-element_type=\"column\">\n\t\t\t<div class=\"elementor-widget-wrap elementor-element-populated\">\n\t\t\t\t\t\t\t\t<div class=\"elementor-element elementor-element-4037b8f animated-slow elementor-invisible elementor-widget elementor-widget-image\" data-id=\"4037b8f\" data-element_type=\"widget\" data-settings=\"{&quot;_animation&quot;:&quot;fadeIn&quot;}\" data-widget_type=\"image.default\">\n\t\t\t\t<div class=\"elementor-widget-container\">\n\t\t\t\t\t\t\t\t\t\t\t\t\t\t\t<img loading=\"lazy\" decoding=\"async\" width=\"1440\" height=\"962\" src=\"https:\/\/gala-laudenklos.de\/wp-content\/uploads\/2024\/08\/1fa60fb406d844bfaa3a2748cdc2c374-e1724661145624.jpg\" class=\"attachment-full size-full wp-image-1045\" alt=\"\" srcset=\"https:\/\/gala-laudenklos.de\/wp-content\/uploads\/2024\/08\/1fa60fb406d844bfaa3a2748cdc2c374-e1724661145624.jpg 1440w, https:\/\/gala-laudenklos.de\/wp-content\/uploads\/2024\/08\/1fa60fb406d844bfaa3a2748cdc2c374-e1724661145624-300x200.jpg 300w, https:\/\/gala-laudenklos.de\/wp-content\/uploads\/2024\/08\/1fa60fb406d844bfaa3a2748cdc2c374-e1724661145624-1024x684.jpg 1024w, https:\/\/gala-laudenklos.de\/wp-content\/uploads\/2024\/08\/1fa60fb406d844bfaa3a2748cdc2c374-e1724661145624-768x513.jpg 768w, https:\/\/gala-laudenklos.de\/wp-content\/uploads\/2024\/08\/1fa60fb406d844bfaa3a2748cdc2c374-e1724661145624-650x434.jpg 650w\" sizes=\"auto, (max-width: 1440px) 100vw, 1440px\" \/>\t\t\t\t\t\t\t\t\t\t\t\t\t\t\t<\/div>\n\t\t\t\t<\/div>\n\t\t\t\t\t<\/div>\n\t\t<\/div>\n\t\t\t\t<div class=\"elementor-column elementor-col-33 elementor-top-column elementor-element elementor-element-acca1d4\" data-id=\"acca1d4\" data-element_type=\"column\">\n\t\t\t<div class=\"elementor-widget-wrap elementor-element-populated\">\n\t\t\t\t\t\t\t\t<div class=\"elementor-element elementor-element-f6b8321 animated-slow elementor-invisible elementor-widget elementor-widget-image\" data-id=\"f6b8321\" data-element_type=\"widget\" data-settings=\"{&quot;_animation&quot;:&quot;fadeIn&quot;}\" data-widget_type=\"image.default\">\n\t\t\t\t<div class=\"elementor-widget-container\">\n\t\t\t\t\t\t\t\t\t\t\t\t\t\t\t<img loading=\"lazy\" decoding=\"async\" width=\"1442\" height=\"964\" src=\"https:\/\/gala-laudenklos.de\/wp-content\/uploads\/2024\/08\/IMG_5762-scaled-e1724661177507.jpg\" class=\"attachment-full size-full wp-image-1046\" alt=\"\" srcset=\"https:\/\/gala-laudenklos.de\/wp-content\/uploads\/2024\/08\/IMG_5762-scaled-e1724661177507.jpg 1442w, https:\/\/gala-laudenklos.de\/wp-content\/uploads\/2024\/08\/IMG_5762-scaled-e1724661177507-300x201.jpg 300w, https:\/\/gala-laudenklos.de\/wp-content\/uploads\/2024\/08\/IMG_5762-scaled-e1724661177507-1024x685.jpg 1024w, https:\/\/gala-laudenklos.de\/wp-content\/uploads\/2024\/08\/IMG_5762-scaled-e1724661177507-768x513.jpg 768w, https:\/\/gala-laudenklos.de\/wp-content\/uploads\/2024\/08\/IMG_5762-scaled-e1724661177507-650x435.jpg 650w\" sizes=\"auto, (max-width: 1442px) 100vw, 1442px\" \/>\t\t\t\t\t\t\t\t\t\t\t\t\t\t\t<\/div>\n\t\t\t\t<\/div>\n\t\t\t\t\t<\/div>\n\t\t<\/div>\n\t\t\t\t<div class=\"elementor-column elementor-col-33 elementor-top-column elementor-element elementor-element-d18cfa7\" data-id=\"d18cfa7\" data-element_type=\"column\">\n\t\t\t<div class=\"elementor-widget-wrap elementor-element-populated\">\n\t\t\t\t\t\t\t\t<div class=\"elementor-element elementor-element-cd2eba0 animated-slow elementor-invisible elementor-widget elementor-widget-image\" data-id=\"cd2eba0\" data-element_type=\"widget\" data-settings=\"{&quot;_animation&quot;:&quot;fadeIn&quot;}\" data-widget_type=\"image.default\">\n\t\t\t\t<div class=\"elementor-widget-container\">\n\t\t\t\t\t\t\t\t\t\t\t\t\t\t\t<img loading=\"lazy\" decoding=\"async\" width=\"1536\" height=\"1027\" src=\"https:\/\/gala-laudenklos.de\/wp-content\/uploads\/2024\/08\/IMG_2682-e1724661213690.jpg\" class=\"attachment-full size-full wp-image-1047\" alt=\"\" srcset=\"https:\/\/gala-laudenklos.de\/wp-content\/uploads\/2024\/08\/IMG_2682-e1724661213690.jpg 1536w, https:\/\/gala-laudenklos.de\/wp-content\/uploads\/2024\/08\/IMG_2682-e1724661213690-300x201.jpg 300w, https:\/\/gala-laudenklos.de\/wp-content\/uploads\/2024\/08\/IMG_2682-e1724661213690-1024x685.jpg 1024w, https:\/\/gala-laudenklos.de\/wp-content\/uploads\/2024\/08\/IMG_2682-e1724661213690-768x514.jpg 768w, https:\/\/gala-laudenklos.de\/wp-content\/uploads\/2024\/08\/IMG_2682-e1724661213690-650x435.jpg 650w\" sizes=\"auto, (max-width: 1536px) 100vw, 1536px\" \/>\t\t\t\t\t\t\t\t\t\t\t\t\t\t\t<\/div>\n\t\t\t\t<\/div>\n\t\t\t\t\t<\/div>\n\t\t<\/div>\n\t\t\t\t\t\t\t<\/div>\n\t\t<\/section>\n\t\t\t\t<section class=\"elementor-section elementor-top-section elementor-element elementor-element-6f6429a elementor-section-boxed elementor-section-height-default elementor-section-height-default\" data-id=\"6f6429a\" data-element_type=\"section\">\n\t\t\t\t\t\t<div class=\"elementor-container elementor-column-gap-default\">\n\t\t\t\t\t<div class=\"elementor-column elementor-col-100 elementor-top-column elementor-element elementor-element-0613cff\" data-id=\"0613cff\" data-element_type=\"column\">\n\t\t\t<div class=\"elementor-widget-wrap elementor-element-populated\">\n\t\t\t\t\t\t\t\t<div class=\"elementor-element elementor-element-2ee54c6 elementor-align-center elementor-widget__width-initial elementor-widget elementor-widget-button\" data-id=\"2ee54c6\" data-element_type=\"widget\" data-widget_type=\"button.default\">\n\t\t\t\t<div class=\"elementor-widget-container\">\n\t\t\t\t\t<div class=\"elementor-button-wrapper\">\n\t\t\t<a class=\"elementor-button elementor-button-link elementor-size-sm\" href=\"https:\/\/gala-laudenklos.de\/index.php\/unsere-leistungen\/\">\n\t\t\t\t\t\t<span class=\"elementor-button-content-wrapper\">\n\t\t\t\t\t\t<span class=\"elementor-button-text\">zur\u00fcck zu allen Leistungen<\/span>\n\t\t<\/span>\n\t\t\t\t\t<\/a>\n\t\t<\/div>\n\t\t\t\t<\/div>\n\t\t\t\t<\/div>\n\t\t\t\t\t<\/div>\n\t\t<\/div>\n\t\t\t\t\t\t\t<\/div>\n\t\t<\/section>\n\t\t\t\t\t\t\t<\/div>\n\t\t","protected":false},"excerpt":{"rendered":"<p>Zaunbau Zaunbau \u2013 Ihr Weg zu Perfektem Schutz und Stil Wir bieten ma\u00dfgeschneiderte Zaunbau-L\u00f6sungen im Rhein-Neckar-Kreis, von Holz- und Metallz\u00e4unen bis hin [&hellip;]<\/p>\n","protected":false},"author":1,"featured_media":0,"parent":0,"menu_order":0,"comment_status":"closed","ping_status":"closed","template":"","meta":{"footnotes":""},"class_list":["post-1042","page","type-page","status-publish","hentry"],"_links":{"self":[{"href":"https:\/\/gala-laudenklos.de\/index.php\/wp-json\/wp\/v2\/pages\/1042","targetHints":{"allow":["GET"]}}],"collection":[{"href":"https:\/\/gala-laudenklos.de\/index.php\/wp-json\/wp\/v2\/pages"}],"about":[{"href":"https:\/\/gala-laudenklos.de\/index.php\/wp-json\/wp\/v2\/types\/page"}],"author":[{"embeddable":true,"href":"https:\/\/gala-laudenklos.de\/index.php\/wp-json\/wp\/v2\/users\/1"}],"replies":[{"embeddable":true,"href":"https:\/\/gala-laudenklos.de\/index.php\/wp-json\/wp\/v2\/comments?post=1042"}],"version-history":[{"count":13,"href":"https:\/\/gala-laudenklos.de\/index.php\/wp-json\/wp\/v2\/pages\/1042\/revisions"}],"predecessor-version":[{"id":1510,"href":"https:\/\/gala-laudenklos.de\/index.php\/wp-json\/wp\/v2\/pages\/1042\/revisions\/1510"}],"wp:attachment":[{"href":"https:\/\/gala-laudenklos.de\/index.php\/wp-json\/wp\/v2\/media?parent=1042"}],"curies":[{"name":"wp","href":"https:\/\/api.w.org\/{rel}","templated":true}]}}